{"id":26480,"date":"2019-02-13T14:45:44","date_gmt":"2019-02-13T12:45:44","guid":{"rendered":"http:\/\/bainnordiques.fr\/?page_id=26480"},"modified":"2019-02-13T14:45:44","modified_gmt":"2019-02-13T12:45:44","slug":"instagram","status":"publish","type":"page","link":"https:\/\/www.bainnordiques.fr\/be\/instagram\/","title":{"rendered":"Instagram"},"content":{"rendered":"<h1 style=\"text-align: center;\">Derni\u00e8res photos de nos clients \u00e0 travers l&rsquo;Europe!<\/h1>\n[instagram-feed]\n","protected":false},"excerpt":{"rendered":"<p>Derni\u00e8res photos de nos clients \u00e0 travers l&rsquo;Europe! [instagram-feed]<\/p>\n","protected":false},"author":1,"featured_media":0,"parent":0,"menu_order":0,"comment_status":"closed","ping_status":"open","template":"","meta":{"_uag_custom_page_level_css":"","footnotes":""},"class_list":["post-26480","page","type-page","status-publish","hentry"],"wppr_data":[],"uagb_featured_image_src":{"full":false,"thumbnail":false,"medium":false,"medium_large":false,"large":false},"uagb_author_info":{"display_name":"C\u00e9line BERNARD FR [V\u00c9RIFI\u00c9]","author_link":"https:\/\/www.bainnordiques.fr\/be\/author\/admin\/"},"uagb_comment_info":0,"uagb_excerpt":"Derni\u00e8res photos de nos clients \u00e0 travers l&rsquo;Europe! [instagram-feed]","_links":{"self":[{"href":"https:\/\/www.bainnordiques.fr\/be\/wp-json\/wp\/v2\/pages\/26480","targetHints":{"allow":["GET"]}}],"collection":[{"href":"https:\/\/www.bainnordiques.fr\/be\/wp-json\/wp\/v2\/pages"}],"about":[{"href":"https:\/\/www.bainnordiques.fr\/be\/wp-json\/wp\/v2\/types\/page"}],"author":[{"embeddable":true,"href":"https:\/\/www.bainnordiques.fr\/be\/wp-json\/wp\/v2\/users\/1"}],"replies":[{"embeddable":true,"href":"https:\/\/www.bainnordiques.fr\/be\/wp-json\/wp\/v2\/comments?post=26480"}],"version-history":[{"count":0,"href":"https:\/\/www.bainnordiques.fr\/be\/wp-json\/wp\/v2\/pages\/26480\/revisions"}],"wp:attachment":[{"href":"https:\/\/www.bainnordiques.fr\/be\/wp-json\/wp\/v2\/media?parent=26480"}],"curies":[{"name":"wp","href":"https:\/\/api.w.org\/{rel}","templated":true}]}}