{"id":29557,"date":"2020-01-07T08:08:39","date_gmt":"2020-01-07T06:08:39","guid":{"rendered":"https:\/\/bainnordiques.fr\/?page_id=29557"},"modified":"2024-08-12T07:36:43","modified_gmt":"2024-08-12T05:36:43","slug":"medias-de-presse","status":"publish","type":"page","link":"https:\/\/www.bainnordiques.fr\/be\/medias-de-presse\/","title":{"rendered":"Communiqu\u00e9s de presse"},"content":{"rendered":"<hr class=\"wp-block-separator\"\/>\n<div class=\"wp-block-media-text alignwide is-stacked-on-mobile is-image-fill\" style=\"grid-template-columns:32% auto\">\n<figure class=\"wp-block-media-text__media\" style=\"background-image:url(https:\/\/www.woodenhottubsale.co.uk\/wp-content\/uploads\/2016\/03\/Ruta-Albertas-TimberIN_cropped-300x238-1.jpg);background-position:50% 50%\"><img decoding=\"async\" src=\"https:\/\/www.woodenhottubsale.co.uk\/wp-content\/uploads\/2016\/03\/Ruta-Albertas-TimberIN_cropped-300x238-1.jpg\" alt=\"Ruta Albertas TimberIN Cropped 300x238\" class=\"wp-image-99313\" title=\"\"><\/figure>\n<div class=\"wp-block-media-text__content\">\n<p class=\"has-normal-font-size\">TimberIN se fait un plaisir d&rsquo;aider tout ceux qui souhaiteraient emprunter nos produits ou \u00e9crire \u00e0 leur sujet. Nous vous proposons aussi de partager des renseignements sur les <a href=\"https:\/\/www.bainnordiques.fr\/be\/\" target=\"_blank\" rel=\"noopener\">bains nordiques<\/a> de mani\u00e8re plus g\u00e9n\u00e9rale. Nous avons d\u00e9j\u00e0 collabor\u00e9 avec des \u00e9missions t\u00e9l\u00e9vis\u00e9es, des campagnes publicitaires, des magazines et d&rsquo;autres petits et grands m\u00e9dias.<\/p>\n<\/div>\n<\/div>\n<hr class=\"wp-block-separator\"\/>\n<h2 class=\"wp-block-heading\">Derni\u00e8res nouvelles<\/h2>\n<h3 class=\"wp-block-heading\">\u00ab\u00a0Pellet-burning, the app-controlled hot tub is said to be cleaner and cheaper\u00a0\u00bb<\/h3>\n<ul class=\"wp-block-list\">\n<li><strong>M\u00e9dias am\u00e9ricains<\/strong> &#8211;  <a href=\"https:\/\/newatlas.com\/around-the-home\/pellet-burning-app-controlled-hot-tub\/\" target=\"_blank\" rel=\"noopener\">https:\/\/newatlas.com\/around-the-home\/pellet-burning-app-controlled-hot-tub\/<\/a><\/li>\n<li><strong>M\u00e9dias universitaires<\/strong> &#8211;  <a href=\"https:\/\/en.ktu.edu\/news\/smart-hot-tub-created-by-lithuanians-more-comfort-for-less-money\/\" target=\"_blank\" rel=\"noopener\">https:\/\/en.ktu.edu\/news\/smart-hot-tub-created-by-lithuanians-more-comfort-for-less-money\/<\/a> <\/li>\n<li><strong>Le plus grand portail d&rsquo;actualit\u00e9s des pays baltes &#8211;  <\/strong><a href=\"https:\/\/en.delfi.lt\/lifestyle\/smart-hot-tub-created-by-lithuanians.d?id=83095787\" target=\"_blank\" rel=\"noopener\">https:\/\/en.delfi.lt\/lifestyle\/smart-hot-tub-created-by-lithuanians.d?id=83095787<\/a> <\/li>\n<\/ul>\n<hr class=\"wp-block-separator\"\/>","protected":false},"excerpt":{"rendered":"<p>TimberIN se fait un plaisir d&rsquo;aider tout ceux qui souhaiteraient emprunter nos produits ou \u00e9crire \u00e0 leur sujet. Nous vous proposons aussi de partager des renseignements sur les bains nordiques de mani\u00e8re plus g\u00e9n\u00e9rale. Nous avons d\u00e9j\u00e0 collabor\u00e9 avec des \u00e9missions t\u00e9l\u00e9vis\u00e9es, des campagnes publicitaires, des magazines et d&rsquo;autres petits et grands m\u00e9dias. Derni\u00e8res nouvelles [&hellip;]<\/p>\n","protected":false},"author":1,"featured_media":0,"parent":0,"menu_order":0,"comment_status":"closed","ping_status":"closed","template":"","meta":{"_uag_custom_page_level_css":"","footnotes":""},"class_list":["post-29557","page","type-page","status-publish","hentry"],"wppr_data":{"cwp_meta_box_check":"No"},"uagb_featured_image_src":{"full":false,"thumbnail":false,"medium":false,"medium_large":false,"large":false},"uagb_author_info":{"display_name":"C\u00e9line BERNARD FR [V\u00c9RIFI\u00c9]","author_link":"https:\/\/www.bainnordiques.fr\/be\/author\/admin\/"},"uagb_comment_info":0,"uagb_excerpt":"TimberIN se fait un plaisir d&rsquo;aider tout ceux qui souhaiteraient emprunter nos produits ou \u00e9crire \u00e0 leur sujet. Nous vous proposons aussi de partager des renseignements sur les bains nordiques de mani\u00e8re plus g\u00e9n\u00e9rale. Nous avons d\u00e9j\u00e0 collabor\u00e9 avec des \u00e9missions t\u00e9l\u00e9vis\u00e9es, des campagnes publicitaires, des magazines et d&rsquo;autres petits et grands m\u00e9dias. Derni\u00e8res nouvelles&hellip;","_links":{"self":[{"href":"https:\/\/www.bainnordiques.fr\/be\/wp-json\/wp\/v2\/pages\/29557","targetHints":{"allow":["GET"]}}],"collection":[{"href":"https:\/\/www.bainnordiques.fr\/be\/wp-json\/wp\/v2\/pages"}],"about":[{"href":"https:\/\/www.bainnordiques.fr\/be\/wp-json\/wp\/v2\/types\/page"}],"author":[{"embeddable":true,"href":"https:\/\/www.bainnordiques.fr\/be\/wp-json\/wp\/v2\/users\/1"}],"replies":[{"embeddable":true,"href":"https:\/\/www.bainnordiques.fr\/be\/wp-json\/wp\/v2\/comments?post=29557"}],"version-history":[{"count":0,"href":"https:\/\/www.bainnordiques.fr\/be\/wp-json\/wp\/v2\/pages\/29557\/revisions"}],"wp:attachment":[{"href":"https:\/\/www.bainnordiques.fr\/be\/wp-json\/wp\/v2\/media?parent=29557"}],"curies":[{"name":"wp","href":"https:\/\/api.w.org\/{rel}","templated":true}]}}