{"id":3148,"date":"2014-08-01T12:15:35","date_gmt":"2014-08-01T12:15:35","guid":{"rendered":"http:\/\/bainnordiques.fr\/?page_id=3148"},"modified":"2019-11-20T16:02:18","modified_gmt":"2019-11-20T14:02:18","slug":"processus-dachat","status":"publish","type":"page","link":"https:\/\/www.bainnordiques.fr\/be\/processus-dachat\/","title":{"rendered":"Processus d&rsquo;achat"},"content":{"rendered":"<h1 style=\"text-align: left;\"><span style=\"color: #000000;\"><span style=\"font-family: Georgia, Arial; font-size: 110%;\">Cher(e)s client(e)s,<\/span><\/span><\/h1>\n<p>Notre site vous permet de personnaliser votre propre mod\u00e8le, une fois votre mod\u00e8le personnalis\u00e9 choisi, vous pouvez nous envoyer votre simulation via notre syst\u00e8me. Veuillez noter que ceci ne constitue pas une commande et qu\u2019il ne vous sera pas demand\u00e9 de payer pour la simulation que nous recevrons. Ce syst\u00e8me a \u00e9t\u00e9 cr\u00e9\u00e9 afin de rendre la communication plus facile. D\u00e8s que nous recevrons votre simulation avec vos commentaires (le cas \u00e9ch\u00e9ant, ce qui doit \u00eatre modifi\u00e9 ou ajout\u00e9), nous vous enverrons une offre de prix avec un bon de commande dans les 24 \u00e0 48 heures.<\/p>\n<h2 style=\"text-align: left;\"><span style=\"color: #000000;\"><span style=\"font-family: Georgia, Arial; font-size: 110%;\">A propos de la\u00a0T.V.A:<\/span><\/span><\/h2>\n<p>&nbsp;<\/p>\n<p>Les prix affich\u00e9s sur le site incluent la taxe sur la valeur ajout\u00e9e (21%) :<\/p>\n<ol>\n<li><strong> Question : Je\u00a0r\u00e9side dans un\u00a0pays\u00a0hors Union Europ\u00e9enne (exemple: La\u00a0Norv\u00e8ge\u00a0ou\u00a0la\u00a0Suisse), dois-je\u00a0payer la T.V.A\u00a0deux fois ?<\/strong><\/li>\n<\/ol>\n<p>R\u00e9ponse :\u00a0Non,\u00a0vous\u00a0ne\u00a0paierez\u00a0pas\u00a0de\u00a0double TVA.\u00a0 Nous\u00a0d\u00e9duirons\u00a0la TVA de\u00a021\u00a0% sur les prix affich\u00e9s.<\/p>\n<ol start=\"2\">\n<li><strong> Question :\u00a0Je\u00a0r\u00e9side dans un pays\u00a0membre de\u00a0l\u2019Union Europ\u00e9enne (exemple: Angleterre,\u00a0Allemagne,\u00a0France,\u00a0etc\u2026), dois-je\u00a0payer\u00a0deux fois la T.V.A\u00a0?<\/strong><\/li>\n<\/ol>\n<p>R\u00e9ponse : Non,\u00a0les\u00a0prix\u00a0affich\u00e9 sur\u00a0notre\u00a0site Web\u00a0inclue\u00a0d\u00e9j\u00e0 la\u00a0T.V.A. On ne vous demandera pas de payer de T.V.A suppl\u00e9mentaire dans votre pays car cela ne serait pas conforme aux r\u00e8gles commerciales des \u00e9tats membres.<\/p>\n<ol start=\"3\">\n<li><strong> Question : Je dispose d\u2019un code\u00a0de\u00a0T.V.A\u00a0valide.\u00a0Puis-je\u00a0obtenir\u00a0une\u00a0facture\u00a0exempte\u00a0de T.V.A\u00a0?<\/strong><\/li>\n<\/ol>\n<p>R\u00e9ponse: Oui,\u00a0nous vous\u00a0fournirons une\u00a0facture\u00a0avec\u00a00\u00a0%\u00a0de T.V.A.<\/p>\n<p>Vous pouvez v\u00e9rifier\u00a0la\u00a0validit\u00e9\u00a0de\u00a0votre\u00a0code\u00a0de\u00a0T.V.A\u00a0\u00e0 cette adresse\u00a0: <a href=\"http:\/\/ec.europa.eu\/taxation_customs\/vies\/?locale=fr\" target=\"_blank\" rel=\"noopener\">http:\/\/ec.europa.eu\/taxation_customs\/vies\/?locale=fr<\/a><\/p>\n<p>&nbsp;<\/p>\n<h2 style=\"text-align: left;\"><span style=\"color: #000000;\"><span style=\"font-family: Georgia, Arial; font-size: 110%;\">M\u00e9thodes de paiement :<\/span><\/span><\/h2>\n<p><img decoding=\"async\" class=\"alignright wp-image-6924\" src=\"https:\/\/www.bainnordiques.fr\/wp-content\/uploads\/2014\/08\/payment-methods.jpg\" alt=\"payment methods\" width=\"333\" height=\"288\" title=\"\" srcset=\"https:\/\/www.bainnordiques.fr\/wp-content\/uploads\/2014\/08\/payment-methods.jpg 362w, https:\/\/www.bainnordiques.fr\/wp-content\/uploads\/2014\/08\/payment-methods-300x259.jpg 300w\" sizes=\"(max-width: 333px) 100vw, 333px\" \/><\/p>\n<p><strong>Nous acceptons:<\/strong><\/p>\n<ul>\n<li style=\"list-style-type: none;\">\n<ul>\n<li>Paiement par virement bancaire;<\/li>\n<li>Paiement CB \/ Paypal \u00a0(comptez 1,5% de frais suppl\u00e9mentaire sur le montant totale de la commande)\u00a0;<\/li>\n<li>Merci de nous indiquer le mode de paiement avant de passer commande.<\/li>\n<\/ul>\n<\/li>\n<\/ul>\n<p>&nbsp;<\/p>\n<h2 style=\"text-align: left;\"><span style=\"color: #000000;\"><span style=\"font-family: Georgia, Arial; font-size: 110%;\">Si vous avez d\u00e9j\u00e0 choisi votre mod\u00e8le<\/span><\/span><\/h2>\n<p>&nbsp;<\/p>\n<ol>\n<li><strong>Une fois votre mod\u00e8le choisi, vous pouvez l\u2019ajouter \u00e0 votre panier en cliquant sur le bouton vert en bas de page.<\/strong><\/li>\n<li><strong>Vous trouverez ensuite votre s\u00e9lection dans le panier situ\u00e9 en haut \u00e0 droite du site.<\/strong><\/li>\n<li><strong>Par la suite, suivez les instructions \u00e9tape par \u00e9tape et remplissez les champs de formulaire obligatoires.<\/strong><\/li>\n<li><strong>Veuillez noter que vous ne serez pas invit\u00e9 \u00e0 remplir vos donn\u00e9es personnelles. Nous avons seulement besoin d\u2019une adresse de livraison pour calculer le prix exact du transport.<\/strong><\/li>\n<\/ol>\n<p><strong>Processus d\u2019achat:<\/strong><\/p>\n<ul>\n<li>Discussion concernant les demandes particuli\u00e8res (nous vous contacterons g\u00e9n\u00e9ralement dans les 24 heures);<\/li>\n<li>Le contrat entre le client et l\u2019entreprise est valid\u00e9;<\/li>\n<li>Nous vous envoyons la facture dans les 24 heures;<\/li>\n<li>Toutes les informations n\u00e9cessaires pour effectuer le r\u00e8glement vous seront fournies avec la facture.<\/li>\n<\/ul>","protected":false},"excerpt":{"rendered":"<p>Cher(e)s client(e)s, Notre site vous permet de personnaliser votre propre mod\u00e8le, une fois votre mod\u00e8le personnalis\u00e9 choisi, vous pouvez nous envoyer votre simulation via notre syst\u00e8me. Veuillez noter que ceci ne constitue pas une commande et qu\u2019il ne vous sera pas demand\u00e9 de payer pour la simulation que nous recevrons. Ce syst\u00e8me a \u00e9t\u00e9 cr\u00e9\u00e9 [&hellip;]<\/p>\n","protected":false},"author":1,"featured_media":0,"parent":0,"menu_order":0,"comment_status":"closed","ping_status":"open","template":"","meta":{"_uag_custom_page_level_css":"","footnotes":""},"class_list":["post-3148","page","type-page","status-publish","hentry"],"wppr_data":{"cwp_meta_box_check":"No"},"uagb_featured_image_src":{"full":false,"thumbnail":false,"medium":false,"medium_large":false,"large":false},"uagb_author_info":{"display_name":"C\u00e9line BERNARD FR [V\u00c9RIFI\u00c9]","author_link":"https:\/\/www.bainnordiques.fr\/be\/author\/admin\/"},"uagb_comment_info":0,"uagb_excerpt":"Cher(e)s client(e)s, Notre site vous permet de personnaliser votre propre mod\u00e8le, une fois votre mod\u00e8le personnalis\u00e9 choisi, vous pouvez nous envoyer votre simulation via notre syst\u00e8me. Veuillez noter que ceci ne constitue pas une commande et qu\u2019il ne vous sera pas demand\u00e9 de payer pour la simulation que nous recevrons. Ce syst\u00e8me a \u00e9t\u00e9 cr\u00e9\u00e9&hellip;","_links":{"self":[{"href":"https:\/\/www.bainnordiques.fr\/be\/wp-json\/wp\/v2\/pages\/3148","targetHints":{"allow":["GET"]}}],"collection":[{"href":"https:\/\/www.bainnordiques.fr\/be\/wp-json\/wp\/v2\/pages"}],"about":[{"href":"https:\/\/www.bainnordiques.fr\/be\/wp-json\/wp\/v2\/types\/page"}],"author":[{"embeddable":true,"href":"https:\/\/www.bainnordiques.fr\/be\/wp-json\/wp\/v2\/users\/1"}],"replies":[{"embeddable":true,"href":"https:\/\/www.bainnordiques.fr\/be\/wp-json\/wp\/v2\/comments?post=3148"}],"version-history":[{"count":0,"href":"https:\/\/www.bainnordiques.fr\/be\/wp-json\/wp\/v2\/pages\/3148\/revisions"}],"wp:attachment":[{"href":"https:\/\/www.bainnordiques.fr\/be\/wp-json\/wp\/v2\/media?parent=3148"}],"curies":[{"name":"wp","href":"https:\/\/api.w.org\/{rel}","templated":true}]}}