{"id":39860,"date":"2023-09-06T15:00:00","date_gmt":"2023-09-06T13:00:00","guid":{"rendered":"https:\/\/www.bainnordiques.fr\/?page_id=39860"},"modified":"2024-08-12T07:38:20","modified_gmt":"2024-08-12T05:38:20","slug":"politique-de-confidentialite-de-timberin","status":"publish","type":"page","link":"https:\/\/www.bainnordiques.fr\/be\/politique-de-confidentialite-de-timberin\/","title":{"rendered":"POLITIQUE DE CONFIDENTIALIT\u00c9 DE TIMBERIN"},"content":{"rendered":"<p>Cette politique de confidentialit\u00e9 (\u00ab&nbsp;Politique de confidentialit\u00e9&nbsp;\u00bb) s\u2019applique \u00e0 toute collecte et traitement de donn\u00e9es personnelles effectu\u00e9 :<\/p>\n<p>(i) lorsque vous interagissez avec le site web&nbsp;<a href=\"https:\/\/www.bainnordiques.fr\/be\/\" target=\"_blank\" rel=\"noreferrer noopener\">www.bainnordiques.fr<\/a>&nbsp;\/&nbsp;<a href=\"http:\/\/www.timberin.fr\/\" target=\"_blank\" rel=\"noreferrer noopener\">www.timberin.fr<\/a>&nbsp;le \u00ab&nbsp;Site&nbsp;\u00bb) exploit\u00e9 par MB Timberin, bas\u00e9e \u00e0 Barsausko str. 59, Kaunas, Lithuania<\/p>\n<p>(ii) lorsque vous achetez un produit ou demandez d\u2019autres services de MB Timberin, que ce soit en ligne sur notre Site ou par courriel, y compris lorsque vous contactez notre service \u00e0 la client\u00e8le pour des services apr\u00e8s-vente ou des questions ou demandes sp\u00e9cifiques ;<\/p>\n<p>(iii) lorsque nous partageons les photos de votre produit achet\u00e9 sur notre Site.<\/p>\n<p>En acc\u00e9dant et en utilisant ce Site ou en nous fournissant vos donn\u00e9es personnelles, lorsque vous contactez notre service client\u00e8le, vous confirmez que vous avez lu et que vous comprenez la fa\u00e7on dont nous recueillons, traitons, utilisons et divulguons vos donn\u00e9es personnelles comme d\u00e9crit dans cette Politique de confidentialit\u00e9.<\/p>\n<p>Nous recueillons et traitons vos donn\u00e9es personnelles conform\u00e9ment \u00e0 toutes les lois et r\u00e9glementations applicables en mati\u00e8re de protection des donn\u00e9es, y compris, sans limitation, les lois promulgu\u00e9es par l\u2019Union europ\u00e9enne, telles que le R\u00e8glement (UE) 2016\/679 du Parlement europ\u00e9en et du Conseil du 27 avril 2016 relatif \u00e0 la protection des personnes physiques \u00e0 l\u2019\u00e9gard du traitement des donn\u00e9es \u00e0 caract\u00e8re personnel concernant la libre circulation de ces donn\u00e9es, et abrogeant la Directive 95\/46\/CE (R\u00e8glement g\u00e9n\u00e9ral sur la protection des donn\u00e9es), ainsi que les ordonnances et lignes directrices \u00e9mises par les autorit\u00e9s comp\u00e9tentes en mati\u00e8re de protection des donn\u00e9es, le cas \u00e9ch\u00e9ant.<\/p>\n<h3 class=\"wp-block-heading\">QUELLES SONT LES DONN\u00c9ES PERSONNELLES TRAIT\u00c9ES ?<\/h3>\n<p>Certaines informations sont recueillies sur ce Site au moyen de cookies et d\u2019autres technologies de suivi, comme d\u00e9crit dans notre Politique sur les cookies disponible sur&nbsp;<a href=\"https:\/\/www.woodenhottubsale.co.uk\/cookie-policy\/\" target=\"_blank\" rel=\"noreferrer noopener\">POLITIQUE COOKIE<\/a>. En fermant activement la banni\u00e8re de cookies du site et en d\u00e9finissant vos pr\u00e9f\u00e9rences en mati\u00e8re de cookies par le biais de notre outil et de votre navigateur, vous acceptez notre utilisation de cookies et de technologies similaires. Si vous n\u2019acceptez pas notre utilisation de cookies de cette mani\u00e8re, vous devez d\u00e9finir vos pr\u00e9f\u00e9rences en cons\u00e9quence. Vous pourrez toujours retirer votre consentement et modifier vos pr\u00e9f\u00e9rences en tout temps. Si vous d\u00e9sactivez les cookies que nous utilisons, cela peut avoir un impact sur votre exp\u00e9rience utilisateur pendant que vous \u00eates sur ce Site. Veuillez consulter notre&nbsp;<a href=\"https:\/\/www.woodenhottubsale.co.uk\/cookie-policy\/\" target=\"_blank\" rel=\"noreferrer noopener\">POLITIQUE COOKIE<\/a>&nbsp;pour plus de d\u00e9tails.<\/p>\n<p>Les informations que vous nous fournissez volontairement :<\/p>\n<p>Nous collectons et traitons :<\/p>\n<ul class=\"wp-block-list\">\n<li>Les donn\u00e9es personnelles que vous fournissez lorsque vous interagissez avec les fonctionnalit\u00e9s du Site, par exemple, lorsque vous envoyez un message instantan\u00e9 directement par l\u2019interm\u00e9diaire du Site. Ces donn\u00e9es personnelles peuvent inclure :<\/li>\n<\/ul>\n<p>\u2013&nbsp;&nbsp;&nbsp;&nbsp;&nbsp;&nbsp;votre nom, votre adresse \u00e9lectronique, votre num\u00e9ro de t\u00e9l\u00e9phone et toute autre information que vous divulguez dans le contenu de vos courriels.<\/p>\n<ul class=\"wp-block-list\">\n<li>Les donn\u00e9es personnelles que vous fournissez&nbsp;lorsque vous achetez des marchandises chez nous. Ces donn\u00e9es personnelles peuvent inclure :<\/li>\n<\/ul>\n<p>\u2013&nbsp;&nbsp;&nbsp;&nbsp;&nbsp;&nbsp;votre nom, votre adresse \u00e9lectronique, votre num\u00e9ro de t\u00e9l\u00e9phone, votre adresse de domicile ;<\/p>\n<p>\u2013&nbsp;&nbsp;&nbsp;&nbsp;&nbsp;&nbsp;l\u2019historique des produits que vous achetez ;<\/p>\n<p>\u2013&nbsp;&nbsp;&nbsp;&nbsp;&nbsp;&nbsp;les d\u00e9tails concernant votre transaction.<\/p>\n<ul class=\"wp-block-list\">\n<li>Les donn\u00e9es personnelles que vous fournissez&nbsp;lorsque vous interagissez avec notre service \u00e0 la client\u00e8le, par exemple, lorsque vous nous envoyez une question sur un produit, nous envoyez une r\u00e9troaction concernant un produit achet\u00e9, communiquez avec notre service \u00e0 la client\u00e8le par t\u00e9l\u00e9phone pour obtenir de l\u2019aide ou demandez une assistance ou un service sp\u00e9cifique \u00e0 notre service \u00e0 la client\u00e8le. Ces donn\u00e9es personnelles peuvent inclure :<\/li>\n<\/ul>\n<p>\u2013&nbsp;&nbsp;&nbsp;&nbsp;&nbsp;&nbsp;votre nom, votre adresse \u00e9lectronique, votre num\u00e9ro de t\u00e9l\u00e9phone, votre adresse de domicile ;<\/p>\n<p>\u2013&nbsp;&nbsp;&nbsp;&nbsp;&nbsp;&nbsp;l\u2019historique des produits que vous achetez ;<\/p>\n<p>\u2013&nbsp;&nbsp;&nbsp;&nbsp;&nbsp;&nbsp;des renseignements sur les raisons pour lesquelles vous avez communiqu\u00e9 avec le service \u00e0 la client\u00e8le ;<\/p>\n<p>\u2013&nbsp;&nbsp;&nbsp;&nbsp;&nbsp;&nbsp;le contenu de vos communications relatives \u00e0 votre interaction avec le service \u00e0 la client\u00e8le ;<\/p>\n<p>\u2013&nbsp; &nbsp; &nbsp; vos photos personnelles montrant le produit achet\u00e9. Ces photos peuvent inclure d\u2019autres personnes \u00e9galement.<\/p>\n<p>Lorsque vous nous avez fourni des&nbsp;donn\u00e9es personnelles concernant une autre personne&nbsp;(par exemple, en ajoutant l\u2019adresse \u00e9lectronique d\u2019une autre personne en communication avec notre service client\u00e8le ou en envoyant une photo de notre produit lorsque d\u2019autres personnes sont visibles) dans la mesure permise par les lois applicables, vous confirmez par la pr\u00e9sente que vous avez le droit de nous communiquer ces donn\u00e9es personnelles et que vous avez inform\u00e9 ladite personne du traitement de ses donn\u00e9es personnelles aux fins \u00e9nonc\u00e9es dans la pr\u00e9sente politique de confidentialit\u00e9 et, le cas \u00e9ch\u00e9ant, que vous avez obtenu son consentement \u00e0 ce traitement de ces donn\u00e9es personnelles aux fins \u00e9nonc\u00e9es dans la pr\u00e9sente Politique de confidentialit\u00e9.<\/p>\n<h3 class=\"wp-block-heading\">\u00c0 QUELLES FINS MES DONN\u00c9ES PERSONNELLES SONT-ELLES TRAIT\u00c9ES ?<\/h3>\n<p><em>MB Timberin<\/em>, en tant que responsable du traitement, traite vos donn\u00e9es personnelles aux fins suivantes :<\/p>\n<ul class=\"wp-block-list\">\n<li>Pour g\u00e9rer vos achats de biens :<\/li>\n<\/ul>\n<p>\u2013&nbsp;&nbsp;&nbsp;&nbsp;&nbsp;&nbsp;cela comprend toutes les activit\u00e9s li\u00e9es \u00e0 l\u2019achat de biens, comme par exemple la livraison de biens, la facturation, le retour et l\u2019\u00e9change de biens, la r\u00e9ception de remboursements, le cas \u00e9ch\u00e9ant, les activit\u00e9s li\u00e9es au paiement ;<\/p>\n<ul class=\"wp-block-list\">\n<li>Pour vous fournir notre service \u00e0 la client\u00e8le, y compris&nbsp;:<\/li>\n<\/ul>\n<p>\u2013&nbsp;&nbsp;&nbsp;&nbsp;&nbsp;&nbsp;&nbsp;pour vous fournir un service apr\u00e8s-vente ;<\/p>\n<p>\u2013&nbsp;&nbsp;&nbsp;&nbsp;&nbsp;&nbsp;&nbsp;pour r\u00e9pondre \u00e0 votre (vos) demande(s) d\u2019information, question(s), communication(s) ou r\u00e9troaction ;<\/p>\n<p>\u2013&nbsp;&nbsp;&nbsp;&nbsp;&nbsp;&nbsp;pour nous conformer \u00e0 nos obligations en vertu des lois, des r\u00e8glements et de la l\u00e9gislation communautaire applicables, et d\u2019\u00e9valuer et de d\u00e9fendre un droit l\u00e9gal.<\/p>\n<ul class=\"wp-block-list\">\n<li>Faire de la publicit\u00e9 pour les produits en utilisant les commentaires envoy\u00e9s pr\u00e9c\u00e9demment, y compris :<\/li>\n<\/ul>\n<p>\u2013 des images et des textes \u00e0 publier publiquement sur les sites web TimberIN et les r\u00e9seaux sociaux.<\/p>\n<p>\u2013 votre nom (\u00e0 l\u2019exclusion du nom de famille), ville et pays.<\/p>\n<ul class=\"wp-block-list\">\n<li>Aider les futurs clients \u00e0 voir les produits TimberIN dans une r\u00e9gion donn\u00e9e, par :<\/li>\n<\/ul>\n<p>\u2013 partager les courriels et les num\u00e9ros de t\u00e9l\u00e9phone des clients pr\u00e9c\u00e9dents qui ont laiss\u00e9 leurs commentaires et leurs photos sur les sites web de TimberIN avec des clients potentiels.<\/p>\n<p><em>** Veuillez noter que si le client ne souhaite pas \u00eatre contact\u00e9 par des clients potentiels de TimberIN, il faut en informer le client par e-mail \u00e0&nbsp;<a href=\"mailto:albertas@timberin.com\">albertas@timberin.com<\/a>. Nous prendrons des mesures imm\u00e9diates et supprimerons les contacts de la liste de partage et, si n\u00e9cessaire, du champ de r\u00e9troaction sur les sites web TimberIN.<\/em>&nbsp;<\/p>\n<h3 class=\"wp-block-heading\">QUELLES SONT LES BASES L\u00c9GALES POUR LE TRAITEMENT DE MES DONN\u00c9ES PERSONNELLES TELLES QUE D\u00c9CRITES ICI ?<\/h3>\n<p>Nous recueillerons et traiterons vos donn\u00e9es personnelles aux fins d\u00e9crites dans la section \u00ab&nbsp;A quelles fins mes donn\u00e9es personnelles sont-elles trait\u00e9es&nbsp;\u00bb sur l\u2019une des bases l\u00e9gales suivantes :<\/p>\n<ul class=\"wp-block-list\">\n<li>Le traitement de vos donn\u00e9es personnelles est n\u00e9cessaire \u00e0 l\u2019ex\u00e9cution d\u2019un contrat avec vous ou afin de prendre des mesures pr\u00e9alables \u00e0 la conclusion d\u2019un contrat avec vous \u00e0 votre demande (article 6, 1., (b) du RGPD, \u00e0 compter du 25 mai 2018) ;<\/li>\n<li>Le traitement est n\u00e9cessaire aux fins de nos int\u00e9r\u00eats l\u00e9gitimes ou des int\u00e9r\u00eats l\u00e9gitimes de nos soci\u00e9t\u00e9s affili\u00e9es ou d\u2019autres tiers, et ces int\u00e9r\u00eats ne sont pas l\u00e9s\u00e9s par vos int\u00e9r\u00eats ou droits et libert\u00e9s fondamentaux (article 6, 1., (f) du RGPD, \u00e0 compter du 25 mai 2018) ; Les int\u00e9r\u00eats l\u00e9gitimes que nous poursuivons comprennent notamment notre int\u00e9r\u00eat \u00e0 g\u00e9rer et \u00e0 maintenir la relation contractuelle avec vous, \u00e0 r\u00e9pondre \u00e0 vos demandes sp\u00e9cifiques, \u00e0 demander votre avis afin d\u2019am\u00e9liorer notre Site et nos produits, ou \u00e0 poursuivre d\u2019autres activit\u00e9s g\u00e9n\u00e9rales de marketing.<\/li>\n<li>Lorsque votre consentement sp\u00e9cifique est requis pour le traitement de vos donn\u00e9es personnelles tel que d\u00e9crit ici, vos donn\u00e9es personnelles seront trait\u00e9es sur la base de ce consentement (article 6, 1., (a) du RGPD, \u00e0 compter du 25 mai 2018) ;<\/li>\n<\/ul>\n<h3 class=\"wp-block-heading\">PENDANT COMBIEN DE TEMPS MES DONN\u00c9ES PERSONNELLES SERONT-ELLES TRAIT\u00c9ES ?<\/h3>\n<p>Les donn\u00e9es personnelles ne sont pas conserv\u00e9es plus longtemps que le temps n\u00e9cessaire pour atteindre les objectifs sp\u00e9cifiques de traitement des donn\u00e9es d\u00e9crits ici, \u00e0 moins que des p\u00e9riodes de conservation plus courtes ou plus longues ne s\u2019appliquent en vertu des lois applicables.<\/p>\n<h3 class=\"wp-block-heading\">MES DONN\u00c9ES PERSONNELLES SONT-ELLES EN S\u00c9CURIT\u00c9 ?<\/h3>\n<p>Nous nous engageons \u00e0 prot\u00e9ger la s\u00e9curit\u00e9 et la confidentialit\u00e9 de vos donn\u00e9es personnelles. Nous prenons \u2013 et exigeons que tout fournisseur de services et\/ou tiers traitant des donn\u00e9es personnelles en notre nom et selon nos instructions \u2013 des mesures techniques et organisationnelles appropri\u00e9es pour pr\u00e9venir la perte et la destruction, m\u00eame accidentelle, de donn\u00e9es, l\u2019acc\u00e8s non autoris\u00e9 aux donn\u00e9es, l\u2019utilisation ill\u00e9gale ou d\u00e9loyale des donn\u00e9es. En outre, les syst\u00e8mes d\u2019information et les logiciels sont configur\u00e9s de telle sorte que les donn\u00e9es personnelles et d\u2019identification ne sont utilis\u00e9es que lorsque cela est n\u00e9cessaire pour atteindre la finalit\u00e9 de traitement sp\u00e9cifique recherch\u00e9e de temps \u00e0 autre.<\/p>\n<p>Nous d\u00e9ployons une vari\u00e9t\u00e9 de technologies et de proc\u00e9dures de s\u00e9curit\u00e9 avanc\u00e9es pour aider \u00e0 prot\u00e9ger les donn\u00e9es personnelles contre les risques d\u00e9crits ci-dessus. Par exemple, les donn\u00e9es personnelles fournies par les utilisateurs sont stock\u00e9es sur des serveurs s\u00e9curis\u00e9s plac\u00e9s dans des endroits contr\u00f4l\u00e9s. En outre, le personnel de service \u00e0 la client\u00e8le sont sign\u00e9s des accords confidentiels avec MB Timberin, de sorte que pour garantir la s\u00e9curit\u00e9 des donn\u00e9es. Il existe des accords suppl\u00e9mentaires avec les tiers (tels que la comptabilit\u00e9, les soci\u00e9t\u00e9s de transport, les institutions de contr\u00f4le de l\u2019\u00c9tat) qui garantissent que les donn\u00e9es sont conserv\u00e9es confidentiellement et utilis\u00e9es uniquement pour mettre en \u0153uvre les services directs.<\/p>\n<p>Cependant, veuillez noter qu\u2019aucune transmission \u00e9lectronique ou stockage d\u2019informations n\u2019est 100% s\u00e9curis\u00e9. Par cons\u00e9quent, malgr\u00e9 les mesures de s\u00e9curit\u00e9 que nous avons mises en place pour prot\u00e9ger vos donn\u00e9es personnelles, nous ne pouvons pas garantir que la perte, le mauvais usage ou l\u2019alt\u00e9ration des donn\u00e9es ne se produira jamais.<\/p>\n<h3 class=\"wp-block-heading\">O\u00d9 VONT MES DONN\u00c9ES PERSONNELLES ?<\/h3>\n<p>Les donn\u00e9es personnelles recueillies par l\u2019interm\u00e9diaire de notre Site, dans le cadre de la vente de marchandises, sont g\u00e9r\u00e9es par MB Timberin.&nbsp;Vos donn\u00e9es personnelles seront accessibles au sein de notre organisation par le personnel interne et externe qui ont besoin d\u2019y acc\u00e9der en raison de leurs fonctions en relation avec les buts de traitement sp\u00e9cifi\u00e9s ici.&nbsp;Nous veillons \u00e0 ce que ces personnes soient tenues par des obligations de s\u00e9curit\u00e9 et de confidentialit\u00e9 appropri\u00e9es.<\/p>","protected":false},"excerpt":{"rendered":"<p>Cette politique de confidentialit\u00e9 (\u00ab&nbsp;Politique de confidentialit\u00e9&nbsp;\u00bb) s\u2019applique \u00e0 toute collecte et traitement de donn\u00e9es personnelles effectu\u00e9 : (i) lorsque vous interagissez avec le site web&nbsp;www.bainnordiques.fr&nbsp;\/&nbsp;www.timberin.fr&nbsp;le \u00ab&nbsp;Site&nbsp;\u00bb) exploit\u00e9 par MB Timberin, bas\u00e9e \u00e0 Barsausko str. 59, Kaunas, Lithuania (ii) lorsque vous achetez un produit ou demandez d\u2019autres services de MB Timberin, que ce soit en [&hellip;]<\/p>\n","protected":false},"author":5,"featured_media":0,"parent":0,"menu_order":0,"comment_status":"closed","ping_status":"closed","template":"","meta":{"_uag_custom_page_level_css":"","footnotes":""},"class_list":["post-39860","page","type-page","status-publish","hentry"],"wppr_data":{"cwp_meta_box_check":"No"},"uagb_featured_image_src":{"full":false,"thumbnail":false,"medium":false,"medium_large":false,"large":false},"uagb_author_info":{"display_name":"Rita","author_link":"https:\/\/www.bainnordiques.fr\/be\/author\/deimante\/"},"uagb_comment_info":0,"uagb_excerpt":"Cette politique de confidentialit\u00e9 (\u00ab&nbsp;Politique de confidentialit\u00e9&nbsp;\u00bb) s\u2019applique \u00e0 toute collecte et traitement de donn\u00e9es personnelles effectu\u00e9 : (i) lorsque vous interagissez avec le site web&nbsp;www.bainnordiques.fr&nbsp;\/&nbsp;www.timberin.fr&nbsp;le \u00ab&nbsp;Site&nbsp;\u00bb) exploit\u00e9 par MB Timberin, bas\u00e9e \u00e0 Barsausko str. 59, Kaunas, Lithuania (ii) lorsque vous achetez un produit ou demandez d\u2019autres services de MB Timberin, que ce soit en&hellip;","_links":{"self":[{"href":"https:\/\/www.bainnordiques.fr\/be\/wp-json\/wp\/v2\/pages\/39860","targetHints":{"allow":["GET"]}}],"collection":[{"href":"https:\/\/www.bainnordiques.fr\/be\/wp-json\/wp\/v2\/pages"}],"about":[{"href":"https:\/\/www.bainnordiques.fr\/be\/wp-json\/wp\/v2\/types\/page"}],"author":[{"embeddable":true,"href":"https:\/\/www.bainnordiques.fr\/be\/wp-json\/wp\/v2\/users\/5"}],"replies":[{"embeddable":true,"href":"https:\/\/www.bainnordiques.fr\/be\/wp-json\/wp\/v2\/comments?post=39860"}],"version-history":[{"count":0,"href":"https:\/\/www.bainnordiques.fr\/be\/wp-json\/wp\/v2\/pages\/39860\/revisions"}],"wp:attachment":[{"href":"https:\/\/www.bainnordiques.fr\/be\/wp-json\/wp\/v2\/media?parent=39860"}],"curies":[{"name":"wp","href":"https:\/\/api.w.org\/{rel}","templated":true}]}}