{"id":39874,"date":"2023-09-06T15:48:33","date_gmt":"2023-09-06T13:48:33","guid":{"rendered":"https:\/\/www.bainnordiques.fr\/?page_id=39874"},"modified":"2024-08-12T07:38:30","modified_gmt":"2024-08-12T05:38:30","slug":"politique-de-cookies","status":"publish","type":"page","link":"https:\/\/www.bainnordiques.fr\/be\/politique-de-cookies\/","title":{"rendered":"Politique de cookies"},"content":{"rendered":"<p>Une politique en mati\u00e8re de cookies fournissant aux internautes les informations n\u00e9cessaires sur l\u2019utilisation des cookies par un fournisseur en ligne, comme l\u2019exige le R\u00e8glement de 2011 sur la confidentialit\u00e9 et les communications \u00e9lectroniques (Directive CE) (Amendement) (SI 2011\/1208).<\/p>\n<p>Un cookie est un petit \u00e9l\u00e9ment de donn\u00e9es qu\u2019un site Web demande \u00e0 votre navigateur de stocker sur votre ordinateur ou appareil mobile. Le cookie permet au site Web de \u00ab m\u00e9moriser \u00bb vos actions ou pr\u00e9f\u00e9rences au fil du temps.<\/p>\n<p>Nous utilisons les cookies suivants :<\/p>\n<ul class=\"wp-block-list\">\n<li>Cookies strictement n\u00e9cessaires. Il s\u2019agit de cookies n\u00e9cessaires au fonctionnement de notre site Web. Il s\u2019agit par exemple de cookies qui vous permettent de vous connecter \u00e0 des zones s\u00e9curis\u00e9es de notre site Internet, d\u2019utiliser un panier d\u2019achat ou d\u2019utiliser des services de facturation \u00e9lectronique.<\/li>\n<li>Cookies d\u2019analyse\/de performance. Ils nous permettent de reconna\u00eetre et de compter le nombre de visiteurs et de voir comment les visiteurs se d\u00e9placent sur notre site Internet lorsqu\u2019ils l\u2019utilisent. Cela nous aide \u00e0 am\u00e9liorer le fonctionnement de notre site Web, par exemple en garantissant que les utilisateurs trouvent facilement ce qu\u2019ils recherchent.<\/li>\n<li>Cookies de fonctionnalit\u00e9. Ceux-ci sont utilis\u00e9s pour vous reconna\u00eetre lorsque vous revenez sur notre site Internet. Cela nous permet de personnaliser notre contenu pour vous, de vous saluer par votre nom et de m\u00e9moriser vos pr\u00e9f\u00e9rences (par exemple, votre choix de langue ou de r\u00e9gion).<\/li>\n<li>Ciblage des cookies. Ces cookies enregistrent votre visite sur notre site Internet, les pages que vous avez visit\u00e9es et les liens que vous avez suivis. Nous utiliserons ces informations pour rendre notre site Web et la publicit\u00e9 qui y est affich\u00e9e plus adapt\u00e9s \u00e0 vos int\u00e9r\u00eats. Nous pouvons \u00e9galement partager ces informations avec des tiers \u00e0 cette fin.<\/li>\n<\/ul>","protected":false},"excerpt":{"rendered":"<p>Une politique en mati\u00e8re de cookies fournissant aux internautes les informations n\u00e9cessaires sur l\u2019utilisation des cookies par un fournisseur en ligne, comme l\u2019exige le R\u00e8glement de 2011 sur la confidentialit\u00e9 et les communications \u00e9lectroniques (Directive CE) (Amendement) (SI 2011\/1208). Un cookie est un petit \u00e9l\u00e9ment de donn\u00e9es qu\u2019un site Web demande \u00e0 votre navigateur de [&hellip;]<\/p>\n","protected":false},"author":5,"featured_media":0,"parent":0,"menu_order":0,"comment_status":"closed","ping_status":"closed","template":"","meta":{"_uag_custom_page_level_css":"","footnotes":""},"class_list":["post-39874","page","type-page","status-publish","hentry"],"wppr_data":{"cwp_meta_box_check":"No"},"uagb_featured_image_src":{"full":false,"thumbnail":false,"medium":false,"medium_large":false,"large":false},"uagb_author_info":{"display_name":"Rita","author_link":"https:\/\/www.bainnordiques.fr\/be\/author\/deimante\/"},"uagb_comment_info":0,"uagb_excerpt":"Une politique en mati\u00e8re de cookies fournissant aux internautes les informations n\u00e9cessaires sur l\u2019utilisation des cookies par un fournisseur en ligne, comme l\u2019exige le R\u00e8glement de 2011 sur la confidentialit\u00e9 et les communications \u00e9lectroniques (Directive CE) (Amendement) (SI 2011\/1208). Un cookie est un petit \u00e9l\u00e9ment de donn\u00e9es qu\u2019un site Web demande \u00e0 votre navigateur de&hellip;","_links":{"self":[{"href":"https:\/\/www.bainnordiques.fr\/be\/wp-json\/wp\/v2\/pages\/39874","targetHints":{"allow":["GET"]}}],"collection":[{"href":"https:\/\/www.bainnordiques.fr\/be\/wp-json\/wp\/v2\/pages"}],"about":[{"href":"https:\/\/www.bainnordiques.fr\/be\/wp-json\/wp\/v2\/types\/page"}],"author":[{"embeddable":true,"href":"https:\/\/www.bainnordiques.fr\/be\/wp-json\/wp\/v2\/users\/5"}],"replies":[{"embeddable":true,"href":"https:\/\/www.bainnordiques.fr\/be\/wp-json\/wp\/v2\/comments?post=39874"}],"version-history":[{"count":0,"href":"https:\/\/www.bainnordiques.fr\/be\/wp-json\/wp\/v2\/pages\/39874\/revisions"}],"wp:attachment":[{"href":"https:\/\/www.bainnordiques.fr\/be\/wp-json\/wp\/v2\/media?parent=39874"}],"curies":[{"name":"wp","href":"https:\/\/api.w.org\/{rel}","templated":true}]}}