{"id":40512,"date":"2024-02-08T12:04:44","date_gmt":"2024-02-08T10:04:44","guid":{"rendered":"https:\/\/www.bainnordiques.fr\/?page_id=40512"},"modified":"2024-08-12T07:32:46","modified_gmt":"2024-08-12T05:32:46","slug":"pourquoi-timberin","status":"publish","type":"page","link":"https:\/\/www.bainnordiques.fr\/be\/pourquoi-timberin\/","title":{"rendered":"Pourquoi TimberIN ?"},"content":{"rendered":"<div style=\"height:78px\" aria-hidden=\"true\" class=\"wp-block-spacer\"><\/div>\n<h2 class=\"wp-block-heading\">Pourquoi faire confiance \u00e0 TimberIN pour l&rsquo;achat de produits de jardin en provenance de Lituanie. <strong>L\u2019avis \u00e9crit de la soci\u00e9t\u00e9 TimberIN<\/strong><\/h2>\n<p>Ces derniers temps, il y a eu des rapports inqui\u00e9tants concernant des particuliers et des petites entreprises proposant des produits de jardin en provenance de Lituanie, mais qui ne livrent pas les produits et laissent les clients en difficult\u00e9 pour r\u00e9cup\u00e9rer leur argent. Pour garantir une exp\u00e9rience d&rsquo;achat s\u00fbre et satisfaisante, il est essentiel de faire confiance \u00e0 des entreprises r\u00e9put\u00e9es comme TimberIN.<\/p>\n<h2 class=\"wp-block-heading\">L&rsquo;essor et la chute des vendeurs peu fiables<\/h2>\n<p>Pendant la pand\u00e9mie de COVID-19, il y a eu une forte demande de produits de jardin, ce qui a entra\u00een\u00e9 un afflux de nouveaux vendeurs proposant des produits d&rsquo;apparence similaire sans se soucier de la qualit\u00e9. Apr\u00e8s la pand\u00e9mie, la demande a diminu\u00e9, ce qui a oblig\u00e9 ces vendeurs peu fiables \u00e0 quitter le march\u00e9. Cependant, leurs sites web et leurs publicit\u00e9s peuvent encore \u00eatre actifs en ligne, induisant en erreur les clients peu m\u00e9fiants.<\/p>\n<h2 class=\"wp-block-heading\">L&rsquo;importance des avis en ligne<\/h2>\n<p class=\"has-black-color has-text-color has-link-color wp-elements-172964219cba798e00d3352a98607d54\">Pour \u00e9viter d&rsquo;\u00eatre victime de telles pratiques frauduleuses, il est essentiel de mener des recherches approfondies avant de faire un achat. La lecture des avis en ligne est un moyen pr\u00e9cieux d&rsquo;\u00e9valuer la fiabilit\u00e9 d&rsquo;une entreprise. Recherchez des plateformes comme Trust Pilot, o\u00f9 les clients peuvent partager leurs exp\u00e9riences r\u00e9elles. Un nombre important d&rsquo;avis positifs, en particulier ceux qui remontent \u00e0 plusieurs ann\u00e9es, constituent un indicateur fort de la fiabilit\u00e9 d&rsquo;une entreprise. Veuillez consulter nos avis sur Trust Pilot en cliquant ci-dessous. Il faut faire attention au nombre d&rsquo;avis, au moins plusieurs centaines, et \u00e0 leurs dates pour \u00eatre s\u00fbr de leur transparence. <\/p>\n<p class=\"has-vivid-red-color has-text-color has-link-color wp-elements-f265e881582e13d8dfd4063f328db022\"><strong>Aucun autre indicateur, \u00e0 l&rsquo;exception de la date et du nombre d&rsquo;avis, ne peut d\u00e9montrer la validit\u00e9 de l&rsquo;entreprise.<\/strong><\/p>\n<div style=\"height:58px\" aria-hidden=\"true\" class=\"wp-block-spacer\"><\/div>\n<div class=\"trustpilot-widget\" data-locale=\"fr-FR\" data-template-id=\"5419b6a8b0d04a076446a9ad\" data-businessunit-id=\"55a03a130000ff000580f634\" data-style-height=\"24px\" data-style-width=\"100%\" data-theme=\"light\"><a href=\"https:\/\/fr.trustpilot.com\/review\/timberin.com\" target=\"_blank\" rel=\"noopener\">Trustpilot<\/a><\/div>\n<div style=\"height:58px\" aria-hidden=\"true\" class=\"wp-block-spacer\"><\/div>\n<h2 class=\"wp-block-heading\">Un exemple de l&rsquo;exp\u00e9rience d&rsquo;un client<\/h2>\n<p>Un client a r\u00e9cemment partag\u00e9 sa malheureuse exp\u00e9rience avec une entreprise proposant des produits de jardin en provenance de Lituanie. Malgr\u00e9 le paiement effectu\u00e9, il n&rsquo;a jamais re\u00e7u le produit et a eu des difficult\u00e9s \u00e0 r\u00e9cup\u00e9rer son argent. Cela souligne l&rsquo;importance de choisir une entreprise digne de confiance comme TimberIN pour garantir un processus d&rsquo;achat fluide et s\u00e9curis\u00e9.<\/p>\n<div class=\"wp-block-image\">\n<figure class=\"aligncenter size-large is-resized\"><a href=\"https:\/\/www.bainnordiques.fr\/wp-content\/uploads\/2024\/02\/Avis-clients.jpg\" data-rel=\"lightbox-image-0\" data-magnific_type=\"image\" data-rl_title=\"\" data-rl_caption=\"\" title=\"\"><img decoding=\"async\" src=\"https:\/\/www.bainnordiques.fr\/wp-content\/uploads\/2024\/02\/Avis-clients-700x166.jpg\" alt=\"Avis Clients\" class=\"wp-image-40513\" style=\"width:810px;height:auto\" title=\"\"><\/a><\/figure>\n<\/div>\n<h2 class=\"wp-block-heading\"><strong>Choisir TimberIN pour la tranquillit\u00e9 d&rsquo;esprit<\/strong><\/h2>\n<p>TimberIN se distingue comme une entreprise r\u00e9put\u00e9e ayant fait ses preuves dans la fourniture de produits de jardin de haute qualit\u00e9 et d&rsquo;un service client exceptionnel. En choisissant TimberIN, vous pouvez \u00eatre assur\u00e9 de recevoir le produit que vous avez command\u00e9, ainsi que le soutien et l&rsquo;assistance dont vous pourriez avoir besoin tout au long du processus.<\/p>\n<h2 class=\"wp-block-heading\"><strong>Faites confiance \u00e0 TimberIN pour une exp\u00e9rience d&rsquo;achat positive<\/strong><\/h2>\n<p>Chez TimberIN, nous accordons la priorit\u00e9 \u00e0 la satisfaction du client et nous nous effor\u00e7ons d&rsquo;offrir une exp\u00e9rience d&rsquo;achat positive. Notre engagement envers la qualit\u00e9, la transparence et le service client nous distingue des vendeurs peu fiables. En choisissant TimberIN, vous pouvez avoir l&rsquo;esprit tranquille en sachant que vous traitez avec une entreprise digne de confiance qui valorise ses clients.<\/p>","protected":false},"excerpt":{"rendered":"<p>Pourquoi faire confiance \u00e0 TimberIN pour l&rsquo;achat de produits de jardin en provenance de Lituanie. L\u2019avis \u00e9crit de la soci\u00e9t\u00e9 TimberIN Ces derniers temps, il y a eu des rapports inqui\u00e9tants concernant des particuliers et des petites entreprises proposant des produits de jardin en provenance de Lituanie, mais qui ne livrent pas les produits et [&hellip;]<\/p>\n","protected":false},"author":1,"featured_media":0,"parent":0,"menu_order":0,"comment_status":"closed","ping_status":"closed","template":"","meta":{"_uag_custom_page_level_css":"","footnotes":""},"class_list":["post-40512","page","type-page","status-publish","hentry"],"wppr_data":{"cwp_meta_box_check":"No"},"uagb_featured_image_src":{"full":false,"thumbnail":false,"medium":false,"medium_large":false,"large":false},"uagb_author_info":{"display_name":"C\u00e9line BERNARD FR [V\u00c9RIFI\u00c9]","author_link":"https:\/\/www.bainnordiques.fr\/be\/author\/admin\/"},"uagb_comment_info":0,"uagb_excerpt":"Pourquoi faire confiance \u00e0 TimberIN pour l&rsquo;achat de produits de jardin en provenance de Lituanie. L\u2019avis \u00e9crit de la soci\u00e9t\u00e9 TimberIN Ces derniers temps, il y a eu des rapports inqui\u00e9tants concernant des particuliers et des petites entreprises proposant des produits de jardin en provenance de Lituanie, mais qui ne livrent pas les produits et&hellip;","_links":{"self":[{"href":"https:\/\/www.bainnordiques.fr\/be\/wp-json\/wp\/v2\/pages\/40512","targetHints":{"allow":["GET"]}}],"collection":[{"href":"https:\/\/www.bainnordiques.fr\/be\/wp-json\/wp\/v2\/pages"}],"about":[{"href":"https:\/\/www.bainnordiques.fr\/be\/wp-json\/wp\/v2\/types\/page"}],"author":[{"embeddable":true,"href":"https:\/\/www.bainnordiques.fr\/be\/wp-json\/wp\/v2\/users\/1"}],"replies":[{"embeddable":true,"href":"https:\/\/www.bainnordiques.fr\/be\/wp-json\/wp\/v2\/comments?post=40512"}],"version-history":[{"count":0,"href":"https:\/\/www.bainnordiques.fr\/be\/wp-json\/wp\/v2\/pages\/40512\/revisions"}],"wp:attachment":[{"href":"https:\/\/www.bainnordiques.fr\/be\/wp-json\/wp\/v2\/media?parent=40512"}],"curies":[{"name":"wp","href":"https:\/\/api.w.org\/{rel}","templated":true}]}}