{"id":42122,"date":"2025-08-20T21:15:05","date_gmt":"2025-08-20T19:15:05","guid":{"rendered":"https:\/\/www.bainnordiques.fr\/?page_id=42122"},"modified":"2025-09-02T18:54:37","modified_gmt":"2025-09-02T16:54:37","slug":"presentation-du-produit","status":"publish","type":"page","link":"https:\/\/www.bainnordiques.fr\/be\/presentation-du-produit\/","title":{"rendered":"Pr\u00e9sentation du produit"},"content":{"rendered":"<h2 class=\"wp-block-heading\">Showroom en France <\/h2>\n<p>Adresse : 162 avenue de vidauban, 83460 Taradeau, France<br \/>T\u00e9l\u00e9phone : 06 30 03 24 20<\/p>\n<p><a href=\"https:\/\/domartinienergie.fr\/\" target=\"_blank\" rel=\"noreferrer noopener\">https:\/\/domartinienergie.fr\/<\/a><\/p>\n<div class=\"wp-block-columns is-layout-flex wp-container-core-columns-is-layout-9d6595d7 wp-block-columns-is-layout-flex\">\n<div class=\"wp-block-column is-layout-flow wp-block-column-is-layout-flow\">\n<figure class=\"wp-block-image size-large\"><a href=\"https:\/\/www.bainnordiques.fr\/wp-content\/uploads\/2025\/09\/bain-nordique-timberin-domartini-energie-1-1-scaled.jpg\" data-rel=\"lightbox-image-0\" data-magnific_type=\"image\" data-rl_title=\"\" data-rl_caption=\"\" title=\"\"><img decoding=\"async\" src=\"https:\/\/www.bainnordiques.fr\/wp-content\/uploads\/2025\/09\/bain-nordique-timberin-domartini-energie-1-1-scaled-700x933.jpg\" alt=\"bain nordique timberin Domartini Energie || Panneau olaire photovoltaique, autoconsommation, climatisation, isolation\" class=\"wp-image-42152\" title=\"\"><\/a><\/figure>\n<\/div>\n<div class=\"wp-block-column is-layout-flow wp-block-column-is-layout-flow\">\n<figure class=\"wp-block-image size-large\"><a href=\"https:\/\/www.bainnordiques.fr\/wp-content\/uploads\/2025\/09\/bain-nordique-timberin-domartini-energie-2-scaled.jpg\" data-rel=\"lightbox-image-1\" data-magnific_type=\"image\" data-rl_title=\"\" data-rl_caption=\"\" title=\"\"><img decoding=\"async\" src=\"https:\/\/www.bainnordiques.fr\/wp-content\/uploads\/2025\/09\/bain-nordique-timberin-domartini-energie-2-scaled-700x525.jpg\" alt=\"bain nordique timberin Domartini Energie || Panneau olaire photovoltaique, autoconsommation, climatisation, isolation 2\" class=\"wp-image-42153\" title=\"\"><\/a><\/figure>\n<\/div>\n<\/div>\n<hr class=\"wp-block-separator has-alpha-channel-opacity\"\/>\n<h2 class=\"wp-block-heading\">R\u00e9servez votre s\u00e9jour et testez les produits au refuge Cal Chalon est le premier \u00e9tablissement meubl\u00e9 5 \u00e9toiles aux Angles. <\/h2>\n<p><a href=\"https:\/\/www.instagram.com\/lerefugecalchalon\/\" target=\"_blank\" rel=\"noreferrer noopener\">https:\/\/www.instagram.com\/lerefugecalchalon\/<\/a><\/p>\n<p><a href=\"https:\/\/lerefugecalchalon.com\/\" target=\"_blank\" rel=\"noreferrer noopener\"> https:\/\/lerefugecalchalon.com\/<\/a><\/p>\n<div class=\"wp-block-columns is-layout-flex wp-container-core-columns-is-layout-9d6595d7 wp-block-columns-is-layout-flex\">\n<div class=\"wp-block-column is-layout-flow wp-block-column-is-layout-flow\">\n<figure class=\"wp-block-image size-large\"><a href=\"https:\/\/www.bainnordiques.fr\/wp-content\/uploads\/2025\/08\/Bain-nordique-timberin-1-1-scaled.jpeg\" data-rel=\"lightbox-image-2\" data-magnific_type=\"image\" data-rl_title=\"\" data-rl_caption=\"\" title=\"\"><img decoding=\"async\" src=\"https:\/\/www.bainnordiques.fr\/wp-content\/uploads\/2025\/08\/Bain-nordique-timberin-1-1-scaled-700x524.jpeg\" alt=\"bain nordique timberin Le Refuge Cal Chalon \" class=\"wp-image-42123\" title=\"\"><\/a><\/figure>\n<\/div>\n<div class=\"wp-block-column is-layout-flow wp-block-column-is-layout-flow\">\n<figure class=\"wp-block-image size-large\"><a href=\"https:\/\/www.bainnordiques.fr\/wp-content\/uploads\/2025\/08\/Bain-nordique-timberin-2-1-scaled.jpeg\" data-rel=\"lightbox-image-3\" data-magnific_type=\"image\" data-rl_title=\"\" data-rl_caption=\"\" title=\"\"><img decoding=\"async\" src=\"https:\/\/www.bainnordiques.fr\/wp-content\/uploads\/2025\/08\/Bain-nordique-timberin-2-1-scaled-700x525.jpeg\" alt=\"bain nordique timberin Le Refuge Cal Chalon  2\" class=\"wp-image-42124\" title=\"\"><\/a><\/figure>\n<\/div>\n<\/div>","protected":false},"excerpt":{"rendered":"<p>Showroom en France Adresse : 162 avenue de vidauban, 83460 Taradeau, FranceT\u00e9l\u00e9phone : 06 30 03 24 20 https:\/\/domartinienergie.fr\/ R\u00e9servez votre s\u00e9jour et testez les produits au refuge Cal Chalon est le premier \u00e9tablissement meubl\u00e9 5 \u00e9toiles aux Angles. https:\/\/www.instagram.com\/lerefugecalchalon\/ https:\/\/lerefugecalchalon.com\/<\/p>","protected":false},"author":1,"featured_media":0,"parent":0,"menu_order":0,"comment_status":"closed","ping_status":"closed","template":"","meta":{"_uag_custom_page_level_css":"","footnotes":""},"class_list":["post-42122","page","type-page","status-publish","hentry"],"wppr_data":{"cwp_meta_box_check":"No"},"uagb_featured_image_src":{"full":false,"thumbnail":false,"medium":false,"medium_large":false,"large":false},"uagb_author_info":{"display_name":"C\u00e9line BERNARD FR [V\u00c9RIFI\u00c9]","author_link":"https:\/\/www.bainnordiques.fr\/be\/author\/admin\/"},"uagb_comment_info":0,"uagb_excerpt":"Showroom en France Adresse : 162 avenue de vidauban, 83460 Taradeau, FranceT\u00e9l\u00e9phone : 06 30 03 24 20 https:\/\/domartinienergie.fr\/ R\u00e9servez votre s\u00e9jour et testez les produits au refuge Cal Chalon est le premier \u00e9tablissement meubl\u00e9 5 \u00e9toiles aux Angles. https:\/\/www.instagram.com\/lerefugecalchalon\/ https:\/\/lerefugecalchalon.com\/","_links":{"self":[{"href":"https:\/\/www.bainnordiques.fr\/be\/wp-json\/wp\/v2\/pages\/42122","targetHints":{"allow":["GET"]}}],"collection":[{"href":"https:\/\/www.bainnordiques.fr\/be\/wp-json\/wp\/v2\/pages"}],"about":[{"href":"https:\/\/www.bainnordiques.fr\/be\/wp-json\/wp\/v2\/types\/page"}],"author":[{"embeddable":true,"href":"https:\/\/www.bainnordiques.fr\/be\/wp-json\/wp\/v2\/users\/1"}],"replies":[{"embeddable":true,"href":"https:\/\/www.bainnordiques.fr\/be\/wp-json\/wp\/v2\/comments?post=42122"}],"version-history":[{"count":0,"href":"https:\/\/www.bainnordiques.fr\/be\/wp-json\/wp\/v2\/pages\/42122\/revisions"}],"wp:attachment":[{"href":"https:\/\/www.bainnordiques.fr\/be\/wp-json\/wp\/v2\/media?parent=42122"}],"curies":[{"name":"wp","href":"https:\/\/api.w.org\/{rel}","templated":true}]}}