{"id":8456,"date":"2016-05-04T09:48:36","date_gmt":"2016-05-04T07:48:36","guid":{"rendered":"https:\/\/bainnordiques.fr\/?page_id=8456"},"modified":"2026-02-06T19:06:14","modified_gmt":"2026-02-06T17:06:14","slug":"accessoires-pour-bains-nordiques","status":"publish","type":"page","link":"https:\/\/www.bainnordiques.fr\/be\/accessoires-pour-bains-nordiques\/","title":{"rendered":"Accessoires pour bains nordiques"},"content":{"rendered":"<div style=\"height:92px\" aria-hidden=\"true\" class=\"wp-block-spacer\"><\/div>\n<div data-block-name=\"woocommerce\/product-category\" data-categories=\"[280]\" data-columns=\"4\" data-content-visibility=\"{&quot;image&quot;:true,&quot;title&quot;:true,&quot;price&quot;:true,&quot;rating&quot;:false,&quot;button&quot;:false}\" data-stock-status=\"[&quot;&quot;,&quot;instock&quot;,&quot;outofstock&quot;,&quot;onbackorder&quot;]\" class=\"wc-block-grid wp-block-product-category wp-block-woocommerce-product-category wc-block-product-category has-4-columns has-multiple-rows\">\n<ul class=\"wc-block-grid__products\">\n<li class=\"wc-block-grid__product\">\n\t\t\t\t<a href=\"https:\/\/www.bainnordiques.fr\/be\/shop\/couverture-bain-nordique-isolante\/\" class=\"wc-block-grid__product-link\"><\/p>\n<div class=\"wc-block-grid__product-image\">\n<div class='container-image-and-badge  '><img decoding=\"async\" width=\"150\" height=\"150\" src=\"https:\/\/www.bainnordiques.fr\/wp-content\/uploads\/2019\/02\/Leather-lid-150x150.jpg\" class=\"attachment-woocommerce_thumbnail size-woocommerce_thumbnail\" alt=\"couverture bain nordique bois isolante ext\u00e9rieure\" title=\"\">    <\/p>\n<div class='yith-wcbm-badge yith-wcbm-badge-41487 yith-wcbm-badge-text yith-wcbm-badge--on-product-27035 yith-wcbm-badge-text' data-position='{&quot;top&quot;:&quot;20px&quot;,&quot;right&quot;:&quot;0px&quot;,&quot;bottom&quot;:&quot;0px&quot;,&quot;left&quot;:&quot;0px&quot;}' data-transform=' rotatey( 360deg )'>\n<div class='yith-wcbm-badge__wrap'>\n<div class=\"yith-wcbm-badge-text\">\n<div style=\"font-family: 'Open Sans', sans-serif;color: #ffffff;font-size: 13px\">Tr\u00e8s populaire!<\/div>\n<\/div><\/div>\n<\/div>\n<p><!--yith-wcbm-badge-->\n<\/div>\n<p><!--container-image-and-badge--><\/div>\n<div class=\"wc-block-grid__product-title\">Couverture thermique pour bain nordique<\/div>\n<p>\t\t\t\t<\/a><\/p>\n<div class=\"wc-block-grid__product-price price\">\u00e0 partir de : <span class=\"woocommerce-Price-amount amount\"><span class=\"woocommerce-Price-currencySymbol\">&euro;<\/span>777<\/span><\/div>\n<\/li>\n<li class=\"wc-block-grid__product\">\n\t\t\t\t<a href=\"https:\/\/www.bainnordiques.fr\/be\/shop\/filtre-uv-pour-bains-nordiques-et-piscines\/\" class=\"wc-block-grid__product-link\"><\/p>\n<div class=\"wc-block-grid__product-image\">\n<div class='container-image-and-badge  '><img decoding=\"async\" width=\"150\" height=\"150\" src=\"https:\/\/www.bainnordiques.fr\/wp-content\/uploads\/2018\/01\/Filtre-UV-C-pour-traitement-de-leau-sans-produits-chimiques-1-1-150x150.png\" class=\"attachment-woocommerce_thumbnail size-woocommerce_thumbnail\" alt=\"Filtre UV pour bains nordiques et piscines\" srcset=\"https:\/\/www.bainnordiques.fr\/wp-content\/uploads\/2018\/01\/Filtre-UV-C-pour-traitement-de-leau-sans-produits-chimiques-1-1-150x150.png 150w, https:\/\/www.bainnordiques.fr\/wp-content\/uploads\/2018\/01\/Filtre-UV-C-pour-traitement-de-leau-sans-produits-chimiques-1-1-144x144.png 144w, https:\/\/www.bainnordiques.fr\/wp-content\/uploads\/2018\/01\/Filtre-UV-C-pour-traitement-de-leau-sans-produits-chimiques-1-1-114x114.png 114w, https:\/\/www.bainnordiques.fr\/wp-content\/uploads\/2018\/01\/Filtre-UV-C-pour-traitement-de-leau-sans-produits-chimiques-1-1-72x72.png 72w, https:\/\/www.bainnordiques.fr\/wp-content\/uploads\/2018\/01\/Filtre-UV-C-pour-traitement-de-leau-sans-produits-chimiques-1-1-57x57.png 57w\" sizes=\"(max-width: 150px) 100vw, 150px\" title=\"\"><\/p>\n<div class='yith-wcbm-badge yith-wcbm-badge-41487 yith-wcbm-badge-text yith-wcbm-badge--on-product-22545 yith-wcbm-badge-text' data-position='{&quot;top&quot;:&quot;20px&quot;,&quot;right&quot;:&quot;0px&quot;,&quot;bottom&quot;:&quot;0px&quot;,&quot;left&quot;:&quot;0px&quot;}' data-transform=' rotatey( 360deg )'>\n<div class='yith-wcbm-badge__wrap'>\n<div class=\"yith-wcbm-badge-text\">\n<div style=\"font-family: 'Open Sans', sans-serif;color: #ffffff;font-size: 13px\">Tr\u00e8s populaire!<\/div>\n<\/div><\/div>\n<\/div>\n<p><!--yith-wcbm-badge-->\n<\/div>\n<p><!--container-image-and-badge--><\/div>\n<div class=\"wc-block-grid__product-title\">Filtre UV pour bains nordiques et piscines<\/div>\n<p>\t\t\t\t<\/a><\/p>\n<div class=\"wc-block-grid__product-price price\"><span class=\"woocommerce-Price-amount amount\"><span class=\"woocommerce-Price-currencySymbol\">&euro;<\/span>263<\/span><\/div>\n<\/li>\n<li class=\"wc-block-grid__product\">\n\t\t\t\t<a href=\"https:\/\/www.bainnordiques.fr\/be\/shop\/lumieres-led-bain-nordique\/\" class=\"wc-block-grid__product-link\"><\/p>\n<div class=\"wc-block-grid__product-image\">\n<div class='container-image-and-badge  '><img decoding=\"async\" width=\"150\" height=\"150\" src=\"https:\/\/www.bainnordiques.fr\/wp-content\/uploads\/2015\/11\/LED-150x150.png\" class=\"attachment-woocommerce_thumbnail size-woocommerce_thumbnail\" alt=\"lumiere led bain nordique exterieur etanche\" title=\"\">    <\/p>\n<div class='yith-wcbm-badge yith-wcbm-badge-41487 yith-wcbm-badge-text yith-wcbm-badge--on-product-7526 yith-wcbm-badge-text' data-position='{&quot;top&quot;:&quot;20px&quot;,&quot;right&quot;:&quot;0px&quot;,&quot;bottom&quot;:&quot;0px&quot;,&quot;left&quot;:&quot;0px&quot;}' data-transform=' rotatey( 360deg )'>\n<div class='yith-wcbm-badge__wrap'>\n<div class=\"yith-wcbm-badge-text\">\n<div style=\"font-family: 'Open Sans', sans-serif;color: #ffffff;font-size: 13px\">Tr\u00e8s populaire!<\/div>\n<\/div><\/div>\n<\/div>\n<p><!--yith-wcbm-badge-->\n<\/div>\n<p><!--container-image-and-badge--><\/div>\n<div class=\"wc-block-grid__product-title\">Lumi\u00e8res pour bains nordiques<\/div>\n<p>\t\t\t\t<\/a><\/p>\n<div class=\"wc-block-grid__product-price price\">\u00e0 partir de : <span class=\"woocommerce-Price-amount amount\"><span class=\"woocommerce-Price-currencySymbol\">&euro;<\/span>153<\/span><\/div>\n<\/li>\n<li class=\"wc-block-grid__product\">\n\t\t\t\t<a href=\"https:\/\/www.bainnordiques.fr\/be\/shop\/couverture-legere-en-bache-pour-spa\/\" class=\"wc-block-grid__product-link\"><\/p>\n<div class=\"wc-block-grid__product-image\">\n<div class='container-image-and-badge  '><img decoding=\"async\" width=\"150\" height=\"150\" src=\"https:\/\/www.bainnordiques.fr\/wp-content\/uploads\/2021\/07\/Couverture-legere-en-bache-pour-spa-1-150x150.png\" class=\"attachment-woocommerce_thumbnail size-woocommerce_thumbnail\" alt=\"B\u00e2che pour spa ext\u00e9rieur\" title=\"\">            <\/div>\n<p><!--container-image-and-badge--><\/div>\n<div class=\"wc-block-grid__product-title\">Bache pour spa ext\u00e9rieur<\/div>\n<p>\t\t\t\t<\/a><\/p>\n<div class=\"wc-block-grid__product-price price\"><span class=\"woocommerce-Price-amount amount\"><span class=\"woocommerce-Price-currencySymbol\">&euro;<\/span>399<\/span><\/div>\n<\/li>\n<li class=\"wc-block-grid__product\">\n\t\t\t\t<a href=\"https:\/\/www.bainnordiques.fr\/be\/shop\/systeme-filtration-bain-nordique-eau\/\" class=\"wc-block-grid__product-link\"><\/p>\n<div class=\"wc-block-grid__product-image\"><img decoding=\"async\" width=\"150\" height=\"150\" src=\"https:\/\/www.bainnordiques.fr\/wp-content\/uploads\/2016\/12\/Syst\u00e8me-de-filtration-deau-pour-bains-nordiues-et-piscines-TimberIN-150x150.jpg\" class=\"attachment-woocommerce_thumbnail size-woocommerce_thumbnail\" alt=\"systeme filtration bain nordique eau propre\" srcset=\"https:\/\/www.bainnordiques.fr\/wp-content\/uploads\/2016\/12\/Syst\u00e8me-de-filtration-deau-pour-bains-nordiues-et-piscines-TimberIN-150x150.jpg 150w, https:\/\/www.bainnordiques.fr\/wp-content\/uploads\/2016\/12\/Syst\u00e8me-de-filtration-deau-pour-bains-nordiues-et-piscines-TimberIN-300x300.jpg 300w, https:\/\/www.bainnordiques.fr\/wp-content\/uploads\/2016\/12\/Syst\u00e8me-de-filtration-deau-pour-bains-nordiues-et-piscines-TimberIN-768x768.jpg 768w, https:\/\/www.bainnordiques.fr\/wp-content\/uploads\/2016\/12\/Syst\u00e8me-de-filtration-deau-pour-bains-nordiues-et-piscines-TimberIN-144x144.jpg 144w, https:\/\/www.bainnordiques.fr\/wp-content\/uploads\/2016\/12\/Syst\u00e8me-de-filtration-deau-pour-bains-nordiues-et-piscines-TimberIN-114x114.jpg 114w, https:\/\/www.bainnordiques.fr\/wp-content\/uploads\/2016\/12\/Syst\u00e8me-de-filtration-deau-pour-bains-nordiues-et-piscines-TimberIN-72x72.jpg 72w, https:\/\/www.bainnordiques.fr\/wp-content\/uploads\/2016\/12\/Syst\u00e8me-de-filtration-deau-pour-bains-nordiues-et-piscines-TimberIN-57x57.jpg 57w, https:\/\/www.bainnordiques.fr\/wp-content\/uploads\/2016\/12\/Syst\u00e8me-de-filtration-deau-pour-bains-nordiues-et-piscines-TimberIN.jpg 1000w\" sizes=\"(max-width: 150px) 100vw, 150px\" title=\"\"><\/div>\n<div class=\"wc-block-grid__product-title\">Syst\u00e8me de filtration pour bain nordique \u2013 eau propre et entretien facile<\/div>\n<p>\t\t\t\t<\/a><\/p>\n<div class=\"wc-block-grid__product-price price\"><span class=\"woocommerce-Price-amount amount\"><span class=\"woocommerce-Price-currencySymbol\">&euro;<\/span>1,071<\/span><\/div>\n<\/li>\n<li class=\"wc-block-grid__product\">\n\t\t\t\t<a href=\"https:\/\/www.bainnordiques.fr\/be\/shop\/jets-hydromassage-bain-nordique\/\" class=\"wc-block-grid__product-link\"><\/p>\n<div class=\"wc-block-grid__product-image\"><img decoding=\"async\" width=\"150\" height=\"150\" src=\"https:\/\/www.bainnordiques.fr\/wp-content\/uploads\/2016\/04\/Le-syst\u00e8me-de-massage-par-jet-d\u2019eau-hydro-TimberIN-150x150.png\" class=\"attachment-woocommerce_thumbnail size-woocommerce_thumbnail\" alt=\"bain nordique avec jets hydromassage systeme massage eau\" srcset=\"https:\/\/www.bainnordiques.fr\/wp-content\/uploads\/2016\/04\/Le-syst\u00e8me-de-massage-par-jet-d\u2019eau-hydro-TimberIN-150x150.png 150w, https:\/\/www.bainnordiques.fr\/wp-content\/uploads\/2016\/04\/Le-syst\u00e8me-de-massage-par-jet-d\u2019eau-hydro-TimberIN-144x144.png 144w, https:\/\/www.bainnordiques.fr\/wp-content\/uploads\/2016\/04\/Le-syst\u00e8me-de-massage-par-jet-d\u2019eau-hydro-TimberIN-114x114.png 114w, https:\/\/www.bainnordiques.fr\/wp-content\/uploads\/2016\/04\/Le-syst\u00e8me-de-massage-par-jet-d\u2019eau-hydro-TimberIN-72x72.png 72w, https:\/\/www.bainnordiques.fr\/wp-content\/uploads\/2016\/04\/Le-syst\u00e8me-de-massage-par-jet-d\u2019eau-hydro-TimberIN-57x57.png 57w\" sizes=\"(max-width: 150px) 100vw, 150px\" title=\"\"><\/div>\n<div class=\"wc-block-grid__product-title\">Jets hydromassage pour bain nordique \u2013 syst\u00e8me massage \u00e0 eau complet<\/div>\n<p>\t\t\t\t<\/a><\/p>\n<div class=\"wc-block-grid__product-price price\"><span class=\"woocommerce-Price-amount amount\"><span class=\"woocommerce-Price-currencySymbol\">&euro;<\/span>505<\/span><\/div>\n<\/li>\n<li class=\"wc-block-grid__product\">\n\t\t\t\t<a href=\"https:\/\/www.bainnordiques.fr\/be\/shop\/bulles-bain-nordique\/\" class=\"wc-block-grid__product-link\"><\/p>\n<div class=\"wc-block-grid__product-image\"><img decoding=\"async\" width=\"150\" height=\"150\" src=\"https:\/\/www.bainnordiques.fr\/wp-content\/uploads\/2016\/04\/Le-syst\u00e8me-de-massage-par-bulles-dair-TimberIN-150x150.jpg\" class=\"attachment-woocommerce_thumbnail size-woocommerce_thumbnail\" alt=\"bain nordique bulles systeme massage air relaxant\" srcset=\"https:\/\/www.bainnordiques.fr\/wp-content\/uploads\/2016\/04\/Le-syst\u00e8me-de-massage-par-bulles-dair-TimberIN-150x150.jpg 150w, https:\/\/www.bainnordiques.fr\/wp-content\/uploads\/2016\/04\/Le-syst\u00e8me-de-massage-par-bulles-dair-TimberIN-300x300.jpg 300w, https:\/\/www.bainnordiques.fr\/wp-content\/uploads\/2016\/04\/Le-syst\u00e8me-de-massage-par-bulles-dair-TimberIN-144x144.jpg 144w, https:\/\/www.bainnordiques.fr\/wp-content\/uploads\/2016\/04\/Le-syst\u00e8me-de-massage-par-bulles-dair-TimberIN-114x114.jpg 114w, https:\/\/www.bainnordiques.fr\/wp-content\/uploads\/2016\/04\/Le-syst\u00e8me-de-massage-par-bulles-dair-TimberIN-72x72.jpg 72w, https:\/\/www.bainnordiques.fr\/wp-content\/uploads\/2016\/04\/Le-syst\u00e8me-de-massage-par-bulles-dair-TimberIN-57x57.jpg 57w, https:\/\/www.bainnordiques.fr\/wp-content\/uploads\/2016\/04\/Le-syst\u00e8me-de-massage-par-bulles-dair-TimberIN.jpg 458w\" sizes=\"(max-width: 150px) 100vw, 150px\" title=\"\"><\/div>\n<div class=\"wc-block-grid__product-title\">Syst\u00e8me bulles pour bain nordique \u2013 massage \u00e0 air relaxant<\/div>\n<p>\t\t\t\t<\/a><\/p>\n<div class=\"wc-block-grid__product-price price\"><span class=\"woocommerce-Price-amount amount\"><span class=\"woocommerce-Price-currencySymbol\">&euro;<\/span>483<\/span><\/div>\n<\/li>\n<li class=\"wc-block-grid__product\">\n\t\t\t\t<a href=\"https:\/\/www.bainnordiques.fr\/be\/shop\/jeu-de-lentretien-de-leau\/\" class=\"wc-block-grid__product-link\"><\/p>\n<div class=\"wc-block-grid__product-image\"><img decoding=\"async\" width=\"150\" height=\"150\" src=\"https:\/\/www.bainnordiques.fr\/wp-content\/uploads\/2015\/12\/Jeu-de-l\u2019entretien-de-l\u2019eau-150x150.png\" class=\"attachment-woocommerce_thumbnail size-woocommerce_thumbnail\" alt=\"Jeu De L\u2019entretien De L\u2019eau\" title=\"\"><\/div>\n<div class=\"wc-block-grid__product-title\">Jeu de l&rsquo;entretien de l&rsquo;eau<\/div>\n<p>\t\t\t\t<\/a><\/p>\n<div class=\"wc-block-grid__product-price price\"><span class=\"woocommerce-Price-amount amount\"><span class=\"woocommerce-Price-currencySymbol\">&euro;<\/span>104<\/span><\/div>\n<\/li>\n<li class=\"wc-block-grid__product\">\n\t\t\t\t<a href=\"https:\/\/www.bainnordiques.fr\/be\/shop\/harvia-sauna-set\/\" class=\"wc-block-grid__product-link\"><\/p>\n<div class=\"wc-block-grid__product-image\"><img decoding=\"async\" width=\"150\" height=\"150\" src=\"https:\/\/www.bainnordiques.fr\/wp-content\/uploads\/2015\/12\/Harvia-Sauna-set-150x150.jpg\" class=\"attachment-woocommerce_thumbnail size-woocommerce_thumbnail\" alt=\"Harvia Sauna set\" srcset=\"https:\/\/www.bainnordiques.fr\/wp-content\/uploads\/2015\/12\/Harvia-Sauna-set-150x150.jpg 150w, https:\/\/www.bainnordiques.fr\/wp-content\/uploads\/2015\/12\/Harvia-Sauna-set-144x144.jpg 144w, https:\/\/www.bainnordiques.fr\/wp-content\/uploads\/2015\/12\/Harvia-Sauna-set-114x114.jpg 114w, https:\/\/www.bainnordiques.fr\/wp-content\/uploads\/2015\/12\/Harvia-Sauna-set-72x72.jpg 72w, https:\/\/www.bainnordiques.fr\/wp-content\/uploads\/2015\/12\/Harvia-Sauna-set-57x57.jpg 57w\" sizes=\"(max-width: 150px) 100vw, 150px\" title=\"\"><\/div>\n<div class=\"wc-block-grid__product-title\">Harvia Sauna Set<\/div>\n<p>\t\t\t\t<\/a><\/p>\n<div class=\"wc-block-grid__product-price price\"><span class=\"woocommerce-Price-amount amount\"><span class=\"woocommerce-Price-currencySymbol\">&euro;<\/span>252<\/span><\/div>\n<\/li>\n<li class=\"wc-block-grid__product\">\n\t\t\t\t<a href=\"https:\/\/www.bainnordiques.fr\/be\/shop\/element-chauffant-protection-contre-le-gel-tres-important-en-hiver\/\" class=\"wc-block-grid__product-link\"><\/p>\n<div class=\"wc-block-grid__product-image\"><img decoding=\"async\" width=\"150\" height=\"150\" src=\"https:\/\/www.bainnordiques.fr\/wp-content\/uploads\/2013\/07\/Element-chauffant-Protection-contre-le-gel-Tres-important-en-hiver-TimberIN-150x150.jpg\" class=\"attachment-woocommerce_thumbnail size-woocommerce_thumbnail\" alt=\"Element Chauffant Protection Contre Le Gel Tres Important En Hiver TimberIN\" srcset=\"https:\/\/www.bainnordiques.fr\/wp-content\/uploads\/2013\/07\/Element-chauffant-Protection-contre-le-gel-Tres-important-en-hiver-TimberIN-150x150.jpg 150w, https:\/\/www.bainnordiques.fr\/wp-content\/uploads\/2013\/07\/Element-chauffant-Protection-contre-le-gel-Tres-important-en-hiver-TimberIN-300x300.jpg 300w, https:\/\/www.bainnordiques.fr\/wp-content\/uploads\/2013\/07\/Element-chauffant-Protection-contre-le-gel-Tres-important-en-hiver-TimberIN-768x768.jpg 768w, https:\/\/www.bainnordiques.fr\/wp-content\/uploads\/2013\/07\/Element-chauffant-Protection-contre-le-gel-Tres-important-en-hiver-TimberIN-144x144.jpg 144w, https:\/\/www.bainnordiques.fr\/wp-content\/uploads\/2013\/07\/Element-chauffant-Protection-contre-le-gel-Tres-important-en-hiver-TimberIN-114x114.jpg 114w, https:\/\/www.bainnordiques.fr\/wp-content\/uploads\/2013\/07\/Element-chauffant-Protection-contre-le-gel-Tres-important-en-hiver-TimberIN-72x72.jpg 72w, https:\/\/www.bainnordiques.fr\/wp-content\/uploads\/2013\/07\/Element-chauffant-Protection-contre-le-gel-Tres-important-en-hiver-TimberIN-57x57.jpg 57w, https:\/\/www.bainnordiques.fr\/wp-content\/uploads\/2013\/07\/Element-chauffant-Protection-contre-le-gel-Tres-important-en-hiver-TimberIN.jpg 1000w\" sizes=\"(max-width: 150px) 100vw, 150px\" title=\"\"><\/div>\n<div class=\"wc-block-grid__product-title\">\u00c9l\u00e9ment chauffant &#8211; Protection contre le gel &#8211; Tr\u00e8s important en hiver!<\/div>\n<p>\t\t\t\t<\/a><\/p>\n<div class=\"wc-block-grid__product-price price\"><span class=\"woocommerce-Price-amount amount\"><span class=\"woocommerce-Price-currencySymbol\">&euro;<\/span>169<\/span><\/div>\n<\/li>\n<li class=\"wc-block-grid__product\">\n\t\t\t\t<a href=\"https:\/\/www.bainnordiques.fr\/be\/shop\/rechauffeur-electrique-bain-nordique\/\" class=\"wc-block-grid__product-link\"><\/p>\n<div class=\"wc-block-grid__product-image\">\n<div class='container-image-and-badge  '><img decoding=\"async\" width=\"150\" height=\"150\" src=\"https:\/\/www.bainnordiques.fr\/wp-content\/uploads\/2018\/05\/Po\u00eale-\u00e9lectrique-pour-les-bains-nordiques-et-les-spas-1-150x150.jpg\" class=\"attachment-woocommerce_thumbnail size-woocommerce_thumbnail\" alt=\"bain nordique electrique rechauffeur 6kw spa nordique bois\" srcset=\"https:\/\/www.bainnordiques.fr\/wp-content\/uploads\/2018\/05\/Po\u00eale-\u00e9lectrique-pour-les-bains-nordiques-et-les-spas-1-150x150.jpg 150w, https:\/\/www.bainnordiques.fr\/wp-content\/uploads\/2018\/05\/Po\u00eale-\u00e9lectrique-pour-les-bains-nordiques-et-les-spas-1-144x144.jpg 144w, https:\/\/www.bainnordiques.fr\/wp-content\/uploads\/2018\/05\/Po\u00eale-\u00e9lectrique-pour-les-bains-nordiques-et-les-spas-1-114x114.jpg 114w, https:\/\/www.bainnordiques.fr\/wp-content\/uploads\/2018\/05\/Po\u00eale-\u00e9lectrique-pour-les-bains-nordiques-et-les-spas-1-72x72.jpg 72w, https:\/\/www.bainnordiques.fr\/wp-content\/uploads\/2018\/05\/Po\u00eale-\u00e9lectrique-pour-les-bains-nordiques-et-les-spas-1-57x57.jpg 57w\" sizes=\"(max-width: 150px) 100vw, 150px\" title=\"\"> <\/div>\n<p><!--container-image-and-badge--><\/div>\n<div class=\"wc-block-grid__product-title\">R\u00e9chauffeur \u00e9lectrique bain nordique 6 kW \u2013 chauffage spa nordique<\/div>\n<p>\t\t\t\t<\/a><\/p>\n<div class=\"wc-block-grid__product-price price\"><span class=\"woocommerce-Price-amount amount\"><span class=\"woocommerce-Price-currencySymbol\">&euro;<\/span>935<\/span><\/div>\n<\/li>\n<li class=\"wc-block-grid__product\">\n\t\t\t\t<a href=\"https:\/\/www.bainnordiques.fr\/be\/shop\/timbertemp-imprime-en-3d-bluetooth-thermometre-pour-bains-nordiques\/\" class=\"wc-block-grid__product-link\"><\/p>\n<div class=\"wc-block-grid__product-image\">\n<div class='container-image-and-badge  '><img decoding=\"async\" width=\"150\" height=\"150\" src=\"https:\/\/www.bainnordiques.fr\/wp-content\/uploads\/2005\/01\/Smart-thermometre-pour-bains-nordiques-1-150x150.jpg\" class=\"attachment-woocommerce_thumbnail size-woocommerce_thumbnail\" alt=\"Smart Thermom\u00e8tre Pour Bains Nordiques (1)\" title=\"\"><\/p>\n<div class='yith-wcbm-badge yith-wcbm-badge-39164 yith-wcbm-badge-text yith-wcbm-badge--on-product-10022 yith-wcbm-badge-text' data-position='{&quot;top&quot;:&quot;20px&quot;,&quot;right&quot;:&quot;0px&quot;,&quot;bottom&quot;:&quot;0px&quot;,&quot;left&quot;:&quot;0px&quot;}' data-transform=' rotatey( 360deg )'>\n<div class='yith-wcbm-badge__wrap'>\n<div class=\"yith-wcbm-badge-text\">\n<div style=\"font-family: 'Open Sans', sans-serif;color: #ffffff;font-size: 13px\">Smart!<\/div>\n<\/div><\/div>\n<\/div>\n<p><!--yith-wcbm-badge-->\n<\/div>\n<p><!--container-image-and-badge--><\/div>\n<div class=\"wc-block-grid__product-title\">Smart thermom\u00e8tre pour bains nordiques<\/div>\n<p>\t\t\t\t<\/a><\/p>\n<div class=\"wc-block-grid__product-price price\"><span class=\"amount\">Gratuit\u00a0!<\/span><\/div>\n<\/li>\n<\/ul>\n<\/div>\n","protected":false},"excerpt":{"rendered":"","protected":false},"author":1,"featured_media":0,"parent":0,"menu_order":0,"comment_status":"closed","ping_status":"open","template":"","meta":{"_uag_custom_page_level_css":"","footnotes":""},"class_list":["post-8456","page","type-page","status-publish","hentry"],"wppr_data":{"cwp_meta_box_check":"No"},"uagb_featured_image_src":{"full":false,"thumbnail":false,"medium":false,"medium_large":false,"large":false},"uagb_author_info":{"display_name":"C\u00e9line BERNARD FR [V\u00c9RIFI\u00c9]","author_link":"https:\/\/www.bainnordiques.fr\/be\/author\/admin\/"},"uagb_comment_info":0,"uagb_excerpt":null,"_links":{"self":[{"href":"https:\/\/www.bainnordiques.fr\/be\/wp-json\/wp\/v2\/pages\/8456","targetHints":{"allow":["GET"]}}],"collection":[{"href":"https:\/\/www.bainnordiques.fr\/be\/wp-json\/wp\/v2\/pages"}],"about":[{"href":"https:\/\/www.bainnordiques.fr\/be\/wp-json\/wp\/v2\/types\/page"}],"author":[{"embeddable":true,"href":"https:\/\/www.bainnordiques.fr\/be\/wp-json\/wp\/v2\/users\/1"}],"replies":[{"embeddable":true,"href":"https:\/\/www.bainnordiques.fr\/be\/wp-json\/wp\/v2\/comments?post=8456"}],"version-history":[{"count":0,"href":"https:\/\/www.bainnordiques.fr\/be\/wp-json\/wp\/v2\/pages\/8456\/revisions"}],"wp:attachment":[{"href":"https:\/\/www.bainnordiques.fr\/be\/wp-json\/wp\/v2\/media?parent=8456"}],"curies":[{"name":"wp","href":"https:\/\/api.w.org\/{rel}","templated":true}]}}