{"id":10022,"date":"2005-01-07T12:00:14","date_gmt":"2005-01-07T10:00:14","guid":{"rendered":"https:\/\/bainnordiques.fr\/shop\/timbertemp-imprime-en-3d-bluetooth-thermometre\/"},"modified":"2026-04-08T21:26:56","modified_gmt":"2026-04-08T19:26:56","slug":"timbertemp-imprime-en-3d-bluetooth-thermometre-pour-bains-nordiques","status":"publish","type":"product","link":"https:\/\/www.bainnordiques.fr\/be\/shop\/timbertemp-imprime-en-3d-bluetooth-thermometre-pour-bains-nordiques\/","title":{"rendered":"Smart thermom\u00e8tre pour bains nordiques"},"content":{"rendered":"<h2><strong>Smart thermom\u00e8tre pour bains nordiques<\/strong><\/h2>\n<p>Le \u00ab\u00a0Thermom\u00e8tre WiFi, capteur de temp\u00e9rature et d&rsquo;humidit\u00e9 int\u00e9rieur\/ext\u00e9rieur sans fil avec alerte de notification d&rsquo;application \u00e0 distance, fonctionne avec l&rsquo;application Tuya\u00a0\u00bb est livr\u00e9 dans sa bo\u00eete d&rsquo;origine.<\/p>\n<p>Il est fabriqu\u00e9 en plastique et bien r\u00e9alis\u00e9. Les marques CE et FCC sont pr\u00e9sentes. L&rsquo;int\u00e9gration dans SmartLife \/ Tuya fonctionne sans aucun probl\u00e8me. Il est reconnu directement et peut \u00eatre utilis\u00e9 apr\u00e8s quelques instants. Le suivi de la progression de la temp\u00e9rature et de l&rsquo;humidit\u00e9 est tr\u00e8s bien pr\u00e9sent\u00e9 et peut \u00eatre commut\u00e9 entre jour\/mois\/ann\u00e9e.<\/p>\n<p>L&rsquo;appareil dispose de fonctions intelligentes, par exemple, vous pouvez consulter la temp\u00e9rature par commande vocale avec l&rsquo;aide d&rsquo;Alexa.<\/p>\n<p><strong>Veuillez noter que ce thermom\u00e8tre doit \u00eatre branch\u00e9 sur la couche d&rsquo;isolation du spa. Il doit \u00eatre en contact direct avec les surfaces en fibre de verre de l&rsquo;int\u00e9rieur. Ne jetez pas le thermom\u00e8tre dans l&rsquo;eau.<\/strong><\/p>\n<ul>\n<li>Obtenez ce thermom\u00e8tre gratuitement ! Voici ce que vous devez faire :<\/li>\n<li>Achetez un bain nordique de notre liste de production ;<\/li>\n<li>Envoyez-nous quelques photos de votre jardin avec le bain install\u00e9 ;<\/li>\n<li>Partagez les photos et les commentaires sur Instagram ou Facebook en nous identifiant et en nous envoyant une capture d&rsquo;\u00e9cran comme preuve ;<\/li>\n<li>Et nous vous enverrons gratuitement le thermom\u00e8tre \u00e0 votre adresse.<\/li>\n<\/ul>\n<div id=\"gtx-trans\" style=\"position: absolute; left: 609px; top: 463px;\">\n<div class=\"gtx-trans-icon\"><\/div>\n<\/div>","protected":false},"excerpt":{"rendered":"<p style=\"text-align: right;\"><strong>[Incl. % TVA]<\/strong><\/p>\n<p style=\"text-align: right;\"><span style=\"color: #ff0000;\"><strong>*Frais d&rsquo;exp\u00e9dition: inclus<\/strong><\/span><br \/>\n*Livraison: ~5 jours ouvr\u00e9s<\/p>\n<p style=\"text-align: right;\">[credit cards=\"paypal,visa,mastercard\"]<\/p>\n","protected":false},"featured_media":39163,"comment_status":"closed","ping_status":"closed","template":"","meta":{"_uag_custom_page_level_css":""},"product_brand":[],"product_cat":[280],"product_tag":[],"class_list":{"0":"post-10022","1":"product","2":"type-product","3":"status-publish","4":"has-post-thumbnail","6":"product_cat-accessoires","7":"pa_color-argent","8":"pa_color-or","10":"first","11":"instock","12":"taxable","13":"shipping-taxable","14":"product-type-simple"},"wppr_data":{"cwp_meta_box_check":"No"},"uagb_featured_image_src":{"full":["https:\/\/www.bainnordiques.fr\/wp-content\/uploads\/2005\/01\/Smart-thermometre-pour-bains-nordiques-1.jpg",672,686,false],"thumbnail":["https:\/\/www.bainnordiques.fr\/wp-content\/uploads\/2005\/01\/Smart-thermometre-pour-bains-nordiques-1-150x150.jpg",150,150,true],"medium":["https:\/\/www.bainnordiques.fr\/wp-content\/uploads\/2005\/01\/Smart-thermometre-pour-bains-nordiques-1-300x306.jpg",300,306,true],"medium_large":["https:\/\/www.bainnordiques.fr\/wp-content\/uploads\/2005\/01\/Smart-thermometre-pour-bains-nordiques-1.jpg",null,null,true],"large":["https:\/\/www.bainnordiques.fr\/wp-content\/uploads\/2005\/01\/Smart-thermometre-pour-bains-nordiques-1.jpg",672,686,true]},"uagb_author_info":{"display_name":"C\u00e9line BERNARD FR [V\u00c9RIFI\u00c9]","author_link":"https:\/\/www.bainnordiques.fr\/be\/author\/"},"uagb_comment_info":0,"uagb_excerpt":"[Incl. % TVA] *Frais d'exp\u00e9dition: inclus *Livraison: ~5 jours ouvr\u00e9s [credit cards=\"paypal,visa,mastercard\"]","_links":{"self":[{"href":"https:\/\/www.bainnordiques.fr\/be\/wp-json\/wp\/v2\/product\/10022","targetHints":{"allow":["GET"]}}],"collection":[{"href":"https:\/\/www.bainnordiques.fr\/be\/wp-json\/wp\/v2\/product"}],"about":[{"href":"https:\/\/www.bainnordiques.fr\/be\/wp-json\/wp\/v2\/types\/product"}],"replies":[{"embeddable":true,"href":"https:\/\/www.bainnordiques.fr\/be\/wp-json\/wp\/v2\/comments?post=10022"}],"wp:featuredmedia":[{"embeddable":true,"href":"https:\/\/www.bainnordiques.fr\/be\/wp-json\/wp\/v2\/media\/39163"}],"wp:attachment":[{"href":"https:\/\/www.bainnordiques.fr\/be\/wp-json\/wp\/v2\/media?parent=10022"}],"wp:term":[{"taxonomy":"product_brand","embeddable":true,"href":"https:\/\/www.bainnordiques.fr\/be\/wp-json\/wp\/v2\/product_brand?post=10022"},{"taxonomy":"product_cat","embeddable":true,"href":"https:\/\/www.bainnordiques.fr\/be\/wp-json\/wp\/v2\/product_cat?post=10022"},{"taxonomy":"product_tag","embeddable":true,"href":"https:\/\/www.bainnordiques.fr\/be\/wp-json\/wp\/v2\/product_tag?post=10022"}],"curies":[{"name":"wp","href":"https:\/\/api.w.org\/{rel}","templated":true}]}}