{"id":10533,"date":"2013-09-20T12:48:10","date_gmt":"2013-09-20T10:48:10","guid":{"rendered":"http:\/\/bainnordiques.fr\/?post_type=product&#038;p=10533"},"modified":"2026-04-08T21:26:59","modified_gmt":"2026-04-08T19:26:59","slug":"timberin-catalogue-de-produits","status":"publish","type":"product","link":"https:\/\/www.bainnordiques.fr\/be\/shop\/timberin-catalogue-de-produits\/","title":{"rendered":"TimberIN &#8211; catalogue de produits"},"content":{"rendered":"","protected":false},"excerpt":{"rendered":"","protected":false},"featured_media":10534,"comment_status":"closed","ping_status":"closed","template":"","meta":{"_uag_custom_page_level_css":""},"product_brand":[],"product_cat":[1465],"product_tag":[],"class_list":{"0":"post-10533","1":"product","2":"type-product","3":"status-publish","4":"has-post-thumbnail","6":"product_cat-non-classe","7":"pa_color-blanc","8":"pa_color-bleu-ral-5012","10":"first","11":"instock","12":"taxable","13":"shipping-taxable","14":"purchasable","15":"product-type-variable"},"wppr_data":[],"uagb_featured_image_src":{"full":["https:\/\/www.bainnordiques.fr\/wp-content\/uploads\/2017\/05\/TimberIN-catalogue-de-produits.jpg",968,677,false],"thumbnail":["https:\/\/www.bainnordiques.fr\/wp-content\/uploads\/2017\/05\/TimberIN-catalogue-de-produits-150x150.jpg",150,150,true],"medium":["https:\/\/www.bainnordiques.fr\/wp-content\/uploads\/2017\/05\/TimberIN-catalogue-de-produits-300x210.jpg",300,210,true],"medium_large":["https:\/\/www.bainnordiques.fr\/wp-content\/uploads\/2017\/05\/TimberIN-catalogue-de-produits.jpg",null,null,true],"large":["https:\/\/www.bainnordiques.fr\/wp-content\/uploads\/2017\/05\/TimberIN-catalogue-de-produits-700x490.jpg",700,490,true]},"uagb_author_info":{"display_name":"C\u00e9line BERNARD FR [V\u00c9RIFI\u00c9]","author_link":"https:\/\/www.bainnordiques.fr\/be\/author\/"},"uagb_comment_info":0,"uagb_excerpt":null,"_links":{"self":[{"href":"https:\/\/www.bainnordiques.fr\/be\/wp-json\/wp\/v2\/product\/10533","targetHints":{"allow":["GET"]}}],"collection":[{"href":"https:\/\/www.bainnordiques.fr\/be\/wp-json\/wp\/v2\/product"}],"about":[{"href":"https:\/\/www.bainnordiques.fr\/be\/wp-json\/wp\/v2\/types\/product"}],"replies":[{"embeddable":true,"href":"https:\/\/www.bainnordiques.fr\/be\/wp-json\/wp\/v2\/comments?post=10533"}],"wp:featuredmedia":[{"embeddable":true,"href":"https:\/\/www.bainnordiques.fr\/be\/wp-json\/wp\/v2\/media\/10534"}],"wp:attachment":[{"href":"https:\/\/www.bainnordiques.fr\/be\/wp-json\/wp\/v2\/media?parent=10533"}],"wp:term":[{"taxonomy":"product_brand","embeddable":true,"href":"https:\/\/www.bainnordiques.fr\/be\/wp-json\/wp\/v2\/product_brand?post=10533"},{"taxonomy":"product_cat","embeddable":true,"href":"https:\/\/www.bainnordiques.fr\/be\/wp-json\/wp\/v2\/product_cat?post=10533"},{"taxonomy":"product_tag","embeddable":true,"href":"https:\/\/www.bainnordiques.fr\/be\/wp-json\/wp\/v2\/product_tag?post=10533"}],"curies":[{"name":"wp","href":"https:\/\/api.w.org\/{rel}","templated":true}]}}