{"id":1219,"date":"2006-08-15T09:23:07","date_gmt":"2006-08-15T07:23:07","guid":{"rendered":"https:\/\/hottubstock.com\/?post_type=product&#038;p=1219"},"modified":"2026-04-08T21:26:59","modified_gmt":"2026-04-08T19:26:59","slug":"poele-interne-bois-bain-nordique-26kw","status":"publish","type":"product","link":"https:\/\/www.bainnordiques.fr\/be\/shop\/poele-interne-bois-bain-nordique-26kw\/","title":{"rendered":"TimberIN SubmergeFire\u2122 26"},"content":{"rendered":"<div class=\"flex flex-col text-sm pb-25\">\n<article class=\"text-token-text-primary w-full focus:outline-none [--shadow-height:45px] has-data-writing-block:pointer-events-none has-data-writing-block:-mt-(--shadow-height) has-data-writing-block:pt-(--shadow-height) [&amp;:has([data-writing-block])&gt;*]:pointer-events-auto scroll-mt-[calc(var(--header-height)+min(200px,max(70px,20svh)))]\" dir=\"auto\" tabindex=\"-1\" data-turn-id=\"request-WEB:5906b094-3313-462b-94e5-2cc17af1a432-50\" data-testid=\"conversation-turn-52\" data-scroll-anchor=\"true\" data-turn=\"assistant\">\n<div class=\"text-base my-auto mx-auto pb-10 [--thread-content-margin:--spacing(4)] @w-sm\/main:[--thread-content-margin:--spacing(6)] @w-lg\/main:[--thread-content-margin:--spacing(16)] px-(--thread-content-margin)\">\n<div class=\"[--thread-content-max-width:40rem] @w-lg\/main:[--thread-content-max-width:48rem] mx-auto max-w-(--thread-content-max-width) flex-1 group\/turn-messages focus-visible:outline-hidden relative flex w-full min-w-0 flex-col agent-turn\" tabindex=\"-1\">\n<div class=\"flex max-w-full flex-col grow\">\n<div class=\"min-h-8 text-message relative flex w-full flex-col items-end gap-2 text-start break-words whitespace-normal [.text-message+&amp;]:mt-1\" dir=\"auto\" data-message-author-role=\"assistant\" data-message-id=\"ee18366f-ba0f-4779-b1a6-b2792c0f2e71\" data-message-model-slug=\"gpt-5-2\">\n<div class=\"flex w-full flex-col gap-1 empty:hidden first:pt-[1px]\">\n<div class=\"markdown prose dark:prose-invert w-full break-words light markdown-new-styling\">\n<h2 data-start=\"0\" data-end=\"84\"><strong data-start=\"0\" data-end=\"84\">TimberIN SubmergeFire\u2122 26 \u2013 Chauffage interne au bois pour bain nordique (26 kW)<\/strong><\/h2>\n<p data-start=\"86\" data-end=\"306\">Am\u00e9liorez votre bain nordique avec le <strong data-start=\"124\" data-end=\"153\">TimberIN SubmergeFire\u2122 26<\/strong>, un <strong data-start=\"158\" data-end=\"213\">chauffage interne au bois submersible haut de gamme<\/strong> con\u00e7u pour un <strong data-start=\"228\" data-end=\"271\">transfert de chaleur direct et efficace<\/strong> avec un <strong data-start=\"280\" data-end=\"305\">impact visuel minimal<\/strong>.<\/p>\n<p data-start=\"308\" data-end=\"699\">Contrairement aux chauffages externes, le <strong data-start=\"350\" data-end=\"370\">SubmergeFire\u2122 26<\/strong> s\u2019installe <strong data-start=\"382\" data-end=\"407\">\u00e0 l\u2019int\u00e9rieur du bain<\/strong>, ce qui r\u00e9duit fortement la longueur des conduites et les pertes de chaleur, tout en garantissant une <strong data-start=\"510\" data-end=\"542\">mont\u00e9e en temp\u00e9rature rapide<\/strong>. Son <strong data-start=\"548\" data-end=\"585\">design vertical de type \u201csnorkel\u201d<\/strong> permet une \u00e9vacuation des fum\u00e9es en toute s\u00e9curit\u00e9 tout en conservant un corps de chauffe <strong data-start=\"676\" data-end=\"698\">compact et discret<\/strong>.<\/p>\n<p data-start=\"701\" data-end=\"909\">Fabriqu\u00e9 en <strong data-start=\"713\" data-end=\"741\">acier inoxydable durable<\/strong>, ce chauffage est con\u00e7u pour r\u00e9sister \u00e0 une immersion permanente et \u00e0 des temp\u00e9ratures \u00e9lev\u00e9es, ce qui le rend id\u00e9al pour une <strong data-start=\"868\" data-end=\"908\">utilisation ext\u00e9rieure toute l\u2019ann\u00e9e<\/strong>.<\/p>\n<h3 data-start=\"916\" data-end=\"937\">\ud83d\udd11 Avantages cl\u00e9s<\/h3>\n<ul data-start=\"938\" data-end=\"1452\">\n<li data-start=\"938\" data-end=\"1037\">\n<p data-start=\"940\" data-end=\"1037\"><strong data-start=\"940\" data-end=\"970\">Design interne submersible<\/strong> \u2013 installation directe dans le bain pour une efficacit\u00e9 maximale<\/p>\n<\/li>\n<li data-start=\"1038\" data-end=\"1116\">\n<p data-start=\"1040\" data-end=\"1116\"><strong data-start=\"1040\" data-end=\"1062\">Puissance de 26 kW<\/strong> \u2013 id\u00e9ale pour les bains nordiques en bois de jardin<\/p>\n<\/li>\n<li data-start=\"1117\" data-end=\"1190\">\n<p data-start=\"1119\" data-end=\"1190\"><strong data-start=\"1119\" data-end=\"1149\">Pertes de chaleur r\u00e9duites<\/strong> \u2013 aucune tuyauterie externe n\u00e9cessaire<\/p>\n<\/li>\n<li data-start=\"1191\" data-end=\"1289\">\n<p data-start=\"1193\" data-end=\"1289\"><strong data-start=\"1193\" data-end=\"1229\">Construction en acier inoxydable<\/strong> \u2013 r\u00e9sistance \u00e9lev\u00e9e \u00e0 la corrosion et longue dur\u00e9e de vie<\/p>\n<\/li>\n<li data-start=\"1290\" data-end=\"1369\">\n<p data-start=\"1292\" data-end=\"1369\"><strong data-start=\"1292\" data-end=\"1315\">Encombrement r\u00e9duit<\/strong> \u2013 esth\u00e9tique \u00e9pur\u00e9e sans bo\u00eetier externe volumineux<\/p>\n<\/li>\n<li data-start=\"1370\" data-end=\"1452\">\n<p data-start=\"1372\" data-end=\"1452\"><strong data-start=\"1372\" data-end=\"1406\">Plusieurs diam\u00e8tres de conduit<\/strong> \u2013 adaptabilit\u00e9 \u00e0 diff\u00e9rentes configurations<\/p>\n<\/li>\n<\/ul>\n<h3 data-start=\"1459\" data-end=\"1489\">\ud83d\udd12 Installation &amp; s\u00e9curit\u00e9<\/h3>\n<p data-start=\"1490\" data-end=\"1930\">Le <strong data-start=\"1493\" data-end=\"1513\">SubmergeFire\u2122 26<\/strong> doit \u00eatre install\u00e9 conform\u00e9ment aux instructions du fabricant, en utilisant des <strong data-start=\"1594\" data-end=\"1615\">joints homologu\u00e9s<\/strong>, en respectant les <strong data-start=\"1635\" data-end=\"1660\">distances de s\u00e9curit\u00e9<\/strong> et avec un <strong data-start=\"1672\" data-end=\"1717\">conduit de fum\u00e9e correctement dimensionn\u00e9<\/strong>. Une <strong data-start=\"1723\" data-end=\"1747\">ventilation ad\u00e9quate<\/strong> est indispensable.<br data-start=\"1766\" data-end=\"1769\" \/>Une <strong data-start=\"1773\" data-end=\"1831\">installation professionnelle est fortement recommand\u00e9e<\/strong>, et toutes les <strong data-start=\"1847\" data-end=\"1905\">r\u00e9glementations locales de s\u00e9curit\u00e9 et de construction<\/strong> doivent \u00eatre respect\u00e9es.<\/p>\n<p data-start=\"1932\" data-end=\"2028\">\ud83d\udc49 Vous cherchez une alternative ? D\u00e9couvrez <strong data-start=\"1977\" data-end=\"2027\">tous nos chauffages au bois pour bain nordique<\/strong>.<\/p>\n<h3 data-start=\"2035\" data-end=\"2082\">\ud83d\udd27 Caract\u00e9ristiques techniques (selon plan)<\/h3>\n<div class=\"TyagGW_tableContainer\">\n<div class=\"group TyagGW_tableWrapper flex w-fit flex-col-reverse\" tabindex=\"-1\">\n<table class=\"w-fit min-w-(--thread-content-width)\" data-start=\"2083\" data-end=\"2985\">\n<thead data-start=\"2083\" data-end=\"2109\">\n<tr data-start=\"2083\" data-end=\"2109\">\n<th data-start=\"2083\" data-end=\"2099\" data-col-size=\"sm\">Sp\u00e9cification<\/th>\n<th data-start=\"2099\" data-end=\"2109\" data-col-size=\"md\">Valeur<\/th>\n<\/tr>\n<\/thead>\n<tbody data-start=\"2120\" data-end=\"2985\">\n<tr data-start=\"2120\" data-end=\"2158\">\n<td data-start=\"2120\" data-end=\"2129\" data-col-size=\"sm\">Mod\u00e8le<\/td>\n<td data-col-size=\"md\" data-start=\"2129\" data-end=\"2158\">TimberIN SubmergeFire\u2122 26<\/td>\n<\/tr>\n<tr data-start=\"2159\" data-end=\"2219\">\n<td data-start=\"2159\" data-end=\"2179\" data-col-size=\"sm\">Type de chauffage<\/td>\n<td data-start=\"2179\" data-end=\"2219\" data-col-size=\"md\">Interne \/ submersible (type snorkel)<\/td>\n<\/tr>\n<tr data-start=\"2220\" data-end=\"2242\">\n<td data-start=\"2220\" data-end=\"2234\" data-col-size=\"sm\">Combustible<\/td>\n<td data-start=\"2234\" data-end=\"2242\" data-col-size=\"md\">Bois<\/td>\n<\/tr>\n<tr data-start=\"2243\" data-end=\"2273\">\n<td data-start=\"2243\" data-end=\"2264\" data-col-size=\"sm\">Puissance nominale<\/td>\n<td data-start=\"2264\" data-end=\"2273\" data-col-size=\"md\">26 kW<\/td>\n<\/tr>\n<tr data-start=\"2274\" data-end=\"2313\">\n<td data-start=\"2274\" data-end=\"2303\" data-col-size=\"sm\">Largeur du corps principal<\/td>\n<td data-start=\"2303\" data-end=\"2313\" data-col-size=\"md\">700 mm<\/td>\n<\/tr>\n<tr data-start=\"2314\" data-end=\"2356\">\n<td data-start=\"2314\" data-end=\"2346\" data-col-size=\"sm\">Profondeur du corps principal<\/td>\n<td data-start=\"2346\" data-end=\"2356\" data-col-size=\"md\">300 mm<\/td>\n<\/tr>\n<tr data-start=\"2357\" data-end=\"2392\">\n<td data-start=\"2357\" data-end=\"2382\" data-col-size=\"sm\">Hauteur totale (corps)<\/td>\n<td data-col-size=\"md\" data-start=\"2382\" data-end=\"2392\">900 mm<\/td>\n<\/tr>\n<tr data-start=\"2393\" data-end=\"2447\">\n<td data-start=\"2393\" data-end=\"2432\" data-col-size=\"sm\">Hauteur totale avec base de chemin\u00e9e<\/td>\n<td data-start=\"2432\" data-end=\"2447\" data-col-size=\"md\">env. 975 mm<\/td>\n<\/tr>\n<tr data-start=\"2448\" data-end=\"2491\">\n<td data-start=\"2448\" data-end=\"2475\" data-col-size=\"sm\">Empreinte au sol (L \u00d7 P)<\/td>\n<td data-start=\"2475\" data-end=\"2491\" data-col-size=\"md\">800 \u00d7 350 mm<\/td>\n<\/tr>\n<tr data-start=\"2492\" data-end=\"2537\">\n<td data-start=\"2492\" data-end=\"2527\" data-col-size=\"sm\">Hauteur de la section inf\u00e9rieure<\/td>\n<td data-col-size=\"md\" data-start=\"2527\" data-end=\"2537\">250 mm<\/td>\n<\/tr>\n<tr data-start=\"2538\" data-end=\"2583\">\n<td data-start=\"2538\" data-end=\"2573\" data-col-size=\"sm\">Hauteur de la chambre sup\u00e9rieure<\/td>\n<td data-col-size=\"md\" data-start=\"2573\" data-end=\"2583\">650 mm<\/td>\n<\/tr>\n<tr data-start=\"2584\" data-end=\"2638\">\n<td data-start=\"2584\" data-end=\"2617\" data-col-size=\"sm\">Ouverture de la porte du foyer<\/td>\n<td data-col-size=\"md\" data-start=\"2617\" data-end=\"2638\">env. 360 \u00d7 340 mm<\/td>\n<\/tr>\n<tr data-start=\"2639\" data-end=\"2697\">\n<td data-start=\"2639\" data-end=\"2671\" data-col-size=\"sm\">Orifices de circulation d\u2019eau<\/td>\n<td data-col-size=\"md\" data-start=\"2671\" data-end=\"2697\">4 orifices (en fa\u00e7ade)<\/td>\n<\/tr>\n<tr data-start=\"2698\" data-end=\"2765\">\n<td data-start=\"2698\" data-end=\"2733\" data-col-size=\"sm\">Diam\u00e8tres de conduit disponibles<\/td>\n<td data-col-size=\"md\" data-start=\"2733\" data-end=\"2765\">\u00d8160 \/ \u00d8180 \/ \u00d8200 \/ \u00d8220 mm<\/td>\n<\/tr>\n<tr data-start=\"2766\" data-end=\"2797\">\n<td data-start=\"2766\" data-end=\"2777\" data-col-size=\"sm\">Mat\u00e9riau<\/td>\n<td data-start=\"2777\" data-end=\"2797\" data-col-size=\"md\">Acier inoxydable<\/td>\n<\/tr>\n<tr data-start=\"2798\" data-end=\"2849\">\n<td data-start=\"2798\" data-end=\"2824\" data-col-size=\"sm\">Position d\u2019installation<\/td>\n<td data-start=\"2824\" data-end=\"2849\" data-col-size=\"md\">\u00c0 l\u2019int\u00e9rieur du bain<\/td>\n<\/tr>\n<tr data-start=\"2850\" data-end=\"2896\">\n<td data-start=\"2850\" data-end=\"2861\" data-col-size=\"sm\">Fixation<\/td>\n<td data-col-size=\"md\" data-start=\"2861\" data-end=\"2896\">Pos\u00e9 sur le fond \/ base interne<\/td>\n<\/tr>\n<tr data-start=\"2897\" data-end=\"2985\">\n<td data-start=\"2897\" data-end=\"2919\" data-col-size=\"sm\">Application typique<\/td>\n<td data-start=\"2919\" data-end=\"2985\" data-col-size=\"md\">Bains nordiques en bois \u00d8 1,8\u20132,2 m (selon taille &amp; isolation)<\/td>\n<\/tr>\n<\/tbody>\n<\/table>\n<\/div>\n<\/div>\n<p data-start=\"2987\" data-end=\"3077\" data-is-last-node=\"\" data-is-only-node=\"\"><em data-start=\"2987\" data-end=\"3077\" data-is-last-node=\"\">(Dimensions bas\u00e9es sur le dessin technique ; de l\u00e9g\u00e8res tol\u00e9rances peuvent s\u2019appliquer.)<\/em><\/p>\n<\/div>\n<\/div>\n<\/div>\n<\/div>\n<div class=\"z-0 flex min-h-[46px] justify-start\"><\/div>\n<div class=\"mt-3 w-full empty:hidden\">\n<div class=\"text-center\"><\/div>\n<\/div>\n<\/div>\n<\/div>\n<\/article>\n<\/div>\n<div class=\"pointer-events-none h-px w-px absolute bottom-0\" aria-hidden=\"true\" data-edge=\"true\"><\/div>\n<h2><\/h2>\n<div class=\"bn-back-to-category\"><\/div>\n","protected":false},"excerpt":{"rendered":"<p style=\"text-align: left;\"><strong data-start=\"0\" data-end=\"29\" data-is-only-node=\"\">TimberIN SubmergeFire\u2122 26<\/strong> est un <strong data-start=\"37\" data-end=\"94\">chauffage interne au bois de 26 kW pour bain nordique<\/strong>, con\u00e7u pour une <strong data-start=\"111\" data-end=\"161\">installation submersible \u00e0 l\u2019int\u00e9rieur du bain<\/strong>. Son <strong data-start=\"167\" data-end=\"195\">design de type \u201csnorkel\u201d<\/strong> limite les pertes de chaleur, supprime les tuyauteries externes et assure une <strong data-start=\"274\" data-end=\"304\">chauffe rapide et efficace<\/strong> avec une <strong data-start=\"314\" data-end=\"347\">esth\u00e9tique int\u00e9gr\u00e9e et \u00e9pur\u00e9e<\/strong>.<\/p>","protected":false},"featured_media":42000,"comment_status":"closed","ping_status":"closed","template":"","meta":{"_uag_custom_page_level_css":""},"product_brand":[],"product_cat":[3676],"product_tag":[3700,3698,3680,3696,3699,3684,3686,3693,3697,3564,3687,3558,3701],"class_list":{"0":"post-1219","1":"product","2":"type-product","3":"status-publish","4":"has-post-thumbnail","6":"product_cat-poeles-bains-nordiques","7":"product_tag-chauffage-bain-nordique-interne","8":"product_tag-chauffage-bain-nordique-snorkel","9":"product_tag-chauffage-bois-bain-nordique","10":"product_tag-chauffage-interne-bain-nordique","11":"product_tag-poele-bain-nordique-26-kw","12":"product_tag-poele-bain-nordique-professionnel","13":"product_tag-poele-bain-nordique-timberin","14":"product_tag-poele-bois-sans-electricite","15":"product_tag-poele-bois-submersible","16":"product_tag-poele-inox-bain-nordique","17":"product_tag-poele-integre-bain-nordique","18":"product_tag-poele-interne-bain-nordique","19":"product_tag-submergefire-26","21":"first","22":"instock","23":"taxable","24":"shipping-taxable","25":"purchasable","26":"product-type-variable"},"wppr_data":{"cwp_meta_box_check":"No"},"uagb_featured_image_src":{"full":["https:\/\/www.bainnordiques.fr\/wp-content\/uploads\/2014\/08\/Submersible-internal-wood-burning-stove.png",764,775,false],"thumbnail":["https:\/\/www.bainnordiques.fr\/wp-content\/uploads\/2014\/08\/Submersible-internal-wood-burning-stove-150x150.png",150,150,true],"medium":["https:\/\/www.bainnordiques.fr\/wp-content\/uploads\/2014\/08\/Submersible-internal-wood-burning-stove-300x304.png",300,304,true],"medium_large":["https:\/\/www.bainnordiques.fr\/wp-content\/uploads\/2014\/08\/Submersible-internal-wood-burning-stove.png",null,null,true],"large":["https:\/\/www.bainnordiques.fr\/wp-content\/uploads\/2014\/08\/Submersible-internal-wood-burning-stove-700x710.png",700,710,true]},"uagb_author_info":{"display_name":"C\u00e9line BERNARD FR [V\u00c9RIFI\u00c9]","author_link":"https:\/\/www.bainnordiques.fr\/be\/author\/"},"uagb_comment_info":0,"uagb_excerpt":"TimberIN SubmergeFire\u2122 26 est un chauffage interne au bois de 26 kW pour bain nordique, con\u00e7u pour une installation submersible \u00e0 l\u2019int\u00e9rieur du bain. Son design de type \u201csnorkel\u201d limite les pertes de chaleur, supprime les tuyauteries externes et assure une chauffe rapide et efficace avec une esth\u00e9tique int\u00e9gr\u00e9e et \u00e9pur\u00e9e.","_links":{"self":[{"href":"https:\/\/www.bainnordiques.fr\/be\/wp-json\/wp\/v2\/product\/1219","targetHints":{"allow":["GET"]}}],"collection":[{"href":"https:\/\/www.bainnordiques.fr\/be\/wp-json\/wp\/v2\/product"}],"about":[{"href":"https:\/\/www.bainnordiques.fr\/be\/wp-json\/wp\/v2\/types\/product"}],"replies":[{"embeddable":true,"href":"https:\/\/www.bainnordiques.fr\/be\/wp-json\/wp\/v2\/comments?post=1219"}],"wp:featuredmedia":[{"embeddable":true,"href":"https:\/\/www.bainnordiques.fr\/be\/wp-json\/wp\/v2\/media\/42000"}],"wp:attachment":[{"href":"https:\/\/www.bainnordiques.fr\/be\/wp-json\/wp\/v2\/media?parent=1219"}],"wp:term":[{"taxonomy":"product_brand","embeddable":true,"href":"https:\/\/www.bainnordiques.fr\/be\/wp-json\/wp\/v2\/product_brand?post=1219"},{"taxonomy":"product_cat","embeddable":true,"href":"https:\/\/www.bainnordiques.fr\/be\/wp-json\/wp\/v2\/product_cat?post=1219"},{"taxonomy":"product_tag","embeddable":true,"href":"https:\/\/www.bainnordiques.fr\/be\/wp-json\/wp\/v2\/product_tag?post=1219"}],"curies":[{"name":"wp","href":"https:\/\/api.w.org\/{rel}","templated":true}]}}