{"id":1656,"date":"2014-02-26T12:12:50","date_gmt":"2014-02-26T10:12:50","guid":{"rendered":"https:\/\/hottubstock.com\/?post_type=product&#038;p=1656"},"modified":"2026-04-08T21:26:58","modified_gmt":"2026-04-08T19:26:58","slug":"poele-externe-bois-bain-nordique","status":"publish","type":"product","link":"https:\/\/www.bainnordiques.fr\/be\/shop\/poele-externe-bois-bain-nordique\/","title":{"rendered":"TimberIN Nordic External\u2122 &#8211; Po\u00eale ext\u00e9rieur au bois pour bain nordique"},"content":{"rendered":"<h2 data-start=\"79\" data-end=\"552\"><strong>TimberIN Nordic External\u2122 &#8211; Po\u00eale ext\u00e9rieur au bois pour bain nordique <\/strong><\/h2>\n<p data-start=\"78\" data-end=\"457\">Le <strong data-start=\"81\" data-end=\"110\">TimberIN Nordic External\u2122<\/strong> est un <strong data-start=\"118\" data-end=\"176\">chauffage ext\u00e9rieur au bois de qualit\u00e9 professionnelle<\/strong>, con\u00e7u pour une mont\u00e9e en temp\u00e9rature rapide, fiable et une utilisation ext\u00e9rieure durable. En installant le po\u00eale <strong data-start=\"292\" data-end=\"317\">\u00e0 l\u2019ext\u00e9rieur du bain<\/strong>, vous conservez tout l\u2019espace int\u00e9rieur tout en b\u00e9n\u00e9ficiant d\u2019un acc\u00e8s plus simple pour le chargement du bois, le nettoyage et l\u2019entretien.<\/p>\n<h3 data-start=\"464\" data-end=\"502\">\ud83d\udd25 Choisissez la puissance adapt\u00e9e<\/h3>\n<p data-start=\"503\" data-end=\"601\">Ce mod\u00e8le est disponible en <strong data-start=\"531\" data-end=\"551\">trois puissances<\/strong>, chacune correspondant \u00e0 un volume d\u2019eau pr\u00e9cis :<\/p>\n<ul data-start=\"603\" data-end=\"802\">\n<li data-start=\"603\" data-end=\"664\">\n<p data-start=\"605\" data-end=\"664\"><strong data-start=\"605\" data-end=\"614\">22 kW<\/strong> \u2013 id\u00e9al pour les bains jusqu\u2019\u00e0 <strong data-start=\"646\" data-end=\"662\">1 000 litres<\/strong><\/p>\n<\/li>\n<li data-start=\"665\" data-end=\"727\">\n<p data-start=\"667\" data-end=\"727\"><strong data-start=\"667\" data-end=\"676\">28 kW<\/strong> \u2013 adapt\u00e9 aux volumes de <strong data-start=\"701\" data-end=\"725\">1 000 \u00e0 1 500 litres<\/strong><\/p>\n<\/li>\n<li data-start=\"728\" data-end=\"802\">\n<p data-start=\"730\" data-end=\"802\"><strong data-start=\"730\" data-end=\"739\">40 kW<\/strong> \u2013 recommand\u00e9 pour les grands bains <strong data-start=\"775\" data-end=\"802\">au-del\u00e0 de 1 500 litres<\/strong><\/p>\n<\/li>\n<\/ul>\n<p data-start=\"804\" data-end=\"949\">Choisir la bonne puissance garantit une <strong data-start=\"844\" data-end=\"867\">chauffe plus rapide<\/strong>, une <strong data-start=\"873\" data-end=\"909\">meilleure efficacit\u00e9 \u00e9nerg\u00e9tique<\/strong> et une <strong data-start=\"917\" data-end=\"948\">temp\u00e9rature de l\u2019eau stable<\/strong>.<\/p>\n<h3 data-start=\"956\" data-end=\"988\">\u2699\ufe0f Con\u00e7u pour la performance<\/h3>\n<ul data-start=\"989\" data-end=\"1376\">\n<li data-start=\"989\" data-end=\"1041\">\n<p data-start=\"991\" data-end=\"1041\">Corps de chauffe externe en <strong data-start=\"1019\" data-end=\"1039\">acier inoxydable<\/strong><\/p>\n<\/li>\n<li data-start=\"1042\" data-end=\"1118\">\n<p data-start=\"1044\" data-end=\"1118\"><strong data-start=\"1044\" data-end=\"1079\">Chambre de combustion optimis\u00e9e<\/strong> pour un transfert thermique efficace<\/p>\n<\/li>\n<li data-start=\"1119\" data-end=\"1203\">\n<p data-start=\"1121\" data-end=\"1203\"><strong data-start=\"1121\" data-end=\"1137\">Porte vitr\u00e9e<\/strong> pour la visibilit\u00e9 de la flamme et le contr\u00f4le de la combustion<\/p>\n<\/li>\n<li data-start=\"1204\" data-end=\"1261\">\n<p data-start=\"1206\" data-end=\"1261\"><strong data-start=\"1206\" data-end=\"1234\">Tiroir \u00e0 cendres int\u00e9gr\u00e9<\/strong> pour un nettoyage facile<\/p>\n<\/li>\n<li data-start=\"1262\" data-end=\"1310\">\n<p data-start=\"1264\" data-end=\"1310\">Raccordement fumisterie standard <strong data-start=\"1297\" data-end=\"1308\">\u00d8129 mm<\/strong><\/p>\n<\/li>\n<li data-start=\"1311\" data-end=\"1376\">\n<p data-start=\"1313\" data-end=\"1376\">Raccords d\u2019eau <strong data-start=\"1328\" data-end=\"1337\">G1\/2\u2033<\/strong> pour la circulation du bain nordique<\/p>\n<\/li>\n<\/ul>\n<h3 data-start=\"1383\" data-end=\"1439\">\ud83e\udeb5 Pourquoi choisir un chauffage ext\u00e9rieur au bois ?<\/h3>\n<ul data-start=\"1440\" data-end=\"1666\">\n<li data-start=\"1440\" data-end=\"1479\">\n<p data-start=\"1442\" data-end=\"1479\">Pr\u00e9serve l\u2019espace int\u00e9rieur du bain<\/p>\n<\/li>\n<li data-start=\"1480\" data-end=\"1528\">\n<p data-start=\"1482\" data-end=\"1528\">Chargement du bois plus s\u00fbr et plus pratique<\/p>\n<\/li>\n<li data-start=\"1529\" data-end=\"1571\">\n<p data-start=\"1531\" data-end=\"1571\">Positionnement flexible \u00e0 c\u00f4t\u00e9 du bain<\/p>\n<\/li>\n<li data-start=\"1572\" data-end=\"1633\">\n<p data-start=\"1574\" data-end=\"1633\">Id\u00e9al pour <strong data-start=\"1585\" data-end=\"1600\">r\u00e9novations<\/strong> et <strong data-start=\"1604\" data-end=\"1631\">nouvelles installations<\/strong><\/p>\n<\/li>\n<li data-start=\"1634\" data-end=\"1666\">\n<p data-start=\"1636\" data-end=\"1666\"><strong data-start=\"1636\" data-end=\"1666\">Aucune \u00e9lectricit\u00e9 requise<\/strong><\/p>\n<\/li>\n<\/ul>\n<p data-start=\"1668\" data-end=\"1868\">Le <strong data-start=\"1671\" data-end=\"1700\">TimberIN Nordic External\u2122<\/strong> est la solution id\u00e9ale pour ceux qui recherchent un <strong data-start=\"1753\" data-end=\"1786\">chauffage au bois authentique<\/strong>, associ\u00e9 \u00e0 une <strong data-start=\"1802\" data-end=\"1824\">efficacit\u00e9 moderne<\/strong> et une <strong data-start=\"1832\" data-end=\"1867\">construction europ\u00e9enne robuste<\/strong>.<\/p>\n<h2 data-start=\"1875\" data-end=\"1931\">\ud83d\udd0d TimberIN Nordic External\u2122 \u2013 Comparatif des mod\u00e8les<\/h2>\n<div class=\"TyagGW_tableContainer\">\n<div class=\"group TyagGW_tableWrapper flex w-fit flex-col-reverse\" tabindex=\"-1\">\n<table class=\"w-fit min-w-(--thread-content-width)\" data-start=\"1933\" data-end=\"2852\">\n<thead data-start=\"1933\" data-end=\"1974\">\n<tr data-start=\"1933\" data-end=\"1974\">\n<th data-start=\"1933\" data-end=\"1949\" data-col-size=\"sm\">Sp\u00e9cification<\/th>\n<th data-start=\"1949\" data-end=\"1957\" data-col-size=\"sm\">22 kW<\/th>\n<th data-start=\"1957\" data-end=\"1965\" data-col-size=\"sm\">28 kW<\/th>\n<th data-start=\"1965\" data-end=\"1974\" data-col-size=\"sm\">40 kW<\/th>\n<\/tr>\n<\/thead>\n<tbody data-start=\"1993\" data-end=\"2852\">\n<tr data-start=\"1993\" data-end=\"2039\">\n<td data-start=\"1993\" data-end=\"2007\" data-col-size=\"sm\">Code mod\u00e8le<\/td>\n<td data-start=\"2007\" data-end=\"2017\" data-col-size=\"sm\">BFTS-50<\/td>\n<td data-start=\"2017\" data-end=\"2027\" data-col-size=\"sm\">BFTS-75<\/td>\n<td data-start=\"2027\" data-end=\"2039\" data-col-size=\"sm\">BFTS-100<\/td>\n<\/tr>\n<tr data-start=\"2040\" data-end=\"2077\">\n<td data-start=\"2040\" data-end=\"2052\" data-col-size=\"sm\">Puissance<\/td>\n<td data-start=\"2052\" data-end=\"2060\" data-col-size=\"sm\">22 kW<\/td>\n<td data-start=\"2060\" data-end=\"2068\" data-col-size=\"sm\">28 kW<\/td>\n<td data-start=\"2068\" data-end=\"2077\" data-col-size=\"sm\">40 kW<\/td>\n<\/tr>\n<tr data-start=\"2078\" data-end=\"2151\">\n<td data-start=\"2078\" data-end=\"2104\" data-col-size=\"sm\">Volume d\u2019eau recommand\u00e9<\/td>\n<td data-col-size=\"sm\" data-start=\"2104\" data-end=\"2122\">Jusqu\u2019\u00e0 1 000 L<\/td>\n<td data-col-size=\"sm\" data-start=\"2122\" data-end=\"2138\">1 000\u20131 500 L<\/td>\n<td data-col-size=\"sm\" data-start=\"2138\" data-end=\"2151\">1 500 L +<\/td>\n<\/tr>\n<tr data-start=\"2152\" data-end=\"2245\">\n<td data-start=\"2152\" data-end=\"2172\" data-col-size=\"sm\">Type de chauffage<\/td>\n<td data-col-size=\"sm\" data-start=\"2172\" data-end=\"2196\">Po\u00eale externe au bois<\/td>\n<td data-col-size=\"sm\" data-start=\"2196\" data-end=\"2220\">Po\u00eale externe au bois<\/td>\n<td data-col-size=\"sm\" data-start=\"2220\" data-end=\"2245\">Po\u00eale externe au bois<\/td>\n<\/tr>\n<tr data-start=\"2246\" data-end=\"2334\">\n<td data-start=\"2246\" data-end=\"2261\" data-col-size=\"sm\">Installation<\/td>\n<td data-col-size=\"sm\" data-start=\"2261\" data-end=\"2285\">\u00c0 l\u2019ext\u00e9rieur du bain<\/td>\n<td data-col-size=\"sm\" data-start=\"2285\" data-end=\"2309\">\u00c0 l\u2019ext\u00e9rieur du bain<\/td>\n<td data-col-size=\"sm\" data-start=\"2309\" data-end=\"2334\">\u00c0 l\u2019ext\u00e9rieur du bain<\/td>\n<\/tr>\n<tr data-start=\"2335\" data-end=\"2393\">\n<td data-start=\"2335\" data-end=\"2368\" data-col-size=\"sm\">Longueur chambre de combustion<\/td>\n<td data-col-size=\"sm\" data-start=\"2368\" data-end=\"2376\">45 cm<\/td>\n<td data-col-size=\"sm\" data-start=\"2376\" data-end=\"2384\">42 cm<\/td>\n<td data-col-size=\"sm\" data-start=\"2384\" data-end=\"2393\">57 cm<\/td>\n<\/tr>\n<tr data-start=\"2394\" data-end=\"2438\">\n<td data-start=\"2394\" data-end=\"2412\" data-col-size=\"sm\">Longueur totale<\/td>\n<td data-col-size=\"sm\" data-start=\"2412\" data-end=\"2420\">62 cm<\/td>\n<td data-col-size=\"sm\" data-start=\"2420\" data-end=\"2428\">87 cm<\/td>\n<td data-col-size=\"sm\" data-start=\"2428\" data-end=\"2438\">102 cm<\/td>\n<\/tr>\n<tr data-start=\"2439\" data-end=\"2474\">\n<td data-start=\"2439\" data-end=\"2449\" data-col-size=\"sm\">Largeur<\/td>\n<td data-col-size=\"sm\" data-start=\"2449\" data-end=\"2457\">40 cm<\/td>\n<td data-col-size=\"sm\" data-start=\"2457\" data-end=\"2465\">40 cm<\/td>\n<td data-col-size=\"sm\" data-start=\"2465\" data-end=\"2474\">40 cm<\/td>\n<\/tr>\n<tr data-start=\"2475\" data-end=\"2510\">\n<td data-start=\"2475\" data-end=\"2485\" data-col-size=\"sm\">Hauteur<\/td>\n<td data-col-size=\"sm\" data-start=\"2485\" data-end=\"2493\">67 cm<\/td>\n<td data-col-size=\"sm\" data-start=\"2493\" data-end=\"2501\">67 cm<\/td>\n<td data-col-size=\"sm\" data-start=\"2501\" data-end=\"2510\">67 cm<\/td>\n<\/tr>\n<tr data-start=\"2511\" data-end=\"2564\">\n<td data-start=\"2511\" data-end=\"2533\" data-col-size=\"sm\">Diam\u00e8tre du conduit<\/td>\n<td data-col-size=\"sm\" data-start=\"2533\" data-end=\"2543\">\u00d8129 mm<\/td>\n<td data-col-size=\"sm\" data-start=\"2543\" data-end=\"2553\">\u00d8129 mm<\/td>\n<td data-col-size=\"sm\" data-start=\"2553\" data-end=\"2564\">\u00d8129 mm<\/td>\n<\/tr>\n<tr data-start=\"2565\" data-end=\"2634\">\n<td data-start=\"2565\" data-end=\"2576\" data-col-size=\"sm\">Mat\u00e9riau<\/td>\n<td data-col-size=\"sm\" data-start=\"2576\" data-end=\"2595\">Acier inoxydable<\/td>\n<td data-col-size=\"sm\" data-start=\"2595\" data-end=\"2614\">Acier inoxydable<\/td>\n<td data-col-size=\"sm\" data-start=\"2614\" data-end=\"2634\">Acier inoxydable<\/td>\n<\/tr>\n<tr data-start=\"2635\" data-end=\"2689\">\n<td data-start=\"2635\" data-end=\"2643\" data-col-size=\"sm\">Porte<\/td>\n<td data-col-size=\"sm\" data-start=\"2643\" data-end=\"2658\">Porte vitr\u00e9e<\/td>\n<td data-col-size=\"sm\" data-start=\"2658\" data-end=\"2673\">Porte vitr\u00e9e<\/td>\n<td data-col-size=\"sm\" data-start=\"2673\" data-end=\"2689\">Porte vitr\u00e9e<\/td>\n<\/tr>\n<tr data-start=\"2690\" data-end=\"2728\">\n<td data-start=\"2690\" data-end=\"2709\" data-col-size=\"sm\">Tiroir \u00e0 cendres<\/td>\n<td data-col-size=\"sm\" data-start=\"2709\" data-end=\"2715\">Oui<\/td>\n<td data-col-size=\"sm\" data-start=\"2715\" data-end=\"2721\">Oui<\/td>\n<td data-col-size=\"sm\" data-start=\"2721\" data-end=\"2728\">Oui<\/td>\n<\/tr>\n<tr data-start=\"2729\" data-end=\"2769\">\n<td data-start=\"2729\" data-end=\"2744\" data-col-size=\"sm\">Raccordement<\/td>\n<td data-col-size=\"sm\" data-start=\"2744\" data-end=\"2752\">G1\/2\u2033<\/td>\n<td data-col-size=\"sm\" data-start=\"2752\" data-end=\"2760\">G1\/2\u2033<\/td>\n<td data-col-size=\"sm\" data-start=\"2760\" data-end=\"2769\">G1\/2\u2033<\/td>\n<\/tr>\n<tr data-start=\"2770\" data-end=\"2852\">\n<td data-start=\"2770\" data-end=\"2789\" data-col-size=\"sm\">Usage recommand\u00e9<\/td>\n<td data-col-size=\"sm\" data-start=\"2789\" data-end=\"2804\">Petits bains<\/td>\n<td data-col-size=\"sm\" data-start=\"2804\" data-end=\"2819\">Bains moyens<\/td>\n<td data-col-size=\"sm\" data-start=\"2819\" data-end=\"2852\">Grands bains \/ chauffe rapide<\/td>\n<\/tr>\n<\/tbody>\n<\/table>\n<\/div>\n<\/div>","protected":false},"excerpt":{"rendered":"<p data-start=\"0\" data-end=\"277\">Am\u00e9liorez votre bain nordique avec le <strong data-start=\"38\" data-end=\"95\">chauffage ext\u00e9rieur au bois TimberIN Nordic External\u2122<\/strong>, disponible en versions <strong data-start=\"120\" data-end=\"145\">22 kW, 28 kW et 40 kW<\/strong>. Con\u00e7u pour une installation externe, il offre un <strong data-start=\"196\" data-end=\"230\">chauffage puissant et efficace<\/strong> tout en pr\u00e9servant l\u2019espace int\u00e9rieur du bain.<\/p>\n<p data-start=\"279\" data-end=\"589\" data-is-last-node=\"\" data-is-only-node=\"\">Choisissez la <strong data-start=\"293\" data-end=\"330\">puissance adapt\u00e9e au volume d\u2019eau<\/strong> \u2014 des bains compacts d\u2019environ <strong data-start=\"362\" data-end=\"378\">1 000 litres<\/strong> aux installations plus grandes de <strong data-start=\"413\" data-end=\"437\">1 500 litres et plus<\/strong>. Fabriqu\u00e9 en <strong data-start=\"451\" data-end=\"471\">acier inoxydable<\/strong>, il est \u00e9quip\u00e9 d\u2019une <strong data-start=\"493\" data-end=\"509\">porte vitr\u00e9e<\/strong>, d\u2019un <strong data-start=\"516\" data-end=\"536\">tiroir \u00e0 cendres<\/strong> et d\u2019une <strong data-start=\"546\" data-end=\"588\">chambre de combustion \u00e0 haut rendement<\/strong>.<\/p>","protected":false},"featured_media":7750709,"comment_status":"closed","ping_status":"closed","template":"","meta":{"_uag_custom_page_level_css":""},"product_brand":[],"product_cat":[3676],"product_tag":[3560,3683,3680,3685,3678,3677,3569,3681,3682,3684,3686,3572,3679,3566,3564],"class_list":{"0":"post-1656","1":"product","2":"type-product","3":"status-publish","4":"has-post-thumbnail","6":"product_cat-poeles-bains-nordiques","7":"product_tag-chauffage-bain-nordique","8":"product_tag-chauffage-bain-nordique-sans-electricite","9":"product_tag-chauffage-bois-bain-nordique","10":"product_tag-chauffage-bois-exterieur","11":"product_tag-chauffage-exterieur-bain-nordique","12":"product_tag-poele-bain-nordique","13":"product_tag-poele-bain-nordique-22-kw","14":"product_tag-poele-bain-nordique-28-kw","15":"product_tag-poele-bain-nordique-40-kw","16":"product_tag-poele-bain-nordique-professionnel","17":"product_tag-poele-bain-nordique-timberin","18":"product_tag-poele-bois-bain-nordique","19":"product_tag-poele-bois-exterieur","20":"product_tag-poele-externe-bain-nordique","21":"product_tag-poele-inox-bain-nordique","23":"first","24":"instock","25":"taxable","26":"shipping-taxable","27":"purchasable","28":"product-type-variable"},"wppr_data":{"cwp_meta_box_check":"No"},"uagb_featured_image_src":{"full":["https:\/\/www.bainnordiques.fr\/wp-content\/uploads\/2014\/02\/TimberIN-Nordic-External\u2122-\u2013-Poele-exterieur-au-bois-pour-bain-nordique.png",1024,1536,false],"thumbnail":["https:\/\/www.bainnordiques.fr\/wp-content\/uploads\/2014\/02\/TimberIN-Nordic-External\u2122-\u2013-Poele-exterieur-au-bois-pour-bain-nordique-150x150.png",150,150,true],"medium":["https:\/\/www.bainnordiques.fr\/wp-content\/uploads\/2014\/02\/TimberIN-Nordic-External\u2122-\u2013-Poele-exterieur-au-bois-pour-bain-nordique-300x450.png",300,450,true],"medium_large":["https:\/\/www.bainnordiques.fr\/wp-content\/uploads\/2014\/02\/TimberIN-Nordic-External\u2122-\u2013-Poele-exterieur-au-bois-pour-bain-nordique.png",null,null,true],"large":["https:\/\/www.bainnordiques.fr\/wp-content\/uploads\/2014\/02\/TimberIN-Nordic-External\u2122-\u2013-Poele-exterieur-au-bois-pour-bain-nordique-700x1050.png",700,1050,true]},"uagb_author_info":{"display_name":"C\u00e9line BERNARD FR [V\u00c9RIFI\u00c9]","author_link":"https:\/\/www.bainnordiques.fr\/be\/author\/"},"uagb_comment_info":0,"uagb_excerpt":"Am\u00e9liorez votre bain nordique avec le chauffage ext\u00e9rieur au bois TimberIN Nordic External\u2122, disponible en versions 22 kW, 28 kW et 40 kW. Con\u00e7u pour une installation externe, il offre un chauffage puissant et efficace tout en pr\u00e9servant l\u2019espace int\u00e9rieur du bain. Choisissez la puissance adapt\u00e9e au volume d\u2019eau \u2014 des bains compacts d\u2019environ 1&hellip;","_links":{"self":[{"href":"https:\/\/www.bainnordiques.fr\/be\/wp-json\/wp\/v2\/product\/1656","targetHints":{"allow":["GET"]}}],"collection":[{"href":"https:\/\/www.bainnordiques.fr\/be\/wp-json\/wp\/v2\/product"}],"about":[{"href":"https:\/\/www.bainnordiques.fr\/be\/wp-json\/wp\/v2\/types\/product"}],"replies":[{"embeddable":true,"href":"https:\/\/www.bainnordiques.fr\/be\/wp-json\/wp\/v2\/comments?post=1656"}],"wp:featuredmedia":[{"embeddable":true,"href":"https:\/\/www.bainnordiques.fr\/be\/wp-json\/wp\/v2\/media\/7750709"}],"wp:attachment":[{"href":"https:\/\/www.bainnordiques.fr\/be\/wp-json\/wp\/v2\/media?parent=1656"}],"wp:term":[{"taxonomy":"product_brand","embeddable":true,"href":"https:\/\/www.bainnordiques.fr\/be\/wp-json\/wp\/v2\/product_brand?post=1656"},{"taxonomy":"product_cat","embeddable":true,"href":"https:\/\/www.bainnordiques.fr\/be\/wp-json\/wp\/v2\/product_cat?post=1656"},{"taxonomy":"product_tag","embeddable":true,"href":"https:\/\/www.bainnordiques.fr\/be\/wp-json\/wp\/v2\/product_tag?post=1656"}],"curies":[{"name":"wp","href":"https:\/\/api.w.org\/{rel}","templated":true}]}}