{"id":20913,"date":"2017-09-05T07:54:46","date_gmt":"2017-09-05T05:54:46","guid":{"rendered":"https:\/\/bainnordiques.fr\/shop\/sauna-exterieur-avec-remorque-vestiaire-et-poele-a-bois-harvia\/"},"modified":"2026-04-08T21:26:58","modified_gmt":"2026-04-08T19:26:58","slug":"sauna-tonneau-mobile-remorque","status":"publish","type":"product","link":"https:\/\/www.bainnordiques.fr\/be\/shop\/sauna-tonneau-mobile-remorque\/","title":{"rendered":"TimberIN Nordic Nomad\u2122"},"content":{"rendered":"<h2 data-start=\"202\" data-end=\"268\"><strong data-start=\"206\" data-end=\"268\">TimberIN Nordic Nomad\u2122 \u2013 Sauna tonneau mobile sur remorque<\/strong><\/h2>\n<p data-start=\"269\" data-end=\"349\"><strong data-start=\"269\" data-end=\"349\">L\u2019exp\u00e9rience authentique du sauna finlandais \u2013 partout o\u00f9 la route vous m\u00e8ne<\/strong><\/p>\n<p data-start=\"351\" data-end=\"684\">Le <strong data-start=\"354\" data-end=\"380\">TimberIN Nordic Nomad\u2122<\/strong> est un sauna tonneau mobile haut de gamme con\u00e7u pour offrir une libert\u00e9 totale sans compromis sur la qualit\u00e9. Install\u00e9 sur une remorque routi\u00e8re frein\u00e9e et fabriqu\u00e9 artisanalement en Europe, il d\u00e9livre les m\u00eames performances thermiques et le m\u00eame confort qu\u2019un sauna ext\u00e9rieur fixe \u2014 o\u00f9 que vous alliez.<\/p>\n<p data-start=\"686\" data-end=\"822\">Id\u00e9al pour les jardins priv\u00e9s, r\u00e9sidences de vacances, bords de lacs, sites de glamping, locations saisonni\u00e8res et \u00e9v\u00e9nements bien-\u00eatre.<\/p>\n<h3 data-start=\"829\" data-end=\"862\"><strong data-start=\"833\" data-end=\"862\">Construction &amp; dimensions<\/strong><\/h3>\n<p data-start=\"863\" data-end=\"1055\">Fabriqu\u00e9 en <strong data-start=\"875\" data-end=\"894\">\u00e9pic\u00e9a nordique<\/strong> ou en <strong data-start=\"901\" data-end=\"915\">Thermowood<\/strong>, sa forme tonneau assure une excellente circulation de la chaleur, une mont\u00e9e en temp\u00e9rature rapide et une efficacit\u00e9 \u00e9nerg\u00e9tique optimale.<\/p>\n<p data-start=\"1057\" data-end=\"1108\"><strong data-start=\"1057\" data-end=\"1084\">Longueurs disponibles :<\/strong><br data-start=\"1084\" data-end=\"1087\" \/>2 m \u00b7 3 m \u00b7 4 m \u00b7 5 m<\/p>\n<h3 data-start=\"1115\" data-end=\"1148\"><strong data-start=\"1119\" data-end=\"1148\">Remorque homologu\u00e9e route<\/strong><\/h3>\n<ul data-start=\"1149\" data-end=\"1351\">\n<li data-start=\"1149\" data-end=\"1223\">\n<p data-start=\"1151\" data-end=\"1223\"><strong data-start=\"1151\" data-end=\"1185\">Remorque simple essieu frein\u00e9e<\/strong> (jusqu\u2019\u00e0 1800 kg) \u2013 mod\u00e8les 2 \u00e0 4 m<\/p>\n<\/li>\n<li data-start=\"1224\" data-end=\"1298\">\n<p data-start=\"1226\" data-end=\"1298\"><strong data-start=\"1226\" data-end=\"1260\">Remorque double essieu frein\u00e9e<\/strong> (jusqu\u2019\u00e0 2000 kg) \u2013 mod\u00e8les 4 \u00e0 5 m<\/p>\n<\/li>\n<li data-start=\"1299\" data-end=\"1351\">\n<p data-start=\"1301\" data-end=\"1351\"><strong data-start=\"1301\" data-end=\"1328\">Escalier fixe en option<\/strong> pour un acc\u00e8s s\u00e9curis\u00e9<\/p>\n<\/li>\n<\/ul>\n<h3 data-start=\"1358\" data-end=\"1386\"><strong data-start=\"1362\" data-end=\"1386\">Options de chauffage<\/strong><\/h3>\n<ul data-start=\"1387\" data-end=\"1502\">\n<li data-start=\"1387\" data-end=\"1441\">\n<p data-start=\"1389\" data-end=\"1441\"><strong data-start=\"1389\" data-end=\"1405\">Po\u00eale \u00e0 bois<\/strong> : Harvia M3, M3 SL, 20 PRO, 20 SL<\/p>\n<\/li>\n<li data-start=\"1442\" data-end=\"1502\">\n<p data-start=\"1444\" data-end=\"1502\"><strong data-start=\"1444\" data-end=\"1468\">Chauffage \u00e9lectrique<\/strong> : Harvia Cilindro 9 kW ou 11 kW<\/p>\n<\/li>\n<\/ul>\n<p data-start=\"1504\" data-end=\"1645\">Toutes les versions offrent une chaleur puissante et homog\u00e8ne, avec <strong data-start=\"1572\" data-end=\"1599\">options d\u2019\u00e9clairage LED<\/strong> et <strong data-start=\"1603\" data-end=\"1628\">barri\u00e8res de s\u00e9curit\u00e9<\/strong> autour du po\u00eale.<\/p>\n<h3 data-start=\"1652\" data-end=\"1690\"><strong data-start=\"1656\" data-end=\"1690\">Am\u00e9nagement &amp; personnalisation<\/strong><\/h3>\n<ul data-start=\"1691\" data-end=\"1941\">\n<li data-start=\"1691\" data-end=\"1733\">\n<p data-start=\"1693\" data-end=\"1733\"><strong data-start=\"1693\" data-end=\"1716\">Vestiaire en option<\/strong> (1 m ou 1,5 m)<\/p>\n<\/li>\n<li data-start=\"1734\" data-end=\"1768\">\n<p data-start=\"1736\" data-end=\"1768\">Porte vitr\u00e9e entre les espaces<\/p>\n<\/li>\n<li data-start=\"1769\" data-end=\"1820\">\n<p data-start=\"1771\" data-end=\"1820\"><strong data-start=\"1771\" data-end=\"1802\">Fen\u00eatre panoramique arri\u00e8re<\/strong> (50 % ou 100 %)<\/p>\n<\/li>\n<li data-start=\"1821\" data-end=\"1872\">\n<p data-start=\"1823\" data-end=\"1872\"><strong data-start=\"1823\" data-end=\"1856\">Terrasse avec auvent et bancs<\/strong> (optionnelle)<\/p>\n<\/li>\n<li data-start=\"1873\" data-end=\"1907\">\n<p data-start=\"1875\" data-end=\"1907\">Syst\u00e8me de ventilation int\u00e9gr\u00e9<\/p>\n<\/li>\n<li data-start=\"1908\" data-end=\"1941\">\n<p data-start=\"1910\" data-end=\"1941\">Porte d\u2019entr\u00e9e pleine et isol\u00e9e<\/p>\n<\/li>\n<\/ul>\n<h3 data-start=\"1948\" data-end=\"1965\"><strong data-start=\"1952\" data-end=\"1965\">Livraison<\/strong><\/h3>\n<ul data-start=\"1966\" data-end=\"2097\">\n<li data-start=\"1966\" data-end=\"2000\">\n<p data-start=\"1968\" data-end=\"2000\">Livr\u00e9 <strong data-start=\"1974\" data-end=\"1998\">enti\u00e8rement assembl\u00e9<\/strong><\/p>\n<\/li>\n<li data-start=\"2001\" data-end=\"2045\">\n<p data-start=\"2003\" data-end=\"2045\">Mat\u00e9riel de d\u00e9chargement requis sur site<\/p>\n<\/li>\n<li data-start=\"2046\" data-end=\"2097\">\n<p data-start=\"2048\" data-end=\"2097\">Frais de livraison calcul\u00e9s selon la localisation<\/p>\n<\/li>\n<\/ul>\n<h3 data-start=\"2104\" data-end=\"2147\"><strong data-start=\"2108\" data-end=\"2147\">Pourquoi choisir le Nordic Nomad\u2122 ?<\/strong><\/h3>\n<p data-start=\"2148\" data-end=\"2367\">\u2714 Sauna totalement mobile et pr\u00eat pour la route<br data-start=\"2195\" data-end=\"2198\" \/>\u2714 V\u00e9ritable exp\u00e9rience de sauna finlandais<br data-start=\"2240\" data-end=\"2243\" \/>\u2714 Mat\u00e9riaux nordiques premium<br data-start=\"2272\" data-end=\"2275\" \/>\u2714 Configurations et chauffages personnalisables<br data-start=\"2322\" data-end=\"2325\" \/>\u2714 Parfait pour un usage priv\u00e9 ou locatif<\/p>\n<p data-start=\"2369\" data-end=\"2421\"><strong data-start=\"2369\" data-end=\"2421\">O\u00f9 que vous vous arr\u00eatiez, votre sauna est pr\u00eat.<\/strong><\/p>","protected":false},"excerpt":{"rendered":"<p style=\"text-align: left;\"><strong data-start=\"0\" data-end=\"50\" data-is-only-node=\"\">Le sauna tonneau mobile TimberIN Nordic Nomad\u2122<\/strong> apporte le bien-\u00eatre authentique du sauna finlandais partout o\u00f9 vous allez. Construit sur une remorque frein\u00e9e et fabriqu\u00e9 artisanalement en \u00e9pic\u00e9a nordique haut de gamme ou en Thermowood, ce sauna tonneau enti\u00e8rement mobile est disponible en longueurs de 2 \u00e0 5 m, avec des options de chauffage au bois ou \u00e9lectrique. Id\u00e9al pour les bords de lacs, les r\u00e9sidences de vacances, les \u00e9v\u00e9nements ou les retraites priv\u00e9es, il associe le savoir-faire nordique, une mont\u00e9e en temp\u00e9rature rapide et une v\u00e9ritable libert\u00e9 de localisation.<\/p>","protected":false},"featured_media":20964,"comment_status":"open","ping_status":"closed","template":"","meta":{"_uag_custom_page_level_css":""},"product_brand":[],"product_cat":[3702,3309,2606,3705],"product_tag":[3742,3455,3450,3740,3504,3535,3728,3452,3431,3741,3451],"class_list":{"0":"post-20913","1":"product","2":"type-product","3":"status-publish","4":"has-post-thumbnail","6":"product_cat-sauna-exterieur","7":"product_cat-bois","8":"product_cat-mobilesauna","9":"product_cat-tonneau","10":"product_tag-sauna-bois-nordique","11":"product_tag-sauna-evenementiel","12":"product_tag-sauna-exterieur-mobile","13":"product_tag-sauna-finlandais-mobile","14":"product_tag-sauna-glamping","15":"product_tag-sauna-mobile","16":"product_tag-sauna-professionnel","17":"product_tag-sauna-sur-remorque","18":"product_tag-sauna-thermowood","19":"product_tag-sauna-tonneau-bois","20":"product_tag-sauna-tonneau-mobile","21":"pa_longueur-2000-mm","22":"pa_longueur-219","23":"pa_longueur-220","24":"pa_longueur-221","25":"pa_woodtype-spruce","26":"pa_woodtype-thermo","28":"first","29":"instock","30":"taxable","31":"shipping-taxable","32":"purchasable","33":"product-type-variable"},"wppr_data":{"cwp_meta_box_check":"No"},"uagb_featured_image_src":{"full":["https:\/\/www.bainnordiques.fr\/wp-content\/uploads\/2017\/09\/Sauna-ext\u00e9rieur-avec-remorque-vestiaire-et-po\u00eale-\u00e0-bois-Harvia-39.jpg",1024,778,false],"thumbnail":["https:\/\/www.bainnordiques.fr\/wp-content\/uploads\/2017\/09\/Sauna-ext\u00e9rieur-avec-remorque-vestiaire-et-po\u00eale-\u00e0-bois-Harvia-39-150x150.jpg",150,150,true],"medium":["https:\/\/www.bainnordiques.fr\/wp-content\/uploads\/2017\/09\/Sauna-ext\u00e9rieur-avec-remorque-vestiaire-et-po\u00eale-\u00e0-bois-Harvia-39-300x228.jpg",300,228,true],"medium_large":["https:\/\/www.bainnordiques.fr\/wp-content\/uploads\/2017\/09\/Sauna-ext\u00e9rieur-avec-remorque-vestiaire-et-po\u00eale-\u00e0-bois-Harvia-39.jpg",null,null,true],"large":["https:\/\/www.bainnordiques.fr\/wp-content\/uploads\/2017\/09\/Sauna-ext\u00e9rieur-avec-remorque-vestiaire-et-po\u00eale-\u00e0-bois-Harvia-39-700x532.jpg",700,532,true]},"uagb_author_info":{"display_name":"C\u00e9line BERNARD FR [V\u00c9RIFI\u00c9]","author_link":"https:\/\/www.bainnordiques.fr\/be\/author\/"},"uagb_comment_info":0,"uagb_excerpt":"Le sauna tonneau mobile TimberIN Nordic Nomad\u2122 apporte le bien-\u00eatre authentique du sauna finlandais partout o\u00f9 vous allez. Construit sur une remorque frein\u00e9e et fabriqu\u00e9 artisanalement en \u00e9pic\u00e9a nordique haut de gamme ou en Thermowood, ce sauna tonneau enti\u00e8rement mobile est disponible en longueurs de 2 \u00e0 5 m, avec des options de chauffage au&hellip;","_links":{"self":[{"href":"https:\/\/www.bainnordiques.fr\/be\/wp-json\/wp\/v2\/product\/20913","targetHints":{"allow":["GET"]}}],"collection":[{"href":"https:\/\/www.bainnordiques.fr\/be\/wp-json\/wp\/v2\/product"}],"about":[{"href":"https:\/\/www.bainnordiques.fr\/be\/wp-json\/wp\/v2\/types\/product"}],"replies":[{"embeddable":true,"href":"https:\/\/www.bainnordiques.fr\/be\/wp-json\/wp\/v2\/comments?post=20913"}],"wp:featuredmedia":[{"embeddable":true,"href":"https:\/\/www.bainnordiques.fr\/be\/wp-json\/wp\/v2\/media\/20964"}],"wp:attachment":[{"href":"https:\/\/www.bainnordiques.fr\/be\/wp-json\/wp\/v2\/media?parent=20913"}],"wp:term":[{"taxonomy":"product_brand","embeddable":true,"href":"https:\/\/www.bainnordiques.fr\/be\/wp-json\/wp\/v2\/product_brand?post=20913"},{"taxonomy":"product_cat","embeddable":true,"href":"https:\/\/www.bainnordiques.fr\/be\/wp-json\/wp\/v2\/product_cat?post=20913"},{"taxonomy":"product_tag","embeddable":true,"href":"https:\/\/www.bainnordiques.fr\/be\/wp-json\/wp\/v2\/product_tag?post=20913"}],"curies":[{"name":"wp","href":"https:\/\/api.w.org\/{rel}","templated":true}]}}