{"id":22545,"date":"2024-11-17T16:00:30","date_gmt":"2024-11-17T14:00:30","guid":{"rendered":"https:\/\/bainnordiques.fr\/shop\/filtre-uv-c-pour-traitement-de-leau-sans-produits-chimiques\/"},"modified":"2026-04-08T21:26:46","modified_gmt":"2026-04-08T19:26:46","slug":"filtre-uv-pour-bains-nordiques-et-piscines","status":"publish","type":"product","link":"https:\/\/www.bainnordiques.fr\/be\/shop\/filtre-uv-pour-bains-nordiques-et-piscines\/","title":{"rendered":"Filtre UV pour bains nordiques et piscines"},"content":{"rendered":"<h2><strong>Filtre UV pour bains nordiques et piscines : une eau cristalline et saine<\/strong><\/h2>\n<p><span style=\"color: #ff0000;\">** Compatible uniquement avec notre syst\u00e8me de filtration sur sable (mise \u00e0 niveau)! <\/span><\/p>\n<p>D\u00e9couvrez notre filtre UV ultra-efficace pour bains nordiques et piscines, la solution id\u00e9ale pour une eau cristalline et saine !<\/p>\n<p><strong>Caract\u00e9ristiques principales :<\/strong><\/p>\n<ul>\n<li>Ballast \u00e9lectronique int\u00e9gr\u00e9 pour une alimentation \u00e9lectrique stable<\/li>\n<li>Lampe UV-C sp\u00e9cialement con\u00e7ue pour les temp\u00e9ratures \u00e9lev\u00e9es (jusqu&rsquo;\u00e0 40 \u00b0C)<\/li>\n<li>Taille compacte pour une installation facile<\/li>\n<li>Bo\u00eetier en plastique durable<\/li>\n<li>Installation et entretien ais\u00e9s<\/li>\n<li>Longue dur\u00e9e de vie de la lampe (9 000 heures) avec alerte de remplacement<\/li>\n<li>Module UV-C TUV PL-S &#8211; 12 W<\/li>\n<li>Compatible avec les filtres \u00e0 sable (notamment notre syst\u00e8me de filtration d&rsquo;eau)<\/li>\n<\/ul>\n<p><strong>Une d\u00e9sinfection efficace et \u00e9cologique<\/strong><\/p>\n<p>Le filtre UV fonctionne en exposant l&rsquo;eau \u00e0 un rayonnement UV-C \u00e0 une longueur d&rsquo;onde de 254 nanom\u00e8tres. Ce rayonnement, \u00e9mis par une lampe sp\u00e9ciale, \u00e9limine efficacement les germes et les bact\u00e9ries. Gr\u00e2ce \u00e0 la longueur de l&rsquo;appareil, l&rsquo;eau est expos\u00e9e suffisamment longtemps pour une d\u00e9sinfection optimale.<\/p>\n<p>Votre bain nordique ou votre piscine sera ainsi d\u00e9sinfect\u00e9 en toute s\u00e9curit\u00e9, garantissant une eau de qualit\u00e9 exceptionnelle. Le rayonnement UV-C neutralise les bact\u00e9ries, les virus et autres micro-organismes, emp\u00eachant leur prolif\u00e9ration. Vous pouvez ainsi r\u00e9duire votre consommation de chlore de 50 \u00e0 80 % !<\/p>\n<p><strong>Consignes de s\u00e9curit\u00e9 importantes<\/strong><\/p>\n<ul>\n<li>\u00c9viter tout contact direct avec la lampe UV-C, car le rayonnement peut \u00eatre dangereux pour les yeux et la peau.<\/li>\n<li>V\u00e9rifier le fonctionnement de la lampe uniquement \u00e0 travers les fixations transparentes de l&rsquo;appareil.<\/li>\n<li>Ne pas utiliser l&rsquo;appareil si des pi\u00e8ces sont endommag\u00e9es, en particulier le verre de quartz.<\/li>\n<li>D\u00e9brancher l&rsquo;appareil s&rsquo;il ne s&rsquo;allume pas.<\/li>\n<li>Retirer l&rsquo;appareil pendant les mois d&rsquo;hiver en cas de gel.<\/li>\n<li>Laisser la lampe refroidir pendant 10 minutes apr\u00e8s l&rsquo;arr\u00eat de l&rsquo;appareil.<\/li>\n<li>Ne jamais immerger l&rsquo;appareil dans l&rsquo;eau.<\/li>\n<\/ul>\n<p>Remplacez la lampe sp\u00e9ciale apr\u00e8s 9 000 heures d&rsquo;utilisation. Nettoyez r\u00e9guli\u00e8rement le tube de verre contenant la lampe pour \u00e9viter la formation d&rsquo;algues ou de calcaire. Utilisez une brosse douce pour nettoyer l&rsquo;int\u00e9rieur en acier inoxydable.<\/p>","protected":false},"excerpt":{"rendered":"<p style=\"text-align: right;\"><strong>[Incl. % TVA]<\/strong><\/p>\n<p style=\"text-align: right;\"><span style=\"color: #ff0000;\"><strong>*Frais d&rsquo;exp\u00e9dition: inclus<\/strong><\/span><br \/>\n*Livraison: ~4-6 jours ouvr\u00e9s<\/p>\n<p style=\"text-align: right;\">[credit cards=\"paypal,visa,mastercard\"]<\/p>\n","protected":false},"featured_media":22770,"comment_status":"closed","ping_status":"closed","template":"","meta":{"_uag_custom_page_level_css":""},"product_brand":[],"product_cat":[280],"product_tag":[],"class_list":{"0":"post-22545","1":"product","2":"type-product","3":"status-publish","4":"has-post-thumbnail","6":"product_cat-accessoires","8":"first","9":"instock","10":"taxable","11":"shipping-taxable","12":"purchasable","13":"product-type-simple"},"wppr_data":{"cwp_meta_box_check":"No"},"uagb_featured_image_src":{"full":["https:\/\/www.bainnordiques.fr\/wp-content\/uploads\/2018\/01\/Filtre-UV-C-pour-traitement-de-leau-sans-produits-chimiques-1-1.png",1024,784,false],"thumbnail":["https:\/\/www.bainnordiques.fr\/wp-content\/uploads\/2018\/01\/Filtre-UV-C-pour-traitement-de-leau-sans-produits-chimiques-1-1-150x150.png",150,150,true],"medium":["https:\/\/www.bainnordiques.fr\/wp-content\/uploads\/2018\/01\/Filtre-UV-C-pour-traitement-de-leau-sans-produits-chimiques-1-1-300x230.png",300,230,true],"medium_large":["https:\/\/www.bainnordiques.fr\/wp-content\/uploads\/2018\/01\/Filtre-UV-C-pour-traitement-de-leau-sans-produits-chimiques-1-1.png",null,null,true],"large":["https:\/\/www.bainnordiques.fr\/wp-content\/uploads\/2018\/01\/Filtre-UV-C-pour-traitement-de-leau-sans-produits-chimiques-1-1-700x536.png",700,536,true]},"uagb_author_info":{"display_name":"C\u00e9line BERNARD FR [V\u00c9RIFI\u00c9]","author_link":"https:\/\/www.bainnordiques.fr\/be\/author\/"},"uagb_comment_info":0,"uagb_excerpt":"[Incl. % TVA] *Frais d'exp\u00e9dition: inclus *Livraison: ~4-6 jours ouvr\u00e9s [credit cards=\"paypal,visa,mastercard\"]","_links":{"self":[{"href":"https:\/\/www.bainnordiques.fr\/be\/wp-json\/wp\/v2\/product\/22545","targetHints":{"allow":["GET"]}}],"collection":[{"href":"https:\/\/www.bainnordiques.fr\/be\/wp-json\/wp\/v2\/product"}],"about":[{"href":"https:\/\/www.bainnordiques.fr\/be\/wp-json\/wp\/v2\/types\/product"}],"replies":[{"embeddable":true,"href":"https:\/\/www.bainnordiques.fr\/be\/wp-json\/wp\/v2\/comments?post=22545"}],"wp:featuredmedia":[{"embeddable":true,"href":"https:\/\/www.bainnordiques.fr\/be\/wp-json\/wp\/v2\/media\/22770"}],"wp:attachment":[{"href":"https:\/\/www.bainnordiques.fr\/be\/wp-json\/wp\/v2\/media?parent=22545"}],"wp:term":[{"taxonomy":"product_brand","embeddable":true,"href":"https:\/\/www.bainnordiques.fr\/be\/wp-json\/wp\/v2\/product_brand?post=22545"},{"taxonomy":"product_cat","embeddable":true,"href":"https:\/\/www.bainnordiques.fr\/be\/wp-json\/wp\/v2\/product_cat?post=22545"},{"taxonomy":"product_tag","embeddable":true,"href":"https:\/\/www.bainnordiques.fr\/be\/wp-json\/wp\/v2\/product_tag?post=22545"}],"curies":[{"name":"wp","href":"https:\/\/api.w.org\/{rel}","templated":true}]}}