{"id":27381,"date":"2005-01-01T11:40:31","date_gmt":"2005-01-01T09:40:31","guid":{"rendered":"https:\/\/bainnordiques.fr\/?post_type=product&#038;p=27381"},"modified":"2026-04-08T21:26:58","modified_gmt":"2026-04-08T19:26:58","slug":"timberin-nordic-pellet-comfort","status":"publish","type":"product","link":"https:\/\/www.bainnordiques.fr\/be\/shop\/timberin-nordic-pellet-comfort\/","title":{"rendered":"TimberIN Nordic\u2122 Pellet Comfort"},"content":{"rendered":"<h2 data-start=\"0\" data-end=\"80\"><strong data-start=\"0\" data-end=\"80\">TimberIN Nordic\u2122 Pellet Comfort \u2013 Bain nordique chauff\u00e9 aux granul\u00e9s de bois<\/strong><\/h2>\n<p data-start=\"82\" data-end=\"401\">Le <strong data-start=\"85\" data-end=\"120\">TimberIN Nordic\u2122 Pellet Comfort<\/strong> associe l\u2019atmosph\u00e8re naturelle du chauffage au bois au confort moderne d\u2019un syst\u00e8me \u00e0 granul\u00e9s, offrant une chaleur r\u00e9guli\u00e8re avec un minimum d\u2019efforts. Plus pratique qu\u2019un po\u00eale \u00e0 b\u00fbches, il assure une temp\u00e9rature stable tout en conservant le charme et le parfum du bois naturel.<\/p>\n<p data-start=\"403\" data-end=\"760\">\u00c9quip\u00e9 de s\u00e9rie d\u2019un <strong data-start=\"424\" data-end=\"469\">habillage ext\u00e9rieur en WPC sans entretien<\/strong>, d\u2019un <strong data-start=\"476\" data-end=\"527\">int\u00e9rieur en fibre de verre lisse et hygi\u00e9nique<\/strong> et d\u2019une <strong data-start=\"537\" data-end=\"559\">isolation efficace<\/strong>, ce bain nordique est con\u00e7u pour durer et pour un usage fr\u00e9quent. Il peut \u00eatre configur\u00e9 avec un <strong data-start=\"657\" data-end=\"696\">po\u00eale \u00e0 granul\u00e9s int\u00e9gr\u00e9 ou externe<\/strong>, avec la possibilit\u00e9 d\u2019opter pour un po\u00eale \u00e0 bois traditionnel.<\/p>\n<p data-start=\"762\" data-end=\"1060\" data-is-last-node=\"\" data-is-only-node=\"\">Disponible en <strong data-start=\"776\" data-end=\"803\">1800 mm (4\u20136 personnes)<\/strong> et <strong data-start=\"807\" data-end=\"834\">2000 mm (6\u20138 personnes)<\/strong>, le Pellet Comfort est id\u00e9al pour les jardins, les terrasses, les locations de vacances et les espaces bien-\u00eatre modernes.<br data-start=\"957\" data-end=\"960\" \/>Une solution fiable et contemporaine pour profiter pleinement du bain nordique, en toute simplicit\u00e9.<\/p>\n<p><a href=\"https:\/\/www.instagram.com\/p\/COk7AJBg3PL\/?utm_source=ig_embed\" target=\"_blank\" rel=\"https:\/\/www.instagram.com\/p\/COk7AJBg3PL\/?utm_source=ig_embed noopener\"><img decoding=\"async\" class=\"aligncenter wp-image-41952 size-large\" src=\"https:\/\/www.bainnordiques.fr\/wp-content\/uploads\/2005\/01\/bain-norique-granules-1024x657.jpg\" alt=\"bain norique granules\" width=\"1024\" height=\"657\" title=\"\" srcset=\"https:\/\/www.bainnordiques.fr\/wp-content\/uploads\/2005\/01\/bain-norique-granules-1024x657.jpg 1024w, https:\/\/www.bainnordiques.fr\/wp-content\/uploads\/2005\/01\/bain-norique-granules-300x193.jpg 300w, https:\/\/www.bainnordiques.fr\/wp-content\/uploads\/2005\/01\/bain-norique-granules-768x493.jpg 768w, https:\/\/www.bainnordiques.fr\/wp-content\/uploads\/2005\/01\/bain-norique-granules.jpg 1131w\" sizes=\"(max-width: 1024px) 100vw, 1024px\" \/><\/a><\/p>\n<p>&nbsp;<\/p>","protected":false},"excerpt":{"rendered":"<p style=\"text-align: left;\"><strong data-start=\"30\" data-end=\"65\">TimberIN Nordic\u2122 Pellet Comfort<\/strong> est un bain nordique moderne chauff\u00e9 aux granul\u00e9s de bois, con\u00e7u pour une d\u00e9tente ext\u00e9rieure sans effort. Dot\u00e9 d\u2019un habillage ext\u00e9rieur en <strong data-start=\"205\" data-end=\"227\" data-is-only-node=\"\">WPC sans entretien<\/strong>, d\u2019un <strong data-start=\"234\" data-end=\"271\">int\u00e9rieur lisse en fibre de verre<\/strong> et d\u2019un <strong data-start=\"280\" data-end=\"317\">chauffage aux granul\u00e9s performant<\/strong>, il assure une chaleur constante avec un minimum de contraintes. Disponible avec un <strong data-start=\"402\" data-end=\"441\">po\u00eale \u00e0 granul\u00e9s int\u00e9gr\u00e9 ou externe<\/strong> et en <strong data-start=\"448\" data-end=\"477\">deux dimensions pratiques<\/strong>, il est id\u00e9al pour les jardins, les locations et les espaces bien-\u00eatre ext\u00e9rieurs contemporains.<\/p>","protected":false},"featured_media":7750476,"comment_status":"open","ping_status":"closed","template":"","meta":{"_uag_custom_page_level_css":""},"product_brand":[],"product_cat":[3584,3652,3653],"product_tag":[3316,3317,3318,3641,3643,3640,3327,3642,3330,3638,3361,3341,3403,3360,3639,3352,3637,3609,3382,3356],"class_list":{"0":"post-27381","1":"product","2":"type-product","3":"status-publish","4":"has-post-thumbnail","6":"product_cat-bains-nordiques","7":"product_cat-familial","8":"product_cat-jets-bulles","9":"product_tag-bain-nordique-4-personnes","10":"product_tag-bain-nordique-6-personnes","11":"product_tag-bain-nordique-8-personnes","12":"product_tag-bain-nordique-bien-etre","13":"product_tag-bain-nordique-chauffage-automatique","14":"product_tag-bain-nordique-chauffe-aux-granules","15":"product_tag-bain-nordique-exterieur","16":"product_tag-bain-nordique-facile-entretien","17":"product_tag-bain-nordique-fibre-de-verre","18":"product_tag-bain-nordique-granules","19":"product_tag-bain-nordique-haut-de-gamme","20":"product_tag-bain-nordique-jardin","21":"product_tag-bain-nordique-location","22":"product_tag-bain-nordique-moderne","23":"product_tag-bain-nordique-pellets","24":"product_tag-bain-nordique-terrasse","25":"product_tag-bain-nordique-timberin","26":"product_tag-bain-nordique-wpc","27":"product_tag-spa-nordique-bois","28":"product_tag-spa-nordique-granules","29":"pa_stoves-outside-stainless-steel-stove","30":"pa_stoves-poele-combustion-au-bois-integre-en-acier-inoxydable-316","31":"pa_stoves-poele-a-granules-externe-smart-controle-par-application","32":"pa_stoves-poele-a-granules-de-bois-en-acier-inoxydable-316-integre-controle-par-application","34":"first","35":"instock","36":"taxable","37":"shipping-taxable","38":"purchasable","39":"product-type-variable"},"wppr_data":{"cwp_meta_box_check":"No"},"uagb_featured_image_src":{"full":["https:\/\/www.bainnordiques.fr\/wp-content\/uploads\/2005\/01\/timberin-nordic-pellet-comfort.png",1536,1024,false],"thumbnail":["https:\/\/www.bainnordiques.fr\/wp-content\/uploads\/2005\/01\/timberin-nordic-pellet-comfort-150x150.png",150,150,true],"medium":["https:\/\/www.bainnordiques.fr\/wp-content\/uploads\/2005\/01\/timberin-nordic-pellet-comfort-300x200.png",300,200,true],"medium_large":["https:\/\/www.bainnordiques.fr\/wp-content\/uploads\/2005\/01\/timberin-nordic-pellet-comfort.png",null,null,true],"large":["https:\/\/www.bainnordiques.fr\/wp-content\/uploads\/2005\/01\/timberin-nordic-pellet-comfort-700x467.png",700,467,true]},"uagb_author_info":{"display_name":"C\u00e9line BERNARD FR [V\u00c9RIFI\u00c9]","author_link":"https:\/\/www.bainnordiques.fr\/be\/author\/"},"uagb_comment_info":17,"uagb_excerpt":"TimberIN Nordic\u2122 Pellet Comfort est un bain nordique moderne chauff\u00e9 aux granul\u00e9s de bois, con\u00e7u pour une d\u00e9tente ext\u00e9rieure sans effort. Dot\u00e9 d\u2019un habillage ext\u00e9rieur en WPC sans entretien, d\u2019un int\u00e9rieur lisse en fibre de verre et d\u2019un chauffage aux granul\u00e9s performant, il assure une chaleur constante avec un minimum de contraintes. Disponible avec un&hellip;","_links":{"self":[{"href":"https:\/\/www.bainnordiques.fr\/be\/wp-json\/wp\/v2\/product\/27381","targetHints":{"allow":["GET"]}}],"collection":[{"href":"https:\/\/www.bainnordiques.fr\/be\/wp-json\/wp\/v2\/product"}],"about":[{"href":"https:\/\/www.bainnordiques.fr\/be\/wp-json\/wp\/v2\/types\/product"}],"replies":[{"embeddable":true,"href":"https:\/\/www.bainnordiques.fr\/be\/wp-json\/wp\/v2\/comments?post=27381"}],"wp:featuredmedia":[{"embeddable":true,"href":"https:\/\/www.bainnordiques.fr\/be\/wp-json\/wp\/v2\/media\/7750476"}],"wp:attachment":[{"href":"https:\/\/www.bainnordiques.fr\/be\/wp-json\/wp\/v2\/media?parent=27381"}],"wp:term":[{"taxonomy":"product_brand","embeddable":true,"href":"https:\/\/www.bainnordiques.fr\/be\/wp-json\/wp\/v2\/product_brand?post=27381"},{"taxonomy":"product_cat","embeddable":true,"href":"https:\/\/www.bainnordiques.fr\/be\/wp-json\/wp\/v2\/product_cat?post=27381"},{"taxonomy":"product_tag","embeddable":true,"href":"https:\/\/www.bainnordiques.fr\/be\/wp-json\/wp\/v2\/product_tag?post=27381"}],"curies":[{"name":"wp","href":"https:\/\/api.w.org\/{rel}","templated":true}]}}