{"id":40090,"date":"2023-11-10T16:20:19","date_gmt":"2023-11-10T14:20:19","guid":{"rendered":"https:\/\/www.bainnordiques.fr\/?post_type=product&#038;p=40090"},"modified":"2026-04-23T22:11:28","modified_gmt":"2026-04-23T20:11:28","slug":"spa-exterieur-acrylique-luxe-nordic-lux-electric","status":"publish","type":"product","link":"https:\/\/www.bainnordiques.fr\/be\/shop\/spa-exterieur-acrylique-luxe-nordic-lux-electric\/","title":{"rendered":"TimberIN Nordic Square\u2122 Bain Nordique Acrylique \u2013 Po\u00eale \u00e0 bois externe ou int\u00e9gr\u00e9 (\u00c9dition Marbre Luxe)"},"content":{"rendered":"<h2 data-start=\"544\" data-end=\"735\"><strong>TimberIN Nordic Square\u2122 Bain Nordique Acrylique \u2013 Po\u00eale \u00e0 bois externe ou int\u00e9gr\u00e9 (\u00c9dition Marbre Luxe)<\/strong><\/h2>\n<p data-start=\"544\" data-end=\"735\">\nLe <strong data-start=\"547\" data-end=\"598\">TimberIN Nordic Square\u2122 Bain Nordique Acrylique<\/strong> est con\u00e7u pour offrir une exp\u00e9rience de bien-\u00eatre exceptionnelle, alliant design moderne, performance et chauffage traditionnel au bois.<\/p>\n<p data-start=\"737\" data-end=\"988\">Sa cuve en <strong data-start=\"748\" data-end=\"799\">acrylique de haute qualit\u00e9 avec finition marbre<\/strong> garantit durabilit\u00e9, facilit\u00e9 d\u2019entretien et esth\u00e9tique \u00e9l\u00e9gante. Sa forme carr\u00e9e offre plus d\u2019espace int\u00e9rieur qu\u2019un mod\u00e8le rond, id\u00e9al pour partager des moments en famille ou entre amis.<\/p>\n<p data-start=\"990\" data-end=\"1028\">Deux configurations sont disponibles :<\/p>\n<ul data-start=\"1029\" data-end=\"1217\">\n<li data-section-id=\"1dyq8lj\" data-start=\"1029\" data-end=\"1110\">\ud83d\udd25 <strong data-start=\"1034\" data-end=\"1058\">Po\u00eale \u00e0 bois externe<\/strong> \u2013 plus d\u2019espace \u00e0 l\u2019int\u00e9rieur, style traditionnel<\/li>\n<li data-section-id=\"1985dnx\" data-start=\"1111\" data-end=\"1217\">\ud83d\udd25 <strong data-start=\"1116\" data-end=\"1143\">Po\u00eale int\u00e9gr\u00e9 \u201cHorizon\u201d<\/strong> \u2013 design compact, meilleure efficacit\u00e9 thermique + chauffage \u00e9lectrique<\/li>\n<\/ul>\n<p data-start=\"1219\" data-end=\"1320\">Chaque mod\u00e8le est \u00e9quip\u00e9 de <strong data-start=\"1247\" data-end=\"1319\">syst\u00e8mes de massage, \u00e9clairage LED et habillage en bois thermotrait\u00e9<\/strong>.<\/p>\n<h2 data-section-id=\"dpwf58\" data-start=\"1327\" data-end=\"1367\"><span role=\"text\">\ud83d\udd25 <strong data-start=\"1332\" data-end=\"1367\">MOD\u00c8LE 1 : Po\u00eale \u00e0 bois externe<\/strong><\/span><\/h2>\n<h2 data-section-id=\"1a1ahae\" data-start=\"1369\" data-end=\"1384\">Points forts<\/h2>\n<ul data-start=\"1385\" data-end=\"1612\">\n<li data-section-id=\"92bg8x\" data-start=\"1385\" data-end=\"1437\">Bain nordique carr\u00e9 spacieux avec cuve acrylique<\/li>\n<li data-section-id=\"1kqqeob\" data-start=\"1438\" data-end=\"1494\">Po\u00eale externe <strong data-start=\"1454\" data-end=\"1492\">30 kW en acier inoxydable AISI 304<\/strong><\/li>\n<li data-section-id=\"1ftcqqe\" data-start=\"1495\" data-end=\"1534\">Plus d\u2019espace pour les utilisateurs<\/li>\n<li data-section-id=\"jxx5u9\" data-start=\"1535\" data-end=\"1565\">Massage air + hydromassage<\/li>\n<li data-section-id=\"mbzub8\" data-start=\"1566\" data-end=\"1612\">Habillage en Thermowood couleur anthracite<\/li>\n<\/ul>\n<h2 data-section-id=\"1hj3ybk\" data-start=\"1619\" data-end=\"1675\"><span role=\"text\">\ud83d\udcca <strong data-start=\"1625\" data-end=\"1675\">\u00c9quipements inclus \u2013 Mod\u00e8le avec po\u00eale externe<\/strong><\/span><\/h2>\n<div class=\"TyagGW_tableContainer\">\n<div class=\"group TyagGW_tableWrapper flex flex-col-reverse w-fit\" tabindex=\"-1\">\n<table class=\"w-fit min-w-(--thread-content-width)\" data-start=\"1677\" data-end=\"2462\">\n<thead data-start=\"1677\" data-end=\"1707\">\n<tr data-start=\"1677\" data-end=\"1707\">\n<th class=\"\" data-start=\"1677\" data-end=\"1689\" data-col-size=\"sm\">Cat\u00e9gorie<\/th>\n<th class=\"\" data-start=\"1689\" data-end=\"1707\" data-col-size=\"md\">Sp\u00e9cifications<\/th>\n<\/tr>\n<\/thead>\n<tbody data-start=\"1736\" data-end=\"2462\">\n<tr data-start=\"1736\" data-end=\"1812\">\n<td data-start=\"1736\" data-end=\"1753\" data-col-size=\"sm\"><strong data-start=\"1738\" data-end=\"1752\">Dimensions<\/strong><\/td>\n<td data-start=\"1753\" data-end=\"1812\" data-col-size=\"md\">Int\u00e9rieur : 1700 \u00d7 1700 mm \/ Ext\u00e9rieur : 2200 \u00d7 2200 mm<\/td>\n<\/tr>\n<tr data-start=\"1813\" data-end=\"1862\">\n<td data-start=\"1813\" data-end=\"1824\" data-col-size=\"sm\"><strong data-start=\"1815\" data-end=\"1823\">Cuve<\/strong><\/td>\n<td data-start=\"1824\" data-end=\"1862\" data-col-size=\"md\">Acrylique, effet marbre brun clair<\/td>\n<\/tr>\n<tr data-start=\"1863\" data-end=\"1940\">\n<td data-start=\"1863\" data-end=\"1889\" data-col-size=\"sm\"><strong data-start=\"1865\" data-end=\"1888\">Habillage ext\u00e9rieur<\/strong><\/td>\n<td data-start=\"1889\" data-end=\"1940\" data-col-size=\"md\">Bois thermotrait\u00e9 classe AB, couleur anthracite<\/td>\n<\/tr>\n<tr data-start=\"1941\" data-end=\"2003\">\n<td data-start=\"1941\" data-end=\"1957\" data-col-size=\"sm\"><strong data-start=\"1943\" data-end=\"1956\">Chauffage<\/strong><\/td>\n<td data-start=\"1957\" data-end=\"2003\" data-col-size=\"md\">Po\u00eale \u00e0 bois externe, 30 kW, inox AISI 304<\/td>\n<\/tr>\n<tr data-start=\"2004\" data-end=\"2067\">\n<td data-start=\"2004\" data-end=\"2021\" data-col-size=\"sm\"><strong data-start=\"2006\" data-end=\"2020\">Couverture<\/strong><\/td>\n<td data-start=\"2021\" data-end=\"2067\" data-col-size=\"md\">Couvercle isol\u00e9 en similicuir (gris fonc\u00e9)<\/td>\n<\/tr>\n<tr data-start=\"2068\" data-end=\"2098\">\n<td data-start=\"2068\" data-end=\"2086\" data-col-size=\"sm\"><strong data-start=\"2070\" data-end=\"2085\">Massage air<\/strong><\/td>\n<td data-start=\"2086\" data-end=\"2098\" data-col-size=\"md\">12 buses<\/td>\n<\/tr>\n<tr data-start=\"2099\" data-end=\"2129\">\n<td data-start=\"2099\" data-end=\"2118\" data-col-size=\"sm\"><strong data-start=\"2101\" data-end=\"2117\">Hydromassage<\/strong><\/td>\n<td data-start=\"2118\" data-end=\"2129\" data-col-size=\"md\">8 buses<\/td>\n<\/tr>\n<tr data-start=\"2130\" data-end=\"2155\">\n<td data-start=\"2130\" data-end=\"2146\" data-col-size=\"sm\"><strong data-start=\"2132\" data-end=\"2145\">\u00c9clairage<\/strong><\/td>\n<td data-start=\"2146\" data-end=\"2155\" data-col-size=\"md\">2 LED<\/td>\n<\/tr>\n<tr data-start=\"2156\" data-end=\"2204\">\n<td data-start=\"2156\" data-end=\"2171\" data-col-size=\"sm\"><strong data-start=\"2158\" data-end=\"2170\">Commande<\/strong><\/td>\n<td data-start=\"2171\" data-end=\"2204\" data-col-size=\"md\">Panneau tactile (3 fonctions)<\/td>\n<\/tr>\n<tr data-start=\"2205\" data-end=\"2257\">\n<td data-start=\"2205\" data-end=\"2223\" data-col-size=\"sm\"><strong data-start=\"2207\" data-end=\"2222\">Temp\u00e9rature<\/strong><\/td>\n<td data-start=\"2223\" data-end=\"2257\" data-col-size=\"md\">Thermom\u00e8tre \u00e9lectrique int\u00e9gr\u00e9<\/td>\n<\/tr>\n<tr data-start=\"2258\" data-end=\"2294\">\n<td data-start=\"2258\" data-end=\"2272\" data-col-size=\"sm\"><strong data-start=\"2260\" data-end=\"2271\">Vidange<\/strong><\/td>\n<td data-start=\"2272\" data-end=\"2294\" data-col-size=\"md\">Valve d\u2019\u00e9vacuation<\/td>\n<\/tr>\n<tr data-start=\"2295\" data-end=\"2338\">\n<td data-start=\"2295\" data-end=\"2310\" data-col-size=\"sm\"><strong data-start=\"2297\" data-end=\"2309\">Escalier<\/strong><\/td>\n<td data-start=\"2310\" data-end=\"2338\" data-col-size=\"md\">Marches en bois type \u201cB\u201d<\/td>\n<\/tr>\n<tr data-start=\"2339\" data-end=\"2406\">\n<td data-start=\"2339\" data-end=\"2351\" data-col-size=\"sm\"><strong data-start=\"2341\" data-end=\"2350\">Audio<\/strong><\/td>\n<td data-start=\"2351\" data-end=\"2406\" data-col-size=\"md\">Syst\u00e8me audio avec 2 haut-parleurs LED escamotables<\/td>\n<\/tr>\n<tr data-start=\"2407\" data-end=\"2462\">\n<td data-start=\"2407\" data-end=\"2425\" data-col-size=\"sm\"><strong data-start=\"2409\" data-end=\"2424\">Accessoires<\/strong><\/td>\n<td data-start=\"2425\" data-end=\"2462\" data-col-size=\"md\">Porte-gobelet en acier inoxydable<\/td>\n<\/tr>\n<\/tbody>\n<\/table>\n<\/div>\n<\/div>\n<h2 data-section-id=\"flj9bu\" data-start=\"2469\" data-end=\"2519\"><span role=\"text\">\ud83d\udd25 <strong data-start=\"2474\" data-end=\"2519\">MOD\u00c8LE 2 : Po\u00eale \u00e0 bois int\u00e9gr\u00e9 (Horizon)<\/strong><\/span><\/h2>\n<h2 data-section-id=\"1a1ahae\" data-start=\"2521\" data-end=\"2536\">Points forts<\/h2>\n<ul data-start=\"2537\" data-end=\"2777\">\n<li data-section-id=\"nqim98\" data-start=\"2537\" data-end=\"2575\">Po\u00eale int\u00e9gr\u00e9 en inox <strong data-start=\"2561\" data-end=\"2573\">AISI 304<\/strong><\/li>\n<li data-section-id=\"1jso2mw\" data-start=\"2576\" data-end=\"2624\">Chauffage \u00e9lectrique suppl\u00e9mentaire <strong data-start=\"2614\" data-end=\"2622\">3 kW<\/strong><\/li>\n<li data-section-id=\"1ejodkj\" data-start=\"2625\" data-end=\"2686\">Isolation renforc\u00e9e pour une mont\u00e9e en temp\u00e9rature rapide<\/li>\n<li data-section-id=\"ekc0d2\" data-start=\"2687\" data-end=\"2728\">Hydromassage plus puissant (16 buses)<\/li>\n<li data-section-id=\"1gur7lk\" data-start=\"2729\" data-end=\"2777\">\u00c9clairage LED avanc\u00e9 (int\u00e9rieur + ext\u00e9rieur)<\/li>\n<\/ul>\n<h2 data-section-id=\"12y4w2b\" data-start=\"2784\" data-end=\"2840\"><span role=\"text\">\ud83d\udcca <strong data-start=\"2790\" data-end=\"2840\">\u00c9quipements inclus \u2013 Mod\u00e8le avec po\u00eale int\u00e9gr\u00e9<\/strong><\/span><\/h2>\n<div class=\"TyagGW_tableContainer\">\n<div class=\"group TyagGW_tableWrapper flex flex-col-reverse w-fit\" tabindex=\"-1\">\n<table class=\"w-fit min-w-(--thread-content-width)\" data-start=\"2842\" data-end=\"3705\">\n<thead data-start=\"2842\" data-end=\"2872\">\n<tr data-start=\"2842\" data-end=\"2872\">\n<th class=\"\" data-start=\"2842\" data-end=\"2854\" data-col-size=\"sm\">Cat\u00e9gorie<\/th>\n<th class=\"\" data-start=\"2854\" data-end=\"2872\" data-col-size=\"md\">Sp\u00e9cifications<\/th>\n<\/tr>\n<\/thead>\n<tbody data-start=\"2901\" data-end=\"3705\">\n<tr data-start=\"2901\" data-end=\"2977\">\n<td data-start=\"2901\" data-end=\"2918\" data-col-size=\"sm\"><strong data-start=\"2903\" data-end=\"2917\">Dimensions<\/strong><\/td>\n<td data-start=\"2918\" data-end=\"2977\" data-col-size=\"md\">Int\u00e9rieur : 1700 \u00d7 1700 mm \/ Ext\u00e9rieur : 2200 \u00d7 2200 mm<\/td>\n<\/tr>\n<tr data-start=\"2978\" data-end=\"3022\">\n<td data-start=\"2978\" data-end=\"2989\" data-col-size=\"sm\"><strong data-start=\"2980\" data-end=\"2988\">Cuve<\/strong><\/td>\n<td data-start=\"2989\" data-end=\"3022\" data-col-size=\"md\">Acrylique, effet marbre blanc<\/td>\n<\/tr>\n<tr data-start=\"3023\" data-end=\"3099\">\n<td data-start=\"3023\" data-end=\"3039\" data-col-size=\"sm\"><strong data-start=\"3025\" data-end=\"3038\">Isolation<\/strong><\/td>\n<td data-start=\"3039\" data-end=\"3099\" data-col-size=\"md\">Mousse polyur\u00e9thane (\u03bb 0,03 W\/m\u00b2, 80 % cellules ferm\u00e9es)<\/td>\n<\/tr>\n<tr data-start=\"3100\" data-end=\"3176\">\n<td data-start=\"3100\" data-end=\"3126\" data-col-size=\"sm\"><strong data-start=\"3102\" data-end=\"3125\">Habillage ext\u00e9rieur<\/strong><\/td>\n<td data-start=\"3126\" data-end=\"3176\" data-col-size=\"md\">Bois thermotrait\u00e9 classe AB, couleur brun doux<\/td>\n<\/tr>\n<tr data-start=\"3177\" data-end=\"3231\">\n<td data-start=\"3177\" data-end=\"3198\" data-col-size=\"sm\"><strong data-start=\"3179\" data-end=\"3197\">Chauffage bois<\/strong><\/td>\n<td data-start=\"3198\" data-end=\"3231\" data-col-size=\"md\">Po\u00eale int\u00e9gr\u00e9 \u201cHorizon\u201d, inox<\/td>\n<\/tr>\n<tr data-start=\"3232\" data-end=\"3284\">\n<td data-start=\"3232\" data-end=\"3259\" data-col-size=\"sm\"><strong data-start=\"3234\" data-end=\"3258\">Chauffage \u00e9lectrique<\/strong><\/td>\n<td data-start=\"3259\" data-end=\"3284\" data-col-size=\"md\">3 kW, IP45, 220\u2013240 V<\/td>\n<\/tr>\n<tr data-start=\"3285\" data-end=\"3328\">\n<td data-start=\"3285\" data-end=\"3302\" data-col-size=\"sm\"><strong data-start=\"3287\" data-end=\"3301\">Couverture<\/strong><\/td>\n<td data-start=\"3302\" data-end=\"3328\" data-col-size=\"md\">Couvercle isol\u00e9 (noir)<\/td>\n<\/tr>\n<tr data-start=\"3329\" data-end=\"3359\">\n<td data-start=\"3329\" data-end=\"3347\" data-col-size=\"sm\"><strong data-start=\"3331\" data-end=\"3346\">Massage air<\/strong><\/td>\n<td data-start=\"3347\" data-end=\"3359\" data-col-size=\"md\">12 buses<\/td>\n<\/tr>\n<tr data-start=\"3360\" data-end=\"3391\">\n<td data-start=\"3360\" data-end=\"3379\" data-col-size=\"sm\"><strong data-start=\"3362\" data-end=\"3378\">Hydromassage<\/strong><\/td>\n<td data-start=\"3379\" data-end=\"3391\" data-col-size=\"md\">16 buses<\/td>\n<\/tr>\n<tr data-start=\"3392\" data-end=\"3446\">\n<td data-start=\"3392\" data-end=\"3408\" data-col-size=\"sm\"><strong data-start=\"3394\" data-end=\"3407\">\u00c9clairage<\/strong><\/td>\n<td data-start=\"3408\" data-end=\"3446\" data-col-size=\"md\">2 LED + \u00e9clairage LED p\u00e9riph\u00e9rique<\/td>\n<\/tr>\n<tr data-start=\"3447\" data-end=\"3495\">\n<td data-start=\"3447\" data-end=\"3462\" data-col-size=\"sm\"><strong data-start=\"3449\" data-end=\"3461\">Commande<\/strong><\/td>\n<td data-start=\"3462\" data-end=\"3495\" data-col-size=\"md\">Panneau tactile (3 fonctions)<\/td>\n<\/tr>\n<tr data-start=\"3496\" data-end=\"3537\">\n<td data-start=\"3496\" data-end=\"3514\" data-col-size=\"sm\"><strong data-start=\"3498\" data-end=\"3513\">Temp\u00e9rature<\/strong><\/td>\n<td data-start=\"3514\" data-end=\"3537\" data-col-size=\"md\">Thermom\u00e8tre int\u00e9gr\u00e9<\/td>\n<\/tr>\n<tr data-start=\"3538\" data-end=\"3574\">\n<td data-start=\"3538\" data-end=\"3552\" data-col-size=\"sm\"><strong data-start=\"3540\" data-end=\"3551\">Vidange<\/strong><\/td>\n<td data-start=\"3552\" data-end=\"3574\" data-col-size=\"md\">Valve d\u2019\u00e9vacuation<\/td>\n<\/tr>\n<tr data-start=\"3575\" data-end=\"3615\">\n<td data-start=\"3575\" data-end=\"3590\" data-col-size=\"sm\"><strong data-start=\"3577\" data-end=\"3589\">Escalier<\/strong><\/td>\n<td data-start=\"3590\" data-end=\"3615\" data-col-size=\"md\">Marches bois \u201cDeluxe\u201d<\/td>\n<\/tr>\n<tr data-start=\"3616\" data-end=\"3664\">\n<td data-start=\"3616\" data-end=\"3633\" data-col-size=\"sm\"><strong data-start=\"3618\" data-end=\"3632\">Filtration<\/strong><\/td>\n<td data-start=\"3633\" data-end=\"3664\" data-col-size=\"md\">Connexions inox avec vannes<\/td>\n<\/tr>\n<tr data-start=\"3665\" data-end=\"3705\">\n<td data-start=\"3665\" data-end=\"3683\" data-col-size=\"sm\"><strong data-start=\"3667\" data-end=\"3682\">Accessoires<\/strong><\/td>\n<td data-start=\"3683\" data-end=\"3705\" data-col-size=\"md\">Porte-gobelet inox<\/td>\n<\/tr>\n<\/tbody>\n<\/table>\n<\/div>\n<\/div>\n<h2 data-section-id=\"1utyvyn\" data-start=\"3712\" data-end=\"3742\"><span role=\"text\">\u2696\ufe0f <strong data-start=\"3717\" data-end=\"3742\">Quel mod\u00e8le choisir ?<\/strong><\/span><\/h2>\n<ul data-start=\"3744\" data-end=\"3973\">\n<li data-section-id=\"senky7\" data-start=\"3744\" data-end=\"3848\">\u2705 <strong data-start=\"3748\" data-end=\"3765\">Po\u00eale externe<\/strong>\n<ul data-start=\"3768\" data-end=\"3848\">\n<li data-section-id=\"1fxatfx\" data-start=\"3768\" data-end=\"3795\">Plus d\u2019espace int\u00e9rieur<\/li>\n<li data-section-id=\"idbk02\" data-start=\"3798\" data-end=\"3827\">Exp\u00e9rience traditionnelle<\/li>\n<li data-section-id=\"oz1ppn\" data-start=\"3830\" data-end=\"3848\">Syst\u00e8me simple<\/li>\n<\/ul>\n<\/li>\n<li data-section-id=\"r2aeph\" data-start=\"3850\" data-end=\"3973\">\u2705 <strong data-start=\"3854\" data-end=\"3871\">Po\u00eale int\u00e9gr\u00e9<\/strong>\n<ul data-start=\"3874\" data-end=\"3973\">\n<li data-section-id=\"1li7idj\" data-start=\"3874\" data-end=\"3897\">Design plus compact<\/li>\n<li data-section-id=\"65s18l\" data-start=\"3900\" data-end=\"3925\">Chauffage plus rapide<\/li>\n<li data-section-id=\"1x558jz\" data-start=\"3928\" data-end=\"3973\">Massage plus puissant + option \u00e9lectrique<\/li>\n<\/ul>\n<\/li>\n<\/ul>\n<h2 data-section-id=\"czen3a\" data-start=\"3980\" data-end=\"4029\"><span role=\"text\">\ud83c\udf3f <strong data-start=\"3985\" data-end=\"4029\">Pourquoi choisir TimberIN Nordic Square\u2122<\/strong><\/span><\/h2>\n<p data-start=\"4031\" data-end=\"4194\">\u2714 Fabrication europ\u00e9enne haut de gamme<br data-start=\"4069\" data-end=\"4072\" \/>\u2714 Bois thermotrait\u00e9 durable<br data-start=\"4099\" data-end=\"4102\" \/>\u2714 Chauffage efficace au bois<br data-start=\"4130\" data-end=\"4133\" \/>\u2714 Syst\u00e8mes de massage premium<br data-start=\"4162\" data-end=\"4165\" \/>\u2714 Utilisation toute l\u2019ann\u00e9e<\/p>","protected":false},"excerpt":{"rendered":"<p style=\"text-align: left;\">Bain nordique carr\u00e9 haut de gamme en acrylique avec finition effet marbre, \u00e9quip\u00e9 de syst\u00e8mes de massage air et eau. Disponible avec <strong data-start=\"410\" data-end=\"445\">po\u00eale \u00e0 bois externe ou int\u00e9gr\u00e9<\/strong>, pour une exp\u00e9rience spa ext\u00e9rieure compl\u00e8te et authentique.<\/p>","protected":false},"featured_media":7751532,"comment_status":"open","ping_status":"closed","template":"","meta":{"_uag_custom_page_level_css":""},"product_brand":[],"product_cat":[3584,3598,3644],"product_tag":[],"class_list":{"0":"post-40090","1":"product","2":"type-product","3":"status-publish","4":"has-post-thumbnail","6":"product_cat-bains-nordiques","7":"product_cat-bois-chauffage","8":"product_cat-hybride","10":"first","11":"instock","12":"taxable","13":"shipping-taxable","14":"purchasable","15":"product-type-variable"},"wppr_data":{"cwp_meta_box_check":"No"},"uagb_featured_image_src":{"full":["https:\/\/www.bainnordiques.fr\/wp-content\/uploads\/2023\/11\/TimberIN-Nordic-Lux\u2122-1.png",1797,2016,false],"thumbnail":["https:\/\/www.bainnordiques.fr\/wp-content\/uploads\/2023\/11\/TimberIN-Nordic-Lux\u2122-1-150x150.png",150,150,true],"medium":["https:\/\/www.bainnordiques.fr\/wp-content\/uploads\/2023\/11\/TimberIN-Nordic-Lux\u2122-1-300x337.png",300,337,true],"medium_large":["https:\/\/www.bainnordiques.fr\/wp-content\/uploads\/2023\/11\/TimberIN-Nordic-Lux\u2122-1.png",null,null,true],"large":["https:\/\/www.bainnordiques.fr\/wp-content\/uploads\/2023\/11\/TimberIN-Nordic-Lux\u2122-1-700x785.png",700,785,true]},"uagb_author_info":{"display_name":"Rita","author_link":"https:\/\/www.bainnordiques.fr\/be\/author\/"},"uagb_comment_info":0,"uagb_excerpt":"Bain nordique carr\u00e9 haut de gamme en acrylique avec finition effet marbre, \u00e9quip\u00e9 de syst\u00e8mes de massage air et eau. Disponible avec po\u00eale \u00e0 bois externe ou int\u00e9gr\u00e9, pour une exp\u00e9rience spa ext\u00e9rieure compl\u00e8te et authentique.","_links":{"self":[{"href":"https:\/\/www.bainnordiques.fr\/be\/wp-json\/wp\/v2\/product\/40090","targetHints":{"allow":["GET"]}}],"collection":[{"href":"https:\/\/www.bainnordiques.fr\/be\/wp-json\/wp\/v2\/product"}],"about":[{"href":"https:\/\/www.bainnordiques.fr\/be\/wp-json\/wp\/v2\/types\/product"}],"replies":[{"embeddable":true,"href":"https:\/\/www.bainnordiques.fr\/be\/wp-json\/wp\/v2\/comments?post=40090"}],"wp:featuredmedia":[{"embeddable":true,"href":"https:\/\/www.bainnordiques.fr\/be\/wp-json\/wp\/v2\/media\/7751532"}],"wp:attachment":[{"href":"https:\/\/www.bainnordiques.fr\/be\/wp-json\/wp\/v2\/media?parent=40090"}],"wp:term":[{"taxonomy":"product_brand","embeddable":true,"href":"https:\/\/www.bainnordiques.fr\/be\/wp-json\/wp\/v2\/product_brand?post=40090"},{"taxonomy":"product_cat","embeddable":true,"href":"https:\/\/www.bainnordiques.fr\/be\/wp-json\/wp\/v2\/product_cat?post=40090"},{"taxonomy":"product_tag","embeddable":true,"href":"https:\/\/www.bainnordiques.fr\/be\/wp-json\/wp\/v2\/product_tag?post=40090"}],"curies":[{"name":"wp","href":"https:\/\/api.w.org\/{rel}","templated":true}]}}