{"id":42001,"date":"2025-06-18T09:45:31","date_gmt":"2025-06-18T07:45:31","guid":{"rendered":"https:\/\/www.bainnordiques.fr\/?post_type=product&#038;p=42001"},"modified":"2026-04-08T21:26:58","modified_gmt":"2026-04-08T19:26:58","slug":"timberin-integrafire-30-poele-integre-bain-nordique","status":"publish","type":"product","link":"https:\/\/www.bainnordiques.fr\/be\/shop\/timberin-integrafire-30-poele-integre-bain-nordique\/","title":{"rendered":"TimberIN IntegraFire\u2122 30"},"content":{"rendered":"<div class=\"flex flex-col text-sm pb-25\">\n<article class=\"text-token-text-primary w-full focus:outline-none [--shadow-height:45px] has-data-writing-block:pointer-events-none has-data-writing-block:-mt-(--shadow-height) has-data-writing-block:pt-(--shadow-height) [&amp;:has([data-writing-block])&gt;*]:pointer-events-auto scroll-mt-[calc(var(--header-height)+min(200px,max(70px,20svh)))]\" dir=\"auto\" tabindex=\"-1\" data-turn-id=\"request-WEB:5906b094-3313-462b-94e5-2cc17af1a432-45\" data-testid=\"conversation-turn-42\" data-scroll-anchor=\"true\" data-turn=\"assistant\">\n<div class=\"text-base my-auto mx-auto pb-10 [--thread-content-margin:--spacing(4)] @w-sm\/main:[--thread-content-margin:--spacing(6)] @w-lg\/main:[--thread-content-margin:--spacing(16)] px-(--thread-content-margin)\">\n<div class=\"[--thread-content-max-width:40rem] @w-lg\/main:[--thread-content-max-width:48rem] mx-auto max-w-(--thread-content-max-width) flex-1 group\/turn-messages focus-visible:outline-hidden relative flex w-full min-w-0 flex-col agent-turn\" tabindex=\"-1\">\n<div class=\"flex max-w-full flex-col grow\">\n<div class=\"min-h-8 text-message relative flex w-full flex-col items-end gap-2 text-start break-words whitespace-normal [.text-message+&amp;]:mt-1\" dir=\"auto\" data-message-author-role=\"assistant\" data-message-id=\"8d73377e-2412-458a-b897-9798617e79ca\" data-message-model-slug=\"gpt-5-2\">\n<div class=\"flex w-full flex-col gap-1 empty:hidden first:pt-[1px]\">\n<div class=\"markdown prose dark:prose-invert w-full break-words light markdown-new-styling\">\n<h2 data-start=\"0\" data-end=\"90\"><strong data-start=\"0\" data-end=\"90\">TimberIN IntegraFire\u2122 30 \u2013 Po\u00eale int\u00e9gr\u00e9 au bois pour bain nordique \u00b7 30 kW \u00b7 Inox 316<\/strong><\/h2>\n<p data-start=\"92\" data-end=\"495\">Am\u00e9liorez le syst\u00e8me de chauffage de votre bain nordique avec le <strong data-start=\"157\" data-end=\"185\">TimberIN IntegraFire\u2122 30<\/strong>, un <strong data-start=\"190\" data-end=\"229\">po\u00eale int\u00e9gr\u00e9 au bois haut de gamme<\/strong> con\u00e7u pour une <strong data-start=\"245\" data-end=\"273\">installation affleurante<\/strong> dans les bains nordiques en bois modernes. Contrairement aux chauffages externes, l\u2019IntegraFire\u2122 30 s\u2019int\u00e8gre directement dans la paroi du bain, offrant une solution de chauffage <strong data-start=\"453\" data-end=\"494\">compacte, esth\u00e9tique et tr\u00e8s efficace<\/strong>.<\/p>\n<p data-start=\"497\" data-end=\"903\">Avec une <strong data-start=\"506\" data-end=\"528\">puissance de 30 kW<\/strong>, ce po\u00eale est id\u00e9al pour les <strong data-start=\"558\" data-end=\"596\">bains nordiques de grande capacit\u00e9<\/strong>, assurant une mont\u00e9e en temp\u00e9rature rapide et une chaleur constante. L\u2019ensemble du corps et du foyer est fabriqu\u00e9 en <strong data-start=\"714\" data-end=\"738\">acier inoxydable 316<\/strong>, garantissant une <strong data-start=\"757\" data-end=\"797\">excellente r\u00e9sistance \u00e0 la corrosion<\/strong>, \u00e0 la rouille et aux conditions ext\u00e9rieures difficiles \u2014 y compris en zones c\u00f4ti\u00e8res ou \u00e0 forte humidit\u00e9.<\/p>\n<p data-start=\"905\" data-end=\"1238\">La conception int\u00e9gr\u00e9e limite les pertes de chaleur en rapprochant la source de chauffe de l\u2019eau, ce qui <strong data-start=\"1010\" data-end=\"1042\">am\u00e9liore le rendement global<\/strong> tout en \u00e9liminant les volumes encombrants des chauffages externes. Le <strong data-start=\"1113\" data-end=\"1131\">foyer spacieux<\/strong> facilite le chargement des b\u00fbches et permet des dur\u00e9es de combustion prolong\u00e9es avec une puissance stable.<\/p>\n<h3 data-start=\"1245\" data-end=\"1280\">\ud83d\udd11 Caract\u00e9ristiques &amp; avantages<\/h3>\n<ul data-start=\"1281\" data-end=\"1735\">\n<li data-start=\"1281\" data-end=\"1359\">\n<p data-start=\"1283\" data-end=\"1359\"><strong data-start=\"1283\" data-end=\"1312\">Design int\u00e9gr\u00e9 affleurant<\/strong> \u2013 installation directe dans la paroi du bain<\/p>\n<\/li>\n<li data-start=\"1360\" data-end=\"1436\">\n<p data-start=\"1362\" data-end=\"1436\"><strong data-start=\"1362\" data-end=\"1389\">Haute puissance (30 kW)<\/strong> \u2013 adapt\u00e9e aux grands bains nordiques en bois<\/p>\n<\/li>\n<li data-start=\"1437\" data-end=\"1523\">\n<p data-start=\"1439\" data-end=\"1523\"><strong data-start=\"1439\" data-end=\"1467\">Construction en inox 316<\/strong> \u2013 durabilit\u00e9 de qualit\u00e9 marine et longue dur\u00e9e de vie<\/p>\n<\/li>\n<li data-start=\"1524\" data-end=\"1599\">\n<p data-start=\"1526\" data-end=\"1599\"><strong data-start=\"1526\" data-end=\"1563\">Gain de place &amp; esth\u00e9tique \u00e9pur\u00e9e<\/strong> \u2013 aucun chauffage externe visible<\/p>\n<\/li>\n<li data-start=\"1600\" data-end=\"1675\">\n<p data-start=\"1602\" data-end=\"1675\"><strong data-start=\"1602\" data-end=\"1634\">Transfert thermique efficace<\/strong> \u2013 moins de pertes, chauffe plus rapide<\/p>\n<\/li>\n<li data-start=\"1676\" data-end=\"1735\">\n<p data-start=\"1678\" data-end=\"1735\"><strong data-start=\"1678\" data-end=\"1707\">Chargement facile du bois<\/strong> \u2013 acc\u00e8s pratique au foyer<\/p>\n<\/li>\n<\/ul>\n<h3 data-start=\"1742\" data-end=\"1774\">\u2699\ufe0f Sp\u00e9cifications techniques<\/h3>\n<ul data-start=\"1775\" data-end=\"2033\">\n<li data-start=\"1775\" data-end=\"1800\">\n<p data-start=\"1777\" data-end=\"1800\"><strong data-start=\"1777\" data-end=\"1790\">Puissance<\/strong> : 30 kW<\/p>\n<\/li>\n<li data-start=\"1801\" data-end=\"1857\">\n<p data-start=\"1803\" data-end=\"1857\"><strong data-start=\"1803\" data-end=\"1815\">Mat\u00e9riau<\/strong> : acier inoxydable 316 (corps et foyer)<\/p>\n<\/li>\n<li data-start=\"1858\" data-end=\"1898\">\n<p data-start=\"1860\" data-end=\"1898\"><strong data-start=\"1860\" data-end=\"1875\">Combustible<\/strong> : b\u00fbches de bois dur<\/p>\n<\/li>\n<li data-start=\"1899\" data-end=\"1956\">\n<p data-start=\"1901\" data-end=\"1956\"><strong data-start=\"1901\" data-end=\"1917\">Installation<\/strong> : int\u00e9gr\u00e9e \/ encastr\u00e9e (affleurante)<\/p>\n<\/li>\n<li data-start=\"1957\" data-end=\"2033\">\n<p data-start=\"1959\" data-end=\"2033\"><strong data-start=\"1959\" data-end=\"1974\">Application<\/strong> : bains nordiques en bois compatibles avec po\u00eale int\u00e9gr\u00e9<\/p>\n<\/li>\n<\/ul>\n<p data-start=\"2040\" data-end=\"2344\">\u26a0\ufe0f <strong data-start=\"2043\" data-end=\"2177\">L\u2019installation doit respecter les recommandations du fabricant du bain nordique ainsi que les r\u00e9glementations locales de s\u00e9curit\u00e9.<\/strong> Un raccordement correct du conduit, les distances de s\u00e9curit\u00e9 et les protections thermiques sont indispensables. <strong data-start=\"2291\" data-end=\"2344\">Une installation professionnelle est recommand\u00e9e.<\/strong><\/p>\n<h3 data-start=\"2351\" data-end=\"2403\">\u2b50 Pourquoi choisir le TimberIN IntegraFire\u2122 30 ?<\/h3>\n<ul data-start=\"2404\" data-end=\"2647\" data-is-last-node=\"\" data-is-only-node=\"\">\n<li data-start=\"2404\" data-end=\"2452\">\n<p data-start=\"2406\" data-end=\"2452\">Apparence du bain plus <strong data-start=\"2429\" data-end=\"2450\">propre et moderne<\/strong><\/p>\n<\/li>\n<li data-start=\"2453\" data-end=\"2511\">\n<p data-start=\"2455\" data-end=\"2511\"><strong data-start=\"2455\" data-end=\"2477\">Rendement am\u00e9lior\u00e9<\/strong> par rapport aux po\u00eales externes<\/p>\n<\/li>\n<li data-start=\"2512\" data-end=\"2565\">\n<p data-start=\"2514\" data-end=\"2565\">Con\u00e7u pour une <strong data-start=\"2529\" data-end=\"2563\">utilisation ext\u00e9rieure durable<\/strong><\/p>\n<\/li>\n<li data-start=\"2566\" data-end=\"2647\" data-is-last-node=\"\">\n<p data-start=\"2568\" data-end=\"2647\" data-is-last-node=\"\">Sp\u00e9cialement d\u00e9velopp\u00e9 pour les <strong data-start=\"2600\" data-end=\"2647\" data-is-last-node=\"\">syst\u00e8mes de bains nordiques \u00e0 po\u00eale int\u00e9gr\u00e9<\/strong><\/p>\n<\/li>\n<\/ul>\n<\/div>\n<\/div>\n<\/div>\n<\/div>\n<div class=\"z-0 flex min-h-[46px] justify-start\"><\/div>\n<div class=\"mt-3 w-full empty:hidden\">\n<div class=\"text-center\"><\/div>\n<\/div>\n<\/div>\n<\/div>\n<\/article>\n<\/div>\n<div class=\"pointer-events-none h-px w-px absolute bottom-0\" aria-hidden=\"true\" data-edge=\"true\"><\/div>\n","protected":false},"excerpt":{"rendered":"<p><strong data-start=\"0\" data-end=\"28\" data-is-only-node=\"\">TimberIN IntegraFire\u2122 30<\/strong> est un <strong data-start=\"36\" data-end=\"89\">po\u00eale int\u00e9gr\u00e9 au bois de 30 kW pour bain nordique<\/strong>, con\u00e7u en <strong data-start=\"100\" data-end=\"142\">acier inoxydable 316 de qualit\u00e9 marine<\/strong>. Destin\u00e9 \u00e0 une <strong data-start=\"158\" data-end=\"208\">installation affleurante dans la paroi du bain<\/strong>, il offre un <strong data-start=\"222\" data-end=\"256\">chauffage puissant et efficace<\/strong> tout en conservant une esth\u00e9tique \u00e9pur\u00e9e et un gain d\u2019espace optimal.<\/p>","protected":false},"featured_media":42011,"comment_status":"closed","ping_status":"closed","template":"","meta":{"_uag_custom_page_level_css":""},"product_brand":[],"product_cat":[3676],"product_tag":[3689,3694,3680,3695,3692,3690,3684,3686,3688,3693,3691,3687],"class_list":{"0":"post-42001","1":"product","2":"type-product","3":"status-publish","4":"has-post-thumbnail","6":"product_cat-poeles-bains-nordiques","7":"product_tag-chauffage-bain-nordique-integre","8":"product_tag-chauffage-bain-nordique-integre-bois","9":"product_tag-chauffage-bois-bain-nordique","10":"product_tag-integrafire-30","11":"product_tag-poele-affleurant-bain-nordique","12":"product_tag-poele-bain-nordique-30-kw","13":"product_tag-poele-bain-nordique-professionnel","14":"product_tag-poele-bain-nordique-timberin","15":"product_tag-poele-bois-integre","16":"product_tag-poele-bois-sans-electricite","17":"product_tag-poele-inox-316-bain-nordique","18":"product_tag-poele-integre-bain-nordique","20":"first","21":"instock","22":"taxable","23":"shipping-taxable","24":"purchasable","25":"product-type-variable"},"wppr_data":{"cwp_meta_box_check":"No"},"uagb_featured_image_src":{"full":["https:\/\/www.bainnordiques.fr\/wp-content\/uploads\/2025\/06\/Integrated-heater.png",776,750,false],"thumbnail":["https:\/\/www.bainnordiques.fr\/wp-content\/uploads\/2025\/06\/Integrated-heater-150x150.png",150,150,true],"medium":["https:\/\/www.bainnordiques.fr\/wp-content\/uploads\/2025\/06\/Integrated-heater-300x290.png",300,290,true],"medium_large":["https:\/\/www.bainnordiques.fr\/wp-content\/uploads\/2025\/06\/Integrated-heater.png",null,null,true],"large":["https:\/\/www.bainnordiques.fr\/wp-content\/uploads\/2025\/06\/Integrated-heater-700x677.png",700,677,true]},"uagb_author_info":{"display_name":"Rita","author_link":"https:\/\/www.bainnordiques.fr\/be\/author\/"},"uagb_comment_info":0,"uagb_excerpt":"TimberIN IntegraFire\u2122 30 est un po\u00eale int\u00e9gr\u00e9 au bois de 30 kW pour bain nordique, con\u00e7u en acier inoxydable 316 de qualit\u00e9 marine. Destin\u00e9 \u00e0 une installation affleurante dans la paroi du bain, il offre un chauffage puissant et efficace tout en conservant une esth\u00e9tique \u00e9pur\u00e9e et un gain d\u2019espace optimal.","_links":{"self":[{"href":"https:\/\/www.bainnordiques.fr\/be\/wp-json\/wp\/v2\/product\/42001","targetHints":{"allow":["GET"]}}],"collection":[{"href":"https:\/\/www.bainnordiques.fr\/be\/wp-json\/wp\/v2\/product"}],"about":[{"href":"https:\/\/www.bainnordiques.fr\/be\/wp-json\/wp\/v2\/types\/product"}],"replies":[{"embeddable":true,"href":"https:\/\/www.bainnordiques.fr\/be\/wp-json\/wp\/v2\/comments?post=42001"}],"wp:featuredmedia":[{"embeddable":true,"href":"https:\/\/www.bainnordiques.fr\/be\/wp-json\/wp\/v2\/media\/42011"}],"wp:attachment":[{"href":"https:\/\/www.bainnordiques.fr\/be\/wp-json\/wp\/v2\/media?parent=42001"}],"wp:term":[{"taxonomy":"product_brand","embeddable":true,"href":"https:\/\/www.bainnordiques.fr\/be\/wp-json\/wp\/v2\/product_brand?post=42001"},{"taxonomy":"product_cat","embeddable":true,"href":"https:\/\/www.bainnordiques.fr\/be\/wp-json\/wp\/v2\/product_cat?post=42001"},{"taxonomy":"product_tag","embeddable":true,"href":"https:\/\/www.bainnordiques.fr\/be\/wp-json\/wp\/v2\/product_tag?post=42001"}],"curies":[{"name":"wp","href":"https:\/\/api.w.org\/{rel}","templated":true}]}}