{"id":6267,"date":"2014-04-10T18:13:25","date_gmt":"2014-04-10T16:13:25","guid":{"rendered":"https:\/\/bainnordiques.fr\/product\/bain-suedois-bois-thermo-deluxe\/"},"modified":"2026-04-08T21:26:58","modified_gmt":"2026-04-08T19:26:58","slug":"timberin-nordic-thermowood-deluxe","status":"publish","type":"product","link":"https:\/\/www.bainnordiques.fr\/be\/shop\/timberin-nordic-thermowood-deluxe\/","title":{"rendered":"TimberIN Nordic\u2122 Thermowood Deluxe"},"content":{"rendered":"<h2 data-start=\"0\" data-end=\"78\"><strong>TimberIN Nordic\u2122 Thermowood Deluxe \u2013 Bain nordique en bois chauff\u00e9 au bois<\/strong><\/h2>\n<p data-start=\"80\" data-end=\"724\">Le <strong data-start=\"83\" data-end=\"121\">TimberIN Nordic\u2122 Thermowood Deluxe<\/strong> est une solution de bien-\u00eatre ext\u00e9rieur raffin\u00e9e, con\u00e7ue pour ceux qui recherchent une <strong data-start=\"209\" data-end=\"244\">exp\u00e9rience nordique authentique<\/strong>, une <strong data-start=\"250\" data-end=\"277\">durabilit\u00e9 \u00e0 long terme<\/strong> et un <strong data-start=\"284\" data-end=\"310\">design naturel \u00e9l\u00e9gant<\/strong>. Fabriqu\u00e9 en <strong data-start=\"324\" data-end=\"359\">Thermowood trait\u00e9 thermiquement<\/strong>, ce bain nordique en bois offre d\u2019excellentes performances thermiques, une bonne r\u00e9sistance aux intemp\u00e9ries et une teinte sombre et profonde qui s\u2019int\u00e8gre harmonieusement dans tout environnement ext\u00e9rieur. Il convient parfaitement aux jardins au Royaume-Uni, aux maisons de campagne, aux locations de vacances haut de gamme et aux espaces bien-\u00eatre professionnels.<\/p>\n<p data-start=\"726\" data-end=\"1149\">Associant le <strong data-start=\"739\" data-end=\"773\">chauffage traditionnel au bois<\/strong> \u00e0 un <strong data-start=\"779\" data-end=\"798\">confort moderne<\/strong>, le Thermowood Deluxe cr\u00e9e une exp\u00e9rience de baignade chaleureuse et relaxante tout au long de l\u2019ann\u00e9e. Sa construction robuste et son design soign\u00e9 le rendent adapt\u00e9 aussi bien \u00e0 un usage priv\u00e9 qu\u2019\u00e0 un usage commercial, avec des performances fiables dans le climat britannique tout en conservant le caract\u00e8re intemporel d\u2019un v\u00e9ritable bain nordique.<\/p>\n<p data-start=\"1151\" data-end=\"1550\">Le Thermowood Deluxe est propos\u00e9 en <strong data-start=\"1187\" data-end=\"1208\">plusieurs tailles<\/strong>, afin de trouver le bon \u00e9quilibre entre espace, efficacit\u00e9 et capacit\u00e9 d\u2019accueil. Qu\u2019il s\u2019agisse d\u2019un mod\u00e8le compact pour un usage familial ou d\u2019une version plus spacieuse pens\u00e9e pour des moments conviviaux, ce <strong data-start=\"1420\" data-end=\"1439\">jacuzzi en bois<\/strong> s\u2019int\u00e8gre facilement dans diff\u00e9rents espaces ext\u00e9rieurs, des petits jardins aux zones bien-\u00eatre plus \u00e9tendues.<\/p>\n<p data-start=\"1552\" data-end=\"2080\">Le <strong data-start=\"1555\" data-end=\"1569\">Thermowood<\/strong> est un bois trait\u00e9 thermiquement, sp\u00e9cialement con\u00e7u pour les <strong data-start=\"1632\" data-end=\"1669\">conditions ext\u00e9rieures exigeantes<\/strong>. Par rapport au bois non trait\u00e9, il offre une meilleure stabilit\u00e9 dimensionnelle, une r\u00e9sistance accrue \u00e0 l\u2019humidit\u00e9 et aux variations de temp\u00e9rature, ainsi que de meilleures propri\u00e9t\u00e9s isolantes. Cela permet au bain de chauffer plus efficacement, de conserver la chaleur plus longtemps et de demander moins d\u2019entretien, ce qui en fait un choix adapt\u00e9 \u00e0 une utilisation ext\u00e9rieure toute l\u2019ann\u00e9e au Royaume-Uni.<\/p>\n<p data-start=\"2082\" data-end=\"2648\">La <strong data-start=\"2085\" data-end=\"2115\">configuration du chauffage<\/strong> peut \u00eatre adapt\u00e9e selon vos pr\u00e9f\u00e9rences. Le Thermowood Deluxe peut \u00eatre \u00e9quip\u00e9 d\u2019un <strong data-start=\"2200\" data-end=\"2224\">po\u00eale \u00e0 bois interne<\/strong> pour un aspect compact et traditionnel avec une mont\u00e9e en temp\u00e9rature rapide, ou d\u2019un <strong data-start=\"2311\" data-end=\"2335\">po\u00eale \u00e0 bois externe<\/strong> afin de lib\u00e9rer davantage d\u2019espace int\u00e9rieur et de faciliter l\u2019acc\u00e8s pendant l\u2019utilisation. Il peut \u00e9galement \u00eatre dot\u00e9 d\u2019un <strong data-start=\"2461\" data-end=\"2485\">chauffage \u00e9lectrique<\/strong> pour un contr\u00f4le pr\u00e9cis de la temp\u00e9rature. Une <strong data-start=\"2533\" data-end=\"2558\">configuration hybride<\/strong>, combinant chauffage au bois et chauffage \u00e9lectrique, est \u00e9galement possible sur demande.<\/p>\n<p data-start=\"2650\" data-end=\"3069\">Pour am\u00e9liorer le confort et la fonctionnalit\u00e9, le Thermowood Deluxe peut \u00eatre \u00e9quip\u00e9 d\u2019un <strong data-start=\"2741\" data-end=\"2766\">\u00e9clairage LED int\u00e9gr\u00e9<\/strong>, d\u2019un <strong data-start=\"2773\" data-end=\"2798\">syst\u00e8me de filtration<\/strong> pour une eau plus propre et plus claire, ainsi que d\u2019un <strong data-start=\"2855\" data-end=\"2883\">syst\u00e8me de massage \u00e0 air<\/strong> apportant une sensation de d\u00e9tente de type spa. Ces options permettent d\u2019adapter le bain aussi bien \u00e0 un usage occasionnel qu\u2019\u00e0 des applications bien-\u00eatre ou h\u00f4teli\u00e8res plus fr\u00e9quentes.<\/p>\n<p data-start=\"3071\" data-end=\"3366\">Chaque bain nordique Thermowood Deluxe est livr\u00e9 comme une <strong data-start=\"3130\" data-end=\"3151\">solution compl\u00e8te<\/strong>, pens\u00e9e pour le confort, la s\u00e9curit\u00e9 et la durabilit\u00e9. L\u2019assise et l\u2019agencement int\u00e9rieur sont con\u00e7us pour offrir une position de bain agr\u00e9able, tandis que la structure en bois massif assure stabilit\u00e9 et long\u00e9vit\u00e9.<\/p>\n<p data-start=\"3368\" data-end=\"3715\">Pour s\u2019adapter aux contraintes d\u2019acc\u00e8s et aux conditions du site, le <strong data-start=\"3437\" data-end=\"3475\">TimberIN Nordic\u2122 Thermowood Deluxe<\/strong> peut \u00eatre livr\u00e9 <strong data-start=\"3492\" data-end=\"3516\">enti\u00e8rement assembl\u00e9<\/strong>, pr\u00eat \u00e0 \u00eatre install\u00e9, ou <strong data-start=\"3543\" data-end=\"3553\">en kit<\/strong> pour un montage sur place. Les deux options sont pr\u00e9par\u00e9es avec soin et accompagn\u00e9es d\u2019instructions claires afin de garantir une installation simple et efficace.<\/p>\n<p data-start=\"3717\" data-end=\"4155\" data-is-last-node=\"\" data-is-only-node=\"\">Le TimberIN Nordic\u2122 Thermowood Deluxe est un choix id\u00e9al pour les familles, les moments de partage, les locations de vacances, les propri\u00e9t\u00e9s soucieuses de l\u2019environnement et les projets de <strong data-start=\"3907\" data-end=\"3944\">bien-\u00eatre ext\u00e9rieur haut de gamme<\/strong>. Il associe la tradition du bain nordique au bois, une grande flexibilit\u00e9 d\u2019utilisation et des <strong data-start=\"4040\" data-end=\"4061\">mat\u00e9riaux premium<\/strong> pour cr\u00e9er un bain \u00e9l\u00e9gant et durable, con\u00e7u pour \u00eatre appr\u00e9ci\u00e9 pendant de nombreuses ann\u00e9es.<\/p>\n<h2 data-start=\"187\" data-end=\"273\"><\/h2>","protected":false},"excerpt":{"rendered":"<p data-start=\"0\" data-end=\"350\">Le <strong data-start=\"3\" data-end=\"41\">TimberIN Nordic\u2122 Thermowood Deluxe<\/strong> est un bain nordique en bois haut de gamme, fabriqu\u00e9 en <strong data-start=\"98\" data-end=\"133\">Thermowood trait\u00e9 thermiquement<\/strong> afin d\u2019assurer une excellente durabilit\u00e9 en ext\u00e9rieur. Con\u00e7u pour une <strong data-start=\"204\" data-end=\"251\">exp\u00e9rience de baignade nordique authentique<\/strong>, il associe le chauffage traditionnel au bois \u00e0 un confort moderne et \u00e0 un design naturel \u00e9l\u00e9gant.<\/p>\n<p data-start=\"352\" data-end=\"846\" data-is-last-node=\"\" data-is-only-node=\"\">Disponible en plusieurs dimensions, ce bain nordique ext\u00e9rieur peut \u00eatre configur\u00e9 avec un po\u00eale \u00e0 bois interne ou externe, un chauffage \u00e9lectrique ou un syst\u00e8me hybride. Des options telles que l\u2019\u00e9clairage LED, la filtration et le massage \u00e0 air permettent d\u2019adapter le bain aux jardins priv\u00e9s, aux locations de vacances et \u00e0 un usage professionnel en espace bien-\u00eatre. Livr\u00e9 enti\u00e8rement assembl\u00e9 ou en kit, il constitue une solution de bien-\u00eatre ext\u00e9rieur fiable, flexible et con\u00e7ue pour durer.<\/p>","protected":false},"featured_media":41512,"comment_status":"open","ping_status":"closed","template":"","meta":{"_uag_custom_page_level_css":""},"product_brand":[],"product_cat":[3584,3598,233],"product_tag":[3345,3327,3341,3385,3579,3583,3382,3582],"class_list":{"0":"post-6267","1":"product","2":"type-product","3":"status-publish","4":"has-post-thumbnail","6":"product_cat-bains-nordiques","7":"product_cat-bois-chauffage","8":"product_cat-bain-nordique-en-bois","9":"product_tag-bain-nordique-chauffe-au-bois","10":"product_tag-bain-nordique-exterieur","11":"product_tag-bain-nordique-jardin","12":"product_tag-bain-nordique-premium","13":"product_tag-bain-nordique-thermowood","14":"product_tag-jacuzzi-en-bois","15":"product_tag-spa-nordique-bois","16":"product_tag-timberin-nordic","17":"pa_diam-30","18":"pa_diam-28","19":"pa_diam-18","20":"pa_diam-20","21":"pa_stoves-chauffage-electrique","22":"pa_stoves-chauffage-hybride-poele-a-bois-exterieur-chauffage-electrique","23":"pa_stoves-chauffage-hybride-poele-a-bois-interieur-chauffage-electrique","24":"pa_stoves-pas","25":"pa_stoves-outside-stainless-steel-stove","26":"pa_stoves-inside-stainless-steel-heater","28":"first","29":"instock","30":"taxable","31":"shipping-taxable","32":"purchasable","33":"product-type-variable"},"wppr_data":{"cwp_meta_box_check":"No"},"uagb_featured_image_src":{"full":["https:\/\/www.bainnordiques.fr\/wp-content\/uploads\/2016\/03\/deluxetermo.jpg",1017,754,false],"thumbnail":["https:\/\/www.bainnordiques.fr\/wp-content\/uploads\/2016\/03\/deluxetermo-150x150.jpg",150,150,true],"medium":["https:\/\/www.bainnordiques.fr\/wp-content\/uploads\/2016\/03\/deluxetermo-300x222.jpg",300,222,true],"medium_large":["https:\/\/www.bainnordiques.fr\/wp-content\/uploads\/2016\/03\/deluxetermo.jpg",null,null,true],"large":["https:\/\/www.bainnordiques.fr\/wp-content\/uploads\/2016\/03\/deluxetermo-700x519.jpg",700,519,true]},"uagb_author_info":{"display_name":"C\u00e9line BERNARD FR [V\u00c9RIFI\u00c9]","author_link":"https:\/\/www.bainnordiques.fr\/be\/author\/"},"uagb_comment_info":17,"uagb_excerpt":"Le TimberIN Nordic\u2122 Thermowood Deluxe est un bain nordique en bois haut de gamme, fabriqu\u00e9 en Thermowood trait\u00e9 thermiquement afin d\u2019assurer une excellente durabilit\u00e9 en ext\u00e9rieur. Con\u00e7u pour une exp\u00e9rience de baignade nordique authentique, il associe le chauffage traditionnel au bois \u00e0 un confort moderne et \u00e0 un design naturel \u00e9l\u00e9gant. Disponible en plusieurs dimensions,&hellip;","_links":{"self":[{"href":"https:\/\/www.bainnordiques.fr\/be\/wp-json\/wp\/v2\/product\/6267","targetHints":{"allow":["GET"]}}],"collection":[{"href":"https:\/\/www.bainnordiques.fr\/be\/wp-json\/wp\/v2\/product"}],"about":[{"href":"https:\/\/www.bainnordiques.fr\/be\/wp-json\/wp\/v2\/types\/product"}],"replies":[{"embeddable":true,"href":"https:\/\/www.bainnordiques.fr\/be\/wp-json\/wp\/v2\/comments?post=6267"}],"wp:featuredmedia":[{"embeddable":true,"href":"https:\/\/www.bainnordiques.fr\/be\/wp-json\/wp\/v2\/media\/41512"}],"wp:attachment":[{"href":"https:\/\/www.bainnordiques.fr\/be\/wp-json\/wp\/v2\/media?parent=6267"}],"wp:term":[{"taxonomy":"product_brand","embeddable":true,"href":"https:\/\/www.bainnordiques.fr\/be\/wp-json\/wp\/v2\/product_brand?post=6267"},{"taxonomy":"product_cat","embeddable":true,"href":"https:\/\/www.bainnordiques.fr\/be\/wp-json\/wp\/v2\/product_cat?post=6267"},{"taxonomy":"product_tag","embeddable":true,"href":"https:\/\/www.bainnordiques.fr\/be\/wp-json\/wp\/v2\/product_tag?post=6267"}],"curies":[{"name":"wp","href":"https:\/\/api.w.org\/{rel}","templated":true}]}}