{"id":6425,"date":"2005-01-04T12:00:08","date_gmt":"2005-01-04T10:00:08","guid":{"rendered":"https:\/\/bainnordiques.fr\/product\/bain-scandinave-polypropylene-carre-luxe-conception\/"},"modified":"2026-04-08T21:26:57","modified_gmt":"2026-04-08T19:26:57","slug":"timberin-nordic-square-bain-nordique-carre","status":"publish","type":"product","link":"https:\/\/www.bainnordiques.fr\/be\/shop\/timberin-nordic-square-bain-nordique-carre\/","title":{"rendered":"TimberIN Nordic Square\u2122"},"content":{"rendered":"<div class=\"text-base my-auto mx-auto pb-10 [--thread-content-margin:--spacing(4)] @w-sm\/main:[--thread-content-margin:--spacing(6)] @w-lg\/main:[--thread-content-margin:--spacing(16)] px-(--thread-content-margin)\">\n<div class=\"[--thread-content-max-width:40rem] @w-lg\/main:[--thread-content-max-width:48rem] mx-auto max-w-(--thread-content-max-width) flex-1 group\/turn-messages focus-visible:outline-hidden relative flex w-full min-w-0 flex-col agent-turn\" tabindex=\"-1\">\n<div class=\"flex max-w-full flex-col grow\">\n<div class=\"min-h-8 text-message relative flex w-full flex-col items-end gap-2 text-start break-words whitespace-normal [.text-message+&amp;]:mt-1\" dir=\"auto\" data-message-author-role=\"assistant\" data-message-id=\"fc214fcd-66ad-43c9-b7fe-59e38ef34c35\" data-message-model-slug=\"gpt-5-2\">\n<div class=\"flex w-full flex-col gap-1 empty:hidden first:pt-[1px]\">\n<div class=\"markdown prose dark:prose-invert w-full break-words light markdown-new-styling\">\n<h2 data-start=\"0\" data-end=\"67\"><strong data-start=\"0\" data-end=\"67\">TimberIN Nordic Square\u2122 \u2013 Bain nordique ext\u00e9rieur carr\u00e9 moderne<\/strong><\/h2>\n<\/div>\n<\/div>\n<\/div>\n<\/div>\n<\/div>\n<\/div>\n<p data-start=\"69\" data-end=\"420\"><strong data-start=\"69\" data-end=\"96\"><br \/>\nTimberIN Nordic Square\u2122<\/strong> est un bain nordique carr\u00e9 contemporain qui associe une g\u00e9om\u00e9trie affirm\u00e9e au bien-\u00eatre nordique traditionnel. Con\u00e7u pour maximiser l\u2019espace int\u00e9rieur et le confort d\u2019assise, son format carr\u00e9 offre une esth\u00e9tique \u00e9quilibr\u00e9e et architecturale qui s\u2019int\u00e8gre parfaitement aux jardins modernes, terrasses et environnements spa.<\/p>\n<p data-start=\"422\" data-end=\"765\">Contrairement aux bains ronds, la configuration carr\u00e9e utilise chaque centim\u00e8tre de mani\u00e8re efficace, offrant une surface d\u2019assise r\u00e9ellement exploitable tout en conservant une apparence propre et sym\u00e9trique. Gr\u00e2ce \u00e0 plusieurs dimensions et options de chauffage, ce mod\u00e8le s\u2019adapte aussi bien \u00e0 un usage priv\u00e9, familial que semi-professionnel.<\/p>\n<h3 data-start=\"767\" data-end=\"807\">Dimensions int\u00e9rieures disponibles<\/h3>\n<p data-start=\"808\" data-end=\"879\">Choisissez la taille la mieux adapt\u00e9e \u00e0 votre espace et \u00e0 vos besoins :<\/p>\n<ul data-start=\"881\" data-end=\"1166\">\n<li data-start=\"881\" data-end=\"947\">\n<p data-start=\"883\" data-end=\"947\"><strong data-start=\"883\" data-end=\"901\">1600 \u00d7 1600 mm<\/strong> \u2013 compact, id\u00e9al pour les petites terrasses<\/p>\n<\/li>\n<li data-start=\"948\" data-end=\"1023\">\n<p data-start=\"950\" data-end=\"1023\"><strong data-start=\"950\" data-end=\"968\">1800 \u00d7 1800 mm<\/strong> \u2013 confortable pour les familles et un usage r\u00e9gulier<\/p>\n<\/li>\n<li data-start=\"1024\" data-end=\"1092\">\n<p data-start=\"1026\" data-end=\"1092\"><strong data-start=\"1026\" data-end=\"1044\">2000 \u00d7 2000 mm<\/strong> \u2013 espace g\u00e9n\u00e9reux pour des moments conviviaux<\/p>\n<\/li>\n<li data-start=\"1093\" data-end=\"1166\">\n<p data-start=\"1095\" data-end=\"1166\"><strong data-start=\"1095\" data-end=\"1113\">2200 \u00d7 2200 mm<\/strong> \u2013 confort maximal pour les groupes et la r\u00e9ception<\/p>\n<\/li>\n<\/ul>\n<p data-start=\"1168\" data-end=\"1255\">Toutes les tailles offrent des bancs stables et un excellent \u00e9quilibre du volume d\u2019eau.<\/p>\n<h3 data-start=\"1257\" data-end=\"1316\">Options de chauffage \u2013 Naturel, \u00e9lectrique ou hybride<\/h3>\n<p data-start=\"1317\" data-end=\"1467\">Le <strong data-start=\"1320\" data-end=\"1347\">TimberIN Nordic Square\u2122<\/strong> peut \u00eatre configur\u00e9 avec diff\u00e9rents syst\u00e8mes de chauffage afin de s\u2019adapter \u00e0 votre emplacement et \u00e0 votre mode de vie.<\/p>\n<p data-start=\"1469\" data-end=\"1490\">Options disponibles :<\/p>\n<ul data-start=\"1492\" data-end=\"2270\">\n<li data-start=\"1492\" data-end=\"1633\">\n<p data-start=\"1494\" data-end=\"1633\"><strong data-start=\"1494\" data-end=\"1518\">Chauffage \u00e9lectrique<\/strong><br data-start=\"1518\" data-end=\"1521\" \/>Fonctionnement silencieux et propre, avec un contr\u00f4le pr\u00e9cis de la temp\u00e9rature, id\u00e9al en zones r\u00e9sidentielles.<\/p>\n<\/li>\n<li data-start=\"1635\" data-end=\"1800\">\n<p data-start=\"1637\" data-end=\"1800\"><strong data-start=\"1637\" data-end=\"1661\">Po\u00eale \u00e0 bois externe<\/strong> (acier inoxydable 316, r\u00e9sistant aux produits chimiques)<br data-start=\"1718\" data-end=\"1721\" \/>Chauffage traditionnel au bois, puissant et facile d\u2019acc\u00e8s pour le nettoyage.<\/p>\n<\/li>\n<li data-start=\"1802\" data-end=\"1957\">\n<p data-start=\"1804\" data-end=\"1957\"><strong data-start=\"1804\" data-end=\"1861\">Chauffage hybride : po\u00eale \u00e0 bois externe + \u00e9lectrique<\/strong><br data-start=\"1861\" data-end=\"1864\" \/>Combine l\u2019authenticit\u00e9 du feu de bois avec le maintien pr\u00e9cis de la temp\u00e9rature \u00e9lectrique.<\/p>\n<\/li>\n<li data-start=\"1959\" data-end=\"2107\">\n<p data-start=\"1961\" data-end=\"2107\"><strong data-start=\"1961\" data-end=\"2018\">Chauffage hybride : po\u00eale \u00e0 bois interne + \u00e9lectrique<\/strong><br data-start=\"2018\" data-end=\"2021\" \/>Solution int\u00e9gr\u00e9e pour des configurations compactes avec le confort de l\u2019\u00e9lectrique.<\/p>\n<\/li>\n<li data-start=\"2109\" data-end=\"2270\">\n<p data-start=\"2111\" data-end=\"2270\"><strong data-start=\"2111\" data-end=\"2140\">Po\u00eale \u00e0 bois type Snorkel<\/strong> (acier inoxydable 316, r\u00e9sistant aux produits chimiques)<br data-start=\"2197\" data-end=\"2200\" \/>Design externe compact offrant une excellente efficacit\u00e9 de chauffe.<\/p>\n<\/li>\n<\/ul>\n<p data-start=\"2272\" data-end=\"2386\">Cette flexibilit\u00e9 rend le mod\u00e8le parfaitement adapt\u00e9 \u00e0 une utilisation toute l\u2019ann\u00e9e, y compris en climats froids.<\/p>\n<h3 data-start=\"2388\" data-end=\"2430\">Confort int\u00e9rieur &amp; entretien facile<\/h3>\n<p data-start=\"2431\" data-end=\"2671\">Le bain est \u00e9quip\u00e9 d\u2019un <strong data-start=\"2455\" data-end=\"2493\">int\u00e9rieur en polypropyl\u00e8ne durable<\/strong>, choisi pour sa surface lisse, son hygi\u00e8ne optimale et son entretien minimal. Plusieurs couleurs sont disponibles afin d\u2019harmoniser l\u2019int\u00e9rieur avec votre am\u00e9nagement ext\u00e9rieur.<\/p>\n<p data-start=\"2673\" data-end=\"2949\">Les bancs peuvent \u00eatre configur\u00e9s en version ouverte ou ferm\u00e9e, offrant un confort d\u00e9tendu pour une utilisation individuelle ou en groupe. Les parois et le fond isol\u00e9s permettent de conserver efficacement la chaleur, r\u00e9duisant le temps de chauffe et la consommation d\u2019\u00e9nergie.<\/p>\n<h3 data-start=\"2951\" data-end=\"3005\">Finition ext\u00e9rieure &amp; int\u00e9gration architecturale<\/h3>\n<p data-start=\"3006\" data-end=\"3316\">L\u2019ext\u00e9rieur peut \u00eatre habill\u00e9 en <strong data-start=\"3039\" data-end=\"3053\">Thermowood<\/strong> ou en <strong data-start=\"3060\" data-end=\"3070\">\u00e9pic\u00e9a<\/strong>, deux finitions naturelles et haut de gamme qui vieillissent \u00e9l\u00e9gamment en ext\u00e9rieur. Le design carr\u00e9 rend ce mod\u00e8le particuli\u00e8rement adapt\u00e9 aux installations encastr\u00e9es sur terrasse ou int\u00e9gr\u00e9es dans un deck, pour un rendu architectural soign\u00e9.<\/p>\n<p data-start=\"3318\" data-end=\"3467\">Des accessoires optionnels tels que couvertures isolantes, couvercles en bois ou escaliers \u00e9largis am\u00e9liorent \u00e0 la fois la praticit\u00e9 et l\u2019esth\u00e9tique.<\/p>\n<h3 data-start=\"3469\" data-end=\"3501\">Options spa &amp; technologies<\/h3>\n<p data-start=\"3502\" data-end=\"3567\">Personnalisez votre exp\u00e9rience avec des options suppl\u00e9mentaires :<\/p>\n<ul data-start=\"3569\" data-end=\"3799\">\n<li data-start=\"3569\" data-end=\"3615\">\n<p data-start=\"3571\" data-end=\"3615\">Syst\u00e8mes d\u2019hydromassage ou de bulles d\u2019air<\/p>\n<\/li>\n<li data-start=\"3616\" data-end=\"3666\">\n<p data-start=\"3618\" data-end=\"3666\">\u00c9clairage LED avec plusieurs modes de couleurs<\/p>\n<\/li>\n<li data-start=\"3667\" data-end=\"3736\">\n<p data-start=\"3669\" data-end=\"3736\">Syst\u00e8me de filtration sable\/eau dissimul\u00e9 dans un coffret en bois<\/p>\n<\/li>\n<li data-start=\"3737\" data-end=\"3799\">\n<p data-start=\"3739\" data-end=\"3799\">Contr\u00f4le WiFi du chauffage, de la filtration et du syst\u00e8me<\/p>\n<\/li>\n<\/ul>\n<p data-start=\"3801\" data-end=\"3915\">Ces options transforment le bain en un v\u00e9ritable spa ext\u00e9rieur, tout en conservant un design \u00e9pur\u00e9 et minimaliste.<\/p>\n<h3 data-start=\"3917\" data-end=\"3952\">Con\u00e7u pour un plaisir durable<\/h3>\n<p data-start=\"3953\" data-end=\"4211\">Pens\u00e9 pour une utilisation quotidienne, le <strong data-start=\"3996\" data-end=\"4023\">TimberIN Nordic Square\u2122<\/strong> int\u00e8gre des solutions de vidange pratiques avec sorties d\u2019eau externes pour des renouvellements rapides et simples. Chaque d\u00e9tail est \u00e9tudi\u00e9 pour \u00e9quilibrer design, confort et durabilit\u00e9.<\/p>\n<p data-start=\"4213\" data-end=\"4451\">Qu\u2019il soit utilis\u00e9 comme \u00e9l\u00e9ment central d\u2019un jardin moderne, spa encastr\u00e9 sur terrasse ou am\u00e9lioration bien-\u00eatre haut de gamme, ce bain nordique carr\u00e9 offre une exp\u00e9rience de baignade ext\u00e9rieure raffin\u00e9e, port\u00e9e par la chaleur naturelle.<\/p>\n<h3 data-start=\"4453\" data-end=\"4499\">Configurez votre TimberIN Nordic Square\u2122<\/h3>\n<p data-start=\"4500\" data-end=\"4702\" data-is-last-node=\"\" data-is-only-node=\"\">S\u00e9lectionnez la taille, le syst\u00e8me de chauffage, la couleur int\u00e9rieure, le bardage et les accessoires souhait\u00e9s dans la section <strong data-start=\"4628\" data-end=\"4652\">Options et Variantes<\/strong> ci-dessous afin de cr\u00e9er la configuration id\u00e9ale.<\/p>\n","protected":false},"excerpt":{"rendered":"<p style=\"text-align: left;\"><strong data-start=\"0\" data-end=\"27\" data-is-only-node=\"\">TimberIN Nordic Square\u2122<\/strong> est un bain nordique carr\u00e9 moderne, con\u00e7u pour ceux qui appr\u00e9cient une architecture \u00e9pur\u00e9e, un espace g\u00e9n\u00e9reux et une exp\u00e9rience de baignade nordique authentique. Disponible en quatre dimensions carr\u00e9es et configurable avec un chauffage au bois, \u00e9lectrique ou hybride, ce mod\u00e8le associe un design contemporain \u00e0 des mat\u00e9riaux durables et \u00e0 des options d\u2019installation flexibles pour les jardins priv\u00e9s, les terrasses et les espaces bien-\u00eatre.<\/p>","protected":false},"featured_media":41502,"comment_status":"open","ping_status":"closed","template":"","meta":{"_uag_custom_page_level_css":""},"product_brand":[],"product_cat":[3584,3605,3644,3652,3653],"product_tag":[3313,3378,3634,3633,3380,3351,3327,3635,3341,3360,3385,3352,3637,3636,3344],"class_list":{"0":"post-6425","1":"product","2":"type-product","3":"status-publish","4":"has-post-thumbnail","6":"product_cat-bains-nordiques","7":"product_cat-bain-nordique-electrique","8":"product_cat-hybride","9":"product_cat-familial","10":"product_cat-jets-bulles","11":"product_tag-bain-nordique-bois","12":"product_tag-bain-nordique-carre","13":"product_tag-bain-nordique-chauffage-bois","14":"product_tag-bain-nordique-contemporain","15":"product_tag-bain-nordique-design","16":"product_tag-bain-nordique-electrique","17":"product_tag-bain-nordique-exterieur","18":"product_tag-bain-nordique-hybride","19":"product_tag-bain-nordique-jardin","20":"product_tag-bain-nordique-moderne","21":"product_tag-bain-nordique-premium","22":"product_tag-bain-nordique-terrasse","23":"product_tag-bain-nordique-timberin","24":"product_tag-spa-bois-exterieur","25":"product_tag-spa-nordique-exterieur","26":"pa_mesures-237","27":"pa_mesures-238","28":"pa_mesures-239","29":"pa_mesures-240","30":"pa_stoves-chauffage-electrique","31":"pa_stoves-chauffage-hybride-poele-a-bois-exterieur-chauffage-electrique","32":"pa_stoves-chauffage-hybride-poele-a-bois-interieur-chauffage-electrique","33":"pa_stoves-pas","34":"pa_stoves-outside-stainless-steel-stove","35":"pa_stoves-inside-stainless-steel-heater","36":"pa_stoves-pompe-a-chaleur-5-kw-avec-wifi","38":"first","39":"instock","40":"taxable","41":"shipping-taxable","42":"purchasable","43":"product-type-variable"},"wppr_data":{"cwp_meta_box_check":"No"},"uagb_featured_image_src":{"full":["https:\/\/www.bainnordiques.fr\/wp-content\/uploads\/2016\/03\/recdeluxe.jpg",895,678,false],"thumbnail":["https:\/\/www.bainnordiques.fr\/wp-content\/uploads\/2016\/03\/recdeluxe-150x150.jpg",150,150,true],"medium":["https:\/\/www.bainnordiques.fr\/wp-content\/uploads\/2016\/03\/recdeluxe-300x227.jpg",300,227,true],"medium_large":["https:\/\/www.bainnordiques.fr\/wp-content\/uploads\/2016\/03\/recdeluxe.jpg",null,null,true],"large":["https:\/\/www.bainnordiques.fr\/wp-content\/uploads\/2016\/03\/recdeluxe-700x530.jpg",700,530,true]},"uagb_author_info":{"display_name":"C\u00e9line BERNARD FR [V\u00c9RIFI\u00c9]","author_link":"https:\/\/www.bainnordiques.fr\/be\/author\/"},"uagb_comment_info":21,"uagb_excerpt":"TimberIN Nordic Square\u2122 est un bain nordique carr\u00e9 moderne, con\u00e7u pour ceux qui appr\u00e9cient une architecture \u00e9pur\u00e9e, un espace g\u00e9n\u00e9reux et une exp\u00e9rience de baignade nordique authentique. Disponible en quatre dimensions carr\u00e9es et configurable avec un chauffage au bois, \u00e9lectrique ou hybride, ce mod\u00e8le associe un design contemporain \u00e0 des mat\u00e9riaux durables et \u00e0 des&hellip;","_links":{"self":[{"href":"https:\/\/www.bainnordiques.fr\/be\/wp-json\/wp\/v2\/product\/6425","targetHints":{"allow":["GET"]}}],"collection":[{"href":"https:\/\/www.bainnordiques.fr\/be\/wp-json\/wp\/v2\/product"}],"about":[{"href":"https:\/\/www.bainnordiques.fr\/be\/wp-json\/wp\/v2\/types\/product"}],"replies":[{"embeddable":true,"href":"https:\/\/www.bainnordiques.fr\/be\/wp-json\/wp\/v2\/comments?post=6425"}],"wp:featuredmedia":[{"embeddable":true,"href":"https:\/\/www.bainnordiques.fr\/be\/wp-json\/wp\/v2\/media\/41502"}],"wp:attachment":[{"href":"https:\/\/www.bainnordiques.fr\/be\/wp-json\/wp\/v2\/media?parent=6425"}],"wp:term":[{"taxonomy":"product_brand","embeddable":true,"href":"https:\/\/www.bainnordiques.fr\/be\/wp-json\/wp\/v2\/product_brand?post=6425"},{"taxonomy":"product_cat","embeddable":true,"href":"https:\/\/www.bainnordiques.fr\/be\/wp-json\/wp\/v2\/product_cat?post=6425"},{"taxonomy":"product_tag","embeddable":true,"href":"https:\/\/www.bainnordiques.fr\/be\/wp-json\/wp\/v2\/product_tag?post=6425"}],"curies":[{"name":"wp","href":"https:\/\/api.w.org\/{rel}","templated":true}]}}