{"id":7004,"date":"2015-10-11T15:14:50","date_gmt":"2015-10-11T13:14:50","guid":{"rendered":"https:\/\/bainnordiques.fr\/product\/epicea-luxe\/"},"modified":"2026-04-08T21:26:58","modified_gmt":"2026-04-08T19:26:58","slug":"timberin-nordic-flex","status":"publish","type":"product","link":"https:\/\/www.bainnordiques.fr\/be\/shop\/timberin-nordic-flex\/","title":{"rendered":"TimberIN Nordic Flex\u2122"},"content":{"rendered":"<h2 data-start=\"208\" data-end=\"595\"><strong data-start=\"208\" data-end=\"233\">TimberIN Nordic Flex\u2122 \u2013 Bain nordique en bois configurable avec int\u00e9rieur en polypropyl\u00e8ne<\/strong><\/h2>\n<p data-start=\"208\" data-end=\"595\"><strong data-start=\"208\" data-end=\"233\">TimberIN Nordic Flex\u2122<\/strong> est un bain nordique en bois enti\u00e8rement configurable, con\u00e7u pour un entretien facile, une longue dur\u00e9e de vie et une flexibilit\u00e9 maximale. Gr\u00e2ce \u00e0 son rev\u00eatement int\u00e9rieur en polypropyl\u00e8ne durable, \u00e0 ses multiples options de chauffage et \u00e0 ses dimensions de <strong data-start=\"493\" data-end=\"509\">160 \u00e0 220 cm<\/strong>, il s\u2019adapte parfaitement aux jardins, maisons de vacances et locations saisonni\u00e8res.<\/p>\n<h3 data-start=\"602\" data-end=\"631\"><strong data-start=\"606\" data-end=\"631\">Dimensions &amp; capacit\u00e9<\/strong><\/h3>\n<p data-start=\"632\" data-end=\"697\">Diam\u00e8tres int\u00e9rieurs disponibles :<br data-start=\"666\" data-end=\"669\" \/><strong data-start=\"669\" data-end=\"697\">160 \/ 180 \/ 200 \/ 220 cm<\/strong><\/p>\n<p data-start=\"699\" data-end=\"806\">Convient aussi bien aux espaces compacts qu\u2019aux bains nordiques de grande capacit\u00e9 pour un usage convivial.<\/p>\n<h3 data-start=\"813\" data-end=\"841\"><strong data-start=\"817\" data-end=\"841\">Options de chauffage<\/strong><\/h3>\n<p data-start=\"842\" data-end=\"930\">Choisissez le syst\u00e8me de chauffage adapt\u00e9 \u00e0 votre environnement et \u00e0 votre mode de vie :<\/p>\n<ul data-start=\"932\" data-end=\"1035\">\n<li data-start=\"932\" data-end=\"976\">\n<p data-start=\"934\" data-end=\"976\">Po\u00eale \u00e0 bois int\u00e9gr\u00e9, interne ou externe<\/p>\n<\/li>\n<li data-start=\"977\" data-end=\"1035\">\n<p data-start=\"979\" data-end=\"1035\">Chauffage \u00e9lectrique (ind\u00e9pendant ou en syst\u00e8me hybride)<\/p>\n<\/li>\n<\/ul>\n<h3 data-start=\"1042\" data-end=\"1074\"><strong data-start=\"1046\" data-end=\"1074\">Mat\u00e9riaux &amp; construction<\/strong><\/h3>\n<ul data-start=\"1075\" data-end=\"1255\">\n<li data-start=\"1075\" data-end=\"1152\">\n<p data-start=\"1077\" data-end=\"1152\"><strong data-start=\"1077\" data-end=\"1108\">Habillage ext\u00e9rieur en bois<\/strong> : \u00e9pic\u00e9a (standard), m\u00e9l\u00e8ze ou Thermowood<\/p>\n<\/li>\n<li data-start=\"1153\" data-end=\"1255\">\n<p data-start=\"1155\" data-end=\"1255\"><strong data-start=\"1155\" data-end=\"1168\">Int\u00e9rieur<\/strong> : rev\u00eatement lisse en polypropyl\u00e8ne \u2014 hygi\u00e9nique, stable aux UV et facile \u00e0 nettoyer<\/p>\n<\/li>\n<\/ul>\n<p data-start=\"1257\" data-end=\"1328\">Con\u00e7u pour un usage ext\u00e9rieur toute l\u2019ann\u00e9e, avec un entretien minimal.<\/p>\n<h3 data-start=\"1335\" data-end=\"1367\"><strong data-start=\"1339\" data-end=\"1367\">Enti\u00e8rement configurable<\/strong><\/h3>\n<p data-start=\"1368\" data-end=\"1427\">S\u00e9lectionnez uniquement les options dont vous avez besoin :<\/p>\n<ul data-start=\"1429\" data-end=\"1583\">\n<li data-start=\"1429\" data-end=\"1454\">\n<p data-start=\"1431\" data-end=\"1454\">Couvercles et rebords<\/p>\n<\/li>\n<li data-start=\"1455\" data-end=\"1475\">\n<p data-start=\"1457\" data-end=\"1475\">Bancs et marches<\/p>\n<\/li>\n<li data-start=\"1476\" data-end=\"1489\">\n<p data-start=\"1478\" data-end=\"1489\">Isolation<\/p>\n<\/li>\n<li data-start=\"1490\" data-end=\"1542\">\n<p data-start=\"1492\" data-end=\"1542\">Syst\u00e8mes de massage, filtration et \u00e9clairage LED<\/p>\n<\/li>\n<li data-start=\"1543\" data-end=\"1583\">\n<p data-start=\"1545\" data-end=\"1583\">Commandes spa intelligentes avec Wi-Fi<\/p>\n<\/li>\n<\/ul>\n<h3 data-start=\"1590\" data-end=\"1607\"><strong data-start=\"1594\" data-end=\"1607\">Livraison<\/strong><\/h3>\n<p data-start=\"1608\" data-end=\"1661\">Livr\u00e9 <strong data-start=\"1614\" data-end=\"1638\">enti\u00e8rement assembl\u00e9<\/strong>, pr\u00eat \u00e0 \u00eatre install\u00e9.<\/p>\n<h3 data-start=\"1668\" data-end=\"1690\"><strong data-start=\"1672\" data-end=\"1690\">Avantages cl\u00e9s<\/strong><\/h3>\n<ul data-start=\"1691\" data-end=\"1895\">\n<li data-start=\"1691\" data-end=\"1757\">\n<p data-start=\"1693\" data-end=\"1757\">Rev\u00eatement int\u00e9rieur en polypropyl\u00e8ne pour un entretien r\u00e9duit<\/p>\n<\/li>\n<li data-start=\"1758\" data-end=\"1793\">\n<p data-start=\"1760\" data-end=\"1793\">Chauffage au bois ou \u00e9lectrique<\/p>\n<\/li>\n<li data-start=\"1794\" data-end=\"1824\">\n<p data-start=\"1796\" data-end=\"1824\">Dimensions de 160 \u00e0 220 cm<\/p>\n<\/li>\n<li data-start=\"1825\" data-end=\"1861\">\n<p data-start=\"1827\" data-end=\"1861\">Configuration modulaire compl\u00e8te<\/p>\n<\/li>\n<li data-start=\"1862\" data-end=\"1895\">\n<p data-start=\"1864\" data-end=\"1895\">Livraison enti\u00e8rement assembl\u00e9e<\/p>\n<\/li>\n<\/ul>\n<p data-start=\"1897\" data-end=\"2023\" data-is-last-node=\"\" data-is-only-node=\"\"><strong data-start=\"1897\" data-end=\"1922\">TimberIN Nordic Flex\u2122<\/strong> vous permet de cr\u00e9er votre bain nordique ext\u00e9rieur id\u00e9al \u2014 <strong data-start=\"1982\" data-end=\"2022\">sans payer pour des options inutiles<\/strong>.<\/p>","protected":false},"excerpt":{"rendered":"<p style=\"text-align: left;\"><strong data-start=\"86\" data-end=\"111\">TimberIN Nordic Flex\u2122<\/strong> est un bain nordique en bois enti\u00e8rement configurable, dot\u00e9 d\u2019un rev\u00eatement int\u00e9rieur en polypropyl\u00e8ne durable, con\u00e7u pour un entretien facile et une longue dur\u00e9e de vie. Disponible en diam\u00e8tres de <strong data-start=\"310\" data-end=\"326\" data-is-only-node=\"\">160 \u00e0 220 cm<\/strong>, avec chauffage <strong data-start=\"343\" data-end=\"368\">au bois ou \u00e9lectrique<\/strong>, il est livr\u00e9 <strong data-start=\"383\" data-end=\"407\">enti\u00e8rement assembl\u00e9<\/strong>. Choisissez l\u2019essence de bois, le syst\u00e8me de chauffage, l\u2019isolation et les options spa \u2014 et payez uniquement pour ce dont vous avez r\u00e9ellement besoin.<\/p>","protected":false},"featured_media":41498,"comment_status":"open","ping_status":"closed","template":"","meta":{"_uag_custom_page_level_css":""},"product_brand":[],"product_cat":[3584,3598,3644,3652,3653],"product_tag":[3366,3328,3365,3368,3370,3363,3364,3369,3367],"class_list":{"0":"post-7004","1":"product","2":"type-product","3":"status-publish","4":"has-post-thumbnail","6":"product_cat-bains-nordiques","7":"product_cat-bois-chauffage","8":"product_cat-hybride","9":"product_cat-familial","10":"product_cat-jets-bulles","11":"product_tag-bain-nordique-12-places","12":"product_tag-bain-nordique-4-places","13":"product_tag-bain-nordique-8-places","14":"product_tag-bain-nordique-bois-et-plastique","15":"product_tag-bain-nordique-durable","16":"product_tag-bain-nordique-plastique","17":"product_tag-bain-nordique-polypropylene","18":"product_tag-spa-nordique-polypropylene","19":"product_tag-spa-plastique-exterieur","20":"pa_diam-30","21":"pa_diam-28","22":"pa_diam-18","23":"pa_diam-20","24":"pa_stoves-chauffage-electrique","25":"pa_stoves-chauffage-hybride-poele-a-bois-exterieur-chauffage-electrique","26":"pa_stoves-chauffage-hybride-poele-a-bois-interieur-chauffage-electrique","27":"pa_stoves-pas","28":"pa_stoves-outside-stainless-steel-stove","29":"pa_stoves-integre-pp","30":"pa_stoves-inside-stainless-steel-heater","32":"first","33":"instock","34":"taxable","35":"shipping-taxable","36":"purchasable","37":"product-type-variable","38":"has-default-attributes"},"wppr_data":{"cwp_meta_box_check":"No"},"uagb_featured_image_src":{"full":["https:\/\/www.bainnordiques.fr\/wp-content\/uploads\/2015\/10\/ppspruce.jpg",1019,771,false],"thumbnail":["https:\/\/www.bainnordiques.fr\/wp-content\/uploads\/2015\/10\/ppspruce-150x150.jpg",150,150,true],"medium":["https:\/\/www.bainnordiques.fr\/wp-content\/uploads\/2015\/10\/ppspruce-300x227.jpg",300,227,true],"medium_large":["https:\/\/www.bainnordiques.fr\/wp-content\/uploads\/2015\/10\/ppspruce.jpg",null,null,true],"large":["https:\/\/www.bainnordiques.fr\/wp-content\/uploads\/2015\/10\/ppspruce-700x530.jpg",700,530,true]},"uagb_author_info":{"display_name":"C\u00e9line BERNARD FR [V\u00c9RIFI\u00c9]","author_link":"https:\/\/www.bainnordiques.fr\/be\/author\/"},"uagb_comment_info":9,"uagb_excerpt":"TimberIN Nordic Flex\u2122 est un bain nordique en bois enti\u00e8rement configurable, dot\u00e9 d\u2019un rev\u00eatement int\u00e9rieur en polypropyl\u00e8ne durable, con\u00e7u pour un entretien facile et une longue dur\u00e9e de vie. Disponible en diam\u00e8tres de 160 \u00e0 220 cm, avec chauffage au bois ou \u00e9lectrique, il est livr\u00e9 enti\u00e8rement assembl\u00e9. Choisissez l\u2019essence de bois, le syst\u00e8me de&hellip;","_links":{"self":[{"href":"https:\/\/www.bainnordiques.fr\/be\/wp-json\/wp\/v2\/product\/7004","targetHints":{"allow":["GET"]}}],"collection":[{"href":"https:\/\/www.bainnordiques.fr\/be\/wp-json\/wp\/v2\/product"}],"about":[{"href":"https:\/\/www.bainnordiques.fr\/be\/wp-json\/wp\/v2\/types\/product"}],"replies":[{"embeddable":true,"href":"https:\/\/www.bainnordiques.fr\/be\/wp-json\/wp\/v2\/comments?post=7004"}],"wp:featuredmedia":[{"embeddable":true,"href":"https:\/\/www.bainnordiques.fr\/be\/wp-json\/wp\/v2\/media\/41498"}],"wp:attachment":[{"href":"https:\/\/www.bainnordiques.fr\/be\/wp-json\/wp\/v2\/media?parent=7004"}],"wp:term":[{"taxonomy":"product_brand","embeddable":true,"href":"https:\/\/www.bainnordiques.fr\/be\/wp-json\/wp\/v2\/product_brand?post=7004"},{"taxonomy":"product_cat","embeddable":true,"href":"https:\/\/www.bainnordiques.fr\/be\/wp-json\/wp\/v2\/product_cat?post=7004"},{"taxonomy":"product_tag","embeddable":true,"href":"https:\/\/www.bainnordiques.fr\/be\/wp-json\/wp\/v2\/product_tag?post=7004"}],"curies":[{"name":"wp","href":"https:\/\/api.w.org\/{rel}","templated":true}]}}