{"id":7411,"date":"2005-01-09T12:00:54","date_gmt":"2005-01-09T10:00:54","guid":{"rendered":"https:\/\/bainnordiques.fr\/product\/wellness-basic\/"},"modified":"2026-04-08T21:26:58","modified_gmt":"2026-04-08T19:26:58","slug":"bain-nordique-timberin-nordic-snorkel-compact","status":"publish","type":"product","link":"https:\/\/www.bainnordiques.fr\/be\/shop\/bain-nordique-timberin-nordic-snorkel-compact\/","title":{"rendered":"TimberIN Nordic\u2122 Snorkel Compact"},"content":{"rendered":"<h2 data-start=\"128\" data-end=\"239\"><strong>TimberIN Nordic\u2122 Snorkel Compact \u2013 Bain Nordique Chauff\u00e9 au Bois pour 4 Personnes avec Po\u00eale Interne Snorkel<\/strong><\/h2>\n<p data-start=\"241\" data-end=\"662\">Le <strong data-start=\"244\" data-end=\"280\">TimberIN Nordic\u2122 Snorkel Compact<\/strong> est un <strong data-start=\"288\" data-end=\"322\">bain nordique familial compact<\/strong>, con\u00e7u pour une exp\u00e9rience authentique de baignade chauff\u00e9e au bois, avec un haut niveau de s\u00e9curit\u00e9 et d\u2019efficacit\u00e9. \u00c9quip\u00e9 d\u2019un <strong data-start=\"453\" data-end=\"493\">po\u00eale \u00e0 bois interne de type snorkel<\/strong>, ce mod\u00e8le assure une chauffe naturelle puissante tout en maintenant la flamme <strong data-start=\"573\" data-end=\"638\">enti\u00e8rement enferm\u00e9e dans une chambre de combustion verticale<\/strong>, s\u00e9par\u00e9e des baigneurs.<\/p>\n<p data-start=\"664\" data-end=\"945\">Avec un <strong data-start=\"672\" data-end=\"704\">diam\u00e8tre int\u00e9rieur de 180 cm<\/strong>, le Snorkel Compact est id\u00e9al pour <strong data-start=\"740\" data-end=\"761\">jusqu\u2019\u00e0 4 adultes<\/strong>, ce qui en fait un choix parfait pour les familles, les couples et les jardins de petite \u00e0 moyenne taille, o\u00f9 l\u2019optimisation de l\u2019espace est essentielle sans compromis sur le confort.<\/p>\n<h2 data-start=\"952\" data-end=\"1011\">Po\u00eale \u00e0 bois interne Snorkel \u2013 Chauffage s\u00fbr et efficace<\/h2>\n<p data-start=\"1013\" data-end=\"1337\">Le po\u00eale snorkel int\u00e9gr\u00e9 est positionn\u00e9 \u00e0 l\u2019int\u00e9rieur du bain, mais con\u00e7u pour <strong data-start=\"1092\" data-end=\"1144\">minimiser l\u2019empi\u00e8tement sur l\u2019espace de baignade<\/strong>. Le feu br\u00fble verticalement \u00e0 l\u2019int\u00e9rieur de la chemin\u00e9e snorkel, permettant un <strong data-start=\"1225\" data-end=\"1256\">transfert de chaleur rapide<\/strong> tout en maintenant les flammes <strong data-start=\"1288\" data-end=\"1336\">en toute s\u00e9curit\u00e9 \u00e0 l\u2019\u00e9cart des utilisateurs<\/strong>.<\/p>\n<p data-start=\"1339\" data-end=\"1363\">Cette conception offre :<\/p>\n<ul data-start=\"1364\" data-end=\"1543\">\n<li data-start=\"1364\" data-end=\"1404\">\n<p data-start=\"1366\" data-end=\"1404\">une <strong data-start=\"1370\" data-end=\"1402\">mont\u00e9e en temp\u00e9rature rapide<\/strong><\/p>\n<\/li>\n<li data-start=\"1405\" data-end=\"1448\">\n<p data-start=\"1407\" data-end=\"1448\">une <strong data-start=\"1411\" data-end=\"1446\">excellente efficacit\u00e9 thermique<\/strong><\/p>\n<\/li>\n<li data-start=\"1449\" data-end=\"1496\">\n<p data-start=\"1451\" data-end=\"1496\">une <strong data-start=\"1455\" data-end=\"1494\">s\u00e9curit\u00e9 accrue pendant la baignade<\/strong><\/p>\n<\/li>\n<li data-start=\"1497\" data-end=\"1543\">\n<p data-start=\"1499\" data-end=\"1543\">un <strong data-start=\"1502\" data-end=\"1543\">int\u00e9rieur propre et au design moderne<\/strong><\/p>\n<\/li>\n<\/ul>\n<p data-start=\"1545\" data-end=\"1756\">Le po\u00eale fonctionne <strong data-start=\"1565\" data-end=\"1590\">exclusivement au bois<\/strong>, sans n\u00e9cessiter d\u2019\u00e9lectricit\u00e9, ce qui rend le Snorkel Compact parfaitement adapt\u00e9 aux <strong data-start=\"1678\" data-end=\"1699\">sites hors r\u00e9seau<\/strong>, aux maisons de campagne et aux environnements naturels.<\/p>\n<h2 data-start=\"1763\" data-end=\"1815\">Option de chauffage hybride \u2013 Bois et \u00e9lectricit\u00e9<\/h2>\n<p data-start=\"1817\" data-end=\"2209\">Pour plus de flexibilit\u00e9, le <strong data-start=\"1846\" data-end=\"1882\">TimberIN Nordic\u2122 Snorkel Compact<\/strong> peut \u00eatre \u00e9quip\u00e9 d\u2019un <strong data-start=\"1905\" data-end=\"1944\">chauffage \u00e9lectrique compl\u00e9mentaire<\/strong>, permettant une <strong data-start=\"1961\" data-end=\"2003\">utilisation hybride bois + \u00e9lectricit\u00e9<\/strong>. Cette combinaison associe l\u2019atmosph\u00e8re authentique du feu r\u00e9el \u00e0 la praticit\u00e9 d\u2019un appoint \u00e9lectrique, particuli\u00e8rement utile pendant les mois froids ou pour un <strong data-start=\"2166\" data-end=\"2208\">contr\u00f4le plus rapide de la temp\u00e9rature<\/strong>.<\/p>\n<h2 data-start=\"2216\" data-end=\"2266\">Essences de bois haut de gamme pour l\u2019ext\u00e9rieur<\/h2>\n<p data-start=\"2268\" data-end=\"2415\">Ce mod\u00e8le est disponible avec plusieurs finitions bois de haute qualit\u00e9, permettant d\u2019adapter l\u2019esth\u00e9tique et la durabilit\u00e9 \u00e0 votre environnement :<\/p>\n<ul data-start=\"2417\" data-end=\"2764\">\n<li data-start=\"2417\" data-end=\"2506\">\n<p data-start=\"2419\" data-end=\"2506\"><strong data-start=\"2419\" data-end=\"2429\">\u00c9pic\u00e9a<\/strong> \u2013 aspect nordique classique, teinte claire, excellent rapport qualit\u00e9-prix<\/p>\n<\/li>\n<li data-start=\"2507\" data-end=\"2582\">\n<p data-start=\"2509\" data-end=\"2582\"><strong data-start=\"2509\" data-end=\"2519\">M\u00e9l\u00e8ze<\/strong> \u2013 bois plus dense avec une meilleure r\u00e9sistance \u00e0 l\u2019humidit\u00e9<\/p>\n<\/li>\n<li data-start=\"2583\" data-end=\"2699\">\n<p data-start=\"2585\" data-end=\"2699\"><strong data-start=\"2585\" data-end=\"2599\">Thermowood<\/strong> \u2013 bois trait\u00e9 thermiquement, offrant une durabilit\u00e9 accrue et une excellente stabilit\u00e9 de couleur<\/p>\n<\/li>\n<li data-start=\"2700\" data-end=\"2764\">\n<p data-start=\"2702\" data-end=\"2764\"><strong data-start=\"2702\" data-end=\"2711\">Ch\u00eane<\/strong> \u2013 finition premium au caract\u00e8re fort et distinctif<\/p>\n<\/li>\n<\/ul>\n<p data-start=\"2766\" data-end=\"2883\">Toutes les essences sont soigneusement s\u00e9lectionn\u00e9es et pr\u00e9par\u00e9es pour une <strong data-start=\"2841\" data-end=\"2882\">exposition ext\u00e9rieure de longue dur\u00e9e<\/strong>.<\/p>\n<h2 data-start=\"2890\" data-end=\"2925\">Format compact, confort familial<\/h2>\n<p data-start=\"2927\" data-end=\"3332\">Gr\u00e2ce \u00e0 son <strong data-start=\"2939\" data-end=\"2971\">diam\u00e8tre int\u00e9rieur de 180 cm<\/strong>, le Snorkel Compact offre une assise confortable pour quatre adultes tout en conservant un <strong data-start=\"3063\" data-end=\"3088\">volume d\u2019eau optimis\u00e9<\/strong> et des <strong data-start=\"3096\" data-end=\"3124\">temps de chauffe rapides<\/strong>. Cet \u00e9quilibre en fait une solution id\u00e9ale pour les <strong data-start=\"3177\" data-end=\"3195\">jardins priv\u00e9s<\/strong>, les <strong data-start=\"3201\" data-end=\"3227\">r\u00e9sidences de vacances<\/strong> et les <strong data-start=\"3235\" data-end=\"3253\">biens locatifs<\/strong>, o\u00f9 la simplicit\u00e9 d\u2019utilisation et l\u2019efficacit\u00e9 \u00e9nerg\u00e9tique sont primordiales.<\/p>\n<h2 data-start=\"3339\" data-end=\"3386\">Con\u00e7u pour le bien-\u00eatre naturel en ext\u00e9rieur<\/h2>\n<p data-start=\"3388\" data-end=\"3813\">Le <strong data-start=\"3391\" data-end=\"3427\">TimberIN Nordic\u2122 Snorkel Compact<\/strong> se concentre sur l\u2019essentiel : un <strong data-start=\"3462\" data-end=\"3495\">chauffage au feu de bois r\u00e9el<\/strong>, une <strong data-start=\"3501\" data-end=\"3520\">conception s\u00fbre<\/strong>, des <strong data-start=\"3526\" data-end=\"3548\">mat\u00e9riaux durables<\/strong> et un <strong data-start=\"3555\" data-end=\"3584\">design intemporel en bois<\/strong>. Il constitue une solution pratique et fiable pour la baignade en ext\u00e9rieur toute l\u2019ann\u00e9e, avec des <strong data-start=\"3685\" data-end=\"3716\">co\u00fbts d\u2019utilisation r\u00e9duits<\/strong> et une <strong data-start=\"3724\" data-end=\"3767\">ind\u00e9pendance vis-\u00e0-vis de l\u2019\u00e9lectricit\u00e9<\/strong> par rapport aux spas enti\u00e8rement \u00e9lectriques.<\/p>\n<p data-start=\"3815\" data-end=\"4065\">Que ce soit pour la d\u00e9tente en famille, des soir\u00e9es calmes ou des moments conviviaux le week-end, ce <strong data-start=\"3916\" data-end=\"3957\">bain nordique compact chauff\u00e9 au bois<\/strong> offre une v\u00e9ritable exp\u00e9rience nordique dans un format parfaitement adapt\u00e9 aux espaces ext\u00e9rieurs modernes.<\/p>","protected":false},"excerpt":{"rendered":"<p data-start=\"109\" data-end=\"433\">Le <strong data-start=\"112\" data-end=\"148\">TimberIN Nordic\u2122 Snorkel Compact<\/strong> est un <strong data-start=\"156\" data-end=\"197\">bain nordique compact chauff\u00e9 au bois<\/strong>, con\u00e7u pour accueillir <strong data-start=\"221\" data-end=\"242\">jusqu\u2019\u00e0 4 adultes<\/strong>. \u00c9quip\u00e9 d\u2019un <strong data-start=\"256\" data-end=\"293\">po\u00eale \u00e0 bois interne type snorkel<\/strong> pour un chauffage s\u00fbr et efficace, il offre une <strong data-start=\"342\" data-end=\"389\">exp\u00e9rience de baignade nordique authentique<\/strong> dans un format <strong data-start=\"405\" data-end=\"432\">gain de place de 180 cm<\/strong>.<\/p>\n<p data-start=\"435\" data-end=\"653\">Disponible en <strong data-start=\"449\" data-end=\"488\">\u00e9pic\u00e9a, m\u00e9l\u00e8ze, Thermowood ou ch\u00eane<\/strong>, ce mod\u00e8le peut \u00e9galement \u00eatre configur\u00e9 avec une <strong data-start=\"539\" data-end=\"573\">option de chauffage \u00e9lectrique<\/strong> pour un <strong data-start=\"582\" data-end=\"618\">usage hybride bois + \u00e9lectricit\u00e9<\/strong>, alliant tradition et flexibilit\u00e9.<\/p>","protected":false},"featured_media":41500,"comment_status":"open","ping_status":"closed","template":"","meta":{"_uag_custom_page_level_css":""},"product_brand":[],"product_cat":[3584,3598,296],"product_tag":[3332,3316,3313,3602,3601,3345,3323,3327,3383,3603,3600,3341,3599,3578,3563],"class_list":{"0":"post-7411","1":"product","2":"type-product","3":"status-publish","4":"has-post-thumbnail","6":"product_cat-bains-nordiques","7":"product_cat-bois-chauffage","8":"product_cat-bains-nordiques-pour-2-personnes-petit","9":"product_tag-bain-nordique","10":"product_tag-bain-nordique-4-personnes","11":"product_tag-bain-nordique-bois","12":"product_tag-bain-nordique-bois-et-electrique","13":"product_tag-bain-nordique-chauffage-hybride","14":"product_tag-bain-nordique-chauffe-au-bois","15":"product_tag-bain-nordique-compact","16":"product_tag-bain-nordique-exterieur","17":"product_tag-bain-nordique-familial","18":"product_tag-bain-nordique-gain-de-place","19":"product_tag-bain-nordique-hors-reseau","20":"product_tag-bain-nordique-jardin","21":"product_tag-bain-nordique-poele-interne","22":"product_tag-bain-nordique-traditionnel","23":"product_tag-poele-snorkel-bain-nordique","24":"pa_stoves-bois-el","25":"pa_stoves-inside-stainless-steel-heater","26":"pa_woodtype-chene-de-siberie","27":"pa_woodtype-spruce","28":"pa_woodtype-larch","29":"pa_woodtype-thermo","31":"first","32":"instock","33":"taxable","34":"shipping-taxable","35":"purchasable","36":"product-type-variable"},"wppr_data":{"cwp_meta_box_check":"No"},"uagb_featured_image_src":{"full":["https:\/\/www.bainnordiques.fr\/wp-content\/uploads\/2016\/03\/wellnessbasic.jpg",831,737,false],"thumbnail":["https:\/\/www.bainnordiques.fr\/wp-content\/uploads\/2016\/03\/wellnessbasic-150x150.jpg",150,150,true],"medium":["https:\/\/www.bainnordiques.fr\/wp-content\/uploads\/2016\/03\/wellnessbasic-300x266.jpg",300,266,true],"medium_large":["https:\/\/www.bainnordiques.fr\/wp-content\/uploads\/2016\/03\/wellnessbasic.jpg",null,null,true],"large":["https:\/\/www.bainnordiques.fr\/wp-content\/uploads\/2016\/03\/wellnessbasic-700x621.jpg",700,621,true]},"uagb_author_info":{"display_name":"C\u00e9line BERNARD FR [V\u00c9RIFI\u00c9]","author_link":"https:\/\/www.bainnordiques.fr\/be\/author\/"},"uagb_comment_info":22,"uagb_excerpt":"Le TimberIN Nordic\u2122 Snorkel Compact est un bain nordique compact chauff\u00e9 au bois, con\u00e7u pour accueillir jusqu\u2019\u00e0 4 adultes. \u00c9quip\u00e9 d\u2019un po\u00eale \u00e0 bois interne type snorkel pour un chauffage s\u00fbr et efficace, il offre une exp\u00e9rience de baignade nordique authentique dans un format gain de place de 180 cm. Disponible en \u00e9pic\u00e9a, m\u00e9l\u00e8ze, Thermowood&hellip;","_links":{"self":[{"href":"https:\/\/www.bainnordiques.fr\/be\/wp-json\/wp\/v2\/product\/7411","targetHints":{"allow":["GET"]}}],"collection":[{"href":"https:\/\/www.bainnordiques.fr\/be\/wp-json\/wp\/v2\/product"}],"about":[{"href":"https:\/\/www.bainnordiques.fr\/be\/wp-json\/wp\/v2\/types\/product"}],"replies":[{"embeddable":true,"href":"https:\/\/www.bainnordiques.fr\/be\/wp-json\/wp\/v2\/comments?post=7411"}],"wp:featuredmedia":[{"embeddable":true,"href":"https:\/\/www.bainnordiques.fr\/be\/wp-json\/wp\/v2\/media\/41500"}],"wp:attachment":[{"href":"https:\/\/www.bainnordiques.fr\/be\/wp-json\/wp\/v2\/media?parent=7411"}],"wp:term":[{"taxonomy":"product_brand","embeddable":true,"href":"https:\/\/www.bainnordiques.fr\/be\/wp-json\/wp\/v2\/product_brand?post=7411"},{"taxonomy":"product_cat","embeddable":true,"href":"https:\/\/www.bainnordiques.fr\/be\/wp-json\/wp\/v2\/product_cat?post=7411"},{"taxonomy":"product_tag","embeddable":true,"href":"https:\/\/www.bainnordiques.fr\/be\/wp-json\/wp\/v2\/product_tag?post=7411"}],"curies":[{"name":"wp","href":"https:\/\/api.w.org\/{rel}","templated":true}]}}