{"id":7605,"date":"2015-12-03T10:25:10","date_gmt":"2015-12-03T08:25:10","guid":{"rendered":"https:\/\/bainnordiques.fr\/product\/jeu-de-lentretien-de-leau\/"},"modified":"2026-04-08T21:26:52","modified_gmt":"2026-04-08T19:26:52","slug":"jeu-de-lentretien-de-leau","status":"publish","type":"product","link":"https:\/\/www.bainnordiques.fr\/be\/shop\/jeu-de-lentretien-de-leau\/","title":{"rendered":"Jeu de l&rsquo;entretien de l&rsquo;eau"},"content":{"rendered":"<h2 style=\"text-align: justify;\"><strong><em>Jeu de l&rsquo;entretien de l&rsquo;eau:<\/em><\/strong><\/h2>\n<p style=\"text-align: justify;\"><div class=\"border-line\"><\/div>\n<h3 style=\"text-align: justify;\"><strong>Spa Tout-en-un:<\/strong><\/h3>\n<p style=\"text-align: justify;\">La r\u00e9ponse, c\u2019est AquaFinesse ! En un traitement unique hebdomadaire, formule brevet\u00e9e et \u00e9cologique prend le probl\u00e8me \u00e0 la racine, en d\u00e9collant cette couche de mati\u00e8res visqueuses des parois, celle-ci est ensuite \u00e9limin\u00e9e sous l\u2019action de l\u2019eau et sa reformation est \u00e9vit\u00e9e. R\u00e9sultat, le taux de bact\u00e9ries est fortement r\u00e9duit, seule une quantit\u00e9 minimum de d\u00e9sinfectant reste n\u00e9cessaire !<\/p>\n<p style=\"text-align: justify;\"><strong><em>Respectueux de l&rsquo;environnement, sans danger pour votre sant\u00e9 et doux pour la peau.<\/em><\/strong><\/p>\n<p style=\"text-align: justify;\"><strong><em>\u00a0<\/em><\/strong><em>La technologie:<\/em><em>\u00a0<\/em><\/p>\n<p style=\"text-align: justify;\"><em>Facile:<\/em><\/p>\n<p style=\"text-align: justify;\"><em>L\u2019entretien de l\u2019eau des spas, jacuzzis et piscines est souvent difficile en raison, entre autres, de calculs compliqu\u00e9s de la valeur du pH et de l\u2019alcalinit\u00e9. AquafinesseTM, produit d\u2019entretien de l\u2019eau tout en un, facilite l\u2019entretien de l\u2019eau et vous fait \u00e9conomiser un temps pr\u00e9cieux.<\/em><\/p>\n<p style=\"text-align: justify;\"><em>\u00a0<\/em><em>Eau pure:<\/em><\/p>\n<p style=\"text-align: justify;\"><em>La qualit\u00e9 de l\u2019eau du spa, du jacuzzi est primordiale. Non seulement pour des raisons d\u2019hygi\u00e8ne et de s\u00e9curit\u00e9, mais aussi parce qu\u2019un bon entretien prolonge la dur\u00e9e de vie de votre spa, jacuzzi ou piscine. AquafinesseTM utilise une technologie innovatrice qui s\u2019attaque au milieu de culture des bact\u00e9ries. L\u2019utilisation d\u2019AquafinesseTM une seule fois par semaine permet de garder une eau cristalline et pr\u00e9vient la r\u00e9apparition des bact\u00e9ries.<\/em><\/p>\n<p style=\"text-align: justify;\"><em>\u00a0<\/em><em>Vert et sain:<\/em><\/p>\n<p style=\"text-align: justify;\"><em>AquafinesseTM respecte l\u2019environnement, n\u2019est pas dangereux pour la sant\u00e9 et est doux pour la peau. Son odeur agr\u00e9able provient de la lavande biologique cultiv\u00e9e dans la campagne fran\u00e7aise.<\/em><\/p>","protected":false},"excerpt":{"rendered":"<p style=\"text-align: right;\"><strong>[Incl. % TVA]<\/strong><\/p>\n<p style=\"text-align: right;\"><span style=\"color: #ff0000;\"><strong>*Frais d&rsquo;exp\u00e9dition: inclus<\/strong><\/span><br \/>\n*Livraison: ~5-10 jours ouvr\u00e9s<\/p>\n<p style=\"text-align: right;\">[credit cards=\"paypal,visa,mastercard\"]<\/p>\n","protected":false},"featured_media":31173,"comment_status":"closed","ping_status":"closed","template":"","meta":{"_uag_custom_page_level_css":""},"product_brand":[],"product_cat":[280],"product_tag":[],"class_list":{"0":"post-7605","1":"product","2":"type-product","3":"status-publish","4":"has-post-thumbnail","6":"product_cat-accessoires","8":"first","9":"instock","10":"taxable","11":"shipping-taxable","12":"purchasable","13":"product-type-simple"},"wppr_data":{"cwp_meta_box_check":"No"},"uagb_featured_image_src":{"full":["https:\/\/www.bainnordiques.fr\/wp-content\/uploads\/2015\/12\/Jeu-de-l\u2019entretien-de-l\u2019eau.png",868,689,false],"thumbnail":["https:\/\/www.bainnordiques.fr\/wp-content\/uploads\/2015\/12\/Jeu-de-l\u2019entretien-de-l\u2019eau-150x150.png",150,150,true],"medium":["https:\/\/www.bainnordiques.fr\/wp-content\/uploads\/2015\/12\/Jeu-de-l\u2019entretien-de-l\u2019eau-300x238.png",300,238,true],"medium_large":["https:\/\/www.bainnordiques.fr\/wp-content\/uploads\/2015\/12\/Jeu-de-l\u2019entretien-de-l\u2019eau.png",null,null,true],"large":["https:\/\/www.bainnordiques.fr\/wp-content\/uploads\/2015\/12\/Jeu-de-l\u2019entretien-de-l\u2019eau-700x556.png",700,556,true]},"uagb_author_info":{"display_name":"C\u00e9line BERNARD FR [V\u00c9RIFI\u00c9]","author_link":"https:\/\/www.bainnordiques.fr\/be\/author\/"},"uagb_comment_info":0,"uagb_excerpt":"[Incl. % TVA] *Frais d'exp\u00e9dition: inclus *Livraison: ~5-10 jours ouvr\u00e9s [credit cards=\"paypal,visa,mastercard\"]","_links":{"self":[{"href":"https:\/\/www.bainnordiques.fr\/be\/wp-json\/wp\/v2\/product\/7605","targetHints":{"allow":["GET"]}}],"collection":[{"href":"https:\/\/www.bainnordiques.fr\/be\/wp-json\/wp\/v2\/product"}],"about":[{"href":"https:\/\/www.bainnordiques.fr\/be\/wp-json\/wp\/v2\/types\/product"}],"replies":[{"embeddable":true,"href":"https:\/\/www.bainnordiques.fr\/be\/wp-json\/wp\/v2\/comments?post=7605"}],"wp:featuredmedia":[{"embeddable":true,"href":"https:\/\/www.bainnordiques.fr\/be\/wp-json\/wp\/v2\/media\/31173"}],"wp:attachment":[{"href":"https:\/\/www.bainnordiques.fr\/be\/wp-json\/wp\/v2\/media?parent=7605"}],"wp:term":[{"taxonomy":"product_brand","embeddable":true,"href":"https:\/\/www.bainnordiques.fr\/be\/wp-json\/wp\/v2\/product_brand?post=7605"},{"taxonomy":"product_cat","embeddable":true,"href":"https:\/\/www.bainnordiques.fr\/be\/wp-json\/wp\/v2\/product_cat?post=7605"},{"taxonomy":"product_tag","embeddable":true,"href":"https:\/\/www.bainnordiques.fr\/be\/wp-json\/wp\/v2\/product_tag?post=7605"}],"curies":[{"name":"wp","href":"https:\/\/api.w.org\/{rel}","templated":true}]}}